{"id":706151,"date":"2025-08-27T15:53:03","date_gmt":"2025-08-27T12:53:03","guid":{"rendered":"https:\/\/roveyayinevi.com.tr\/index.php\/urun\/miniklere-oykuler-cicekler-ve-hamdi-dede\/"},"modified":"2026-04-16T02:14:53","modified_gmt":"2026-04-15T23:14:53","slug":"miniklere-oykuler-cicekler-ve-hamdi-dede","status":"publish","type":"product","link":"https:\/\/roveyayinevi.com.tr\/index.php\/urun\/miniklere-oykuler-cicekler-ve-hamdi-dede\/","title":{"rendered":"Miniklere \u00d6yk\u00fcler &#8211; \u00c7i\u00e7ekler ve Hamdi Dede"},"content":{"rendered":"<p>Zengin ve renkli tasar\u0131mlar\u0131yla \u00e7ocuklar\u0131m\u0131za do\u011fa, hayvanlar, bitkiler, insanlar ve ta\u015f\u0131tlarla hayat\u0131 \u00f6\u011fretiyor ve okumay\u0131 sevdiriyor. <\/p>\n","protected":false},"excerpt":{"rendered":"<p>Zengin ve renkli tasar\u0131mlar\u0131yla \u00e7ocuklar\u0131m\u0131za do\u011fa, hayvanlar, bitkiler, insanlar ve ta\u015f\u0131tlarla hayat\u0131 \u00f6\u011fretiyor ve okumay\u0131 sevdiriyor.<\/p>\n","protected":false},"featured_media":0,"template":"","meta":{"_monsterinsights_skip_tracking":false,"_monsterinsights_sitenote_active":false,"_monsterinsights_sitenote_note":"","_monsterinsights_sitenote_category":0},"product_brand":[],"product_cat":[12913,12274],"product_tag":[],"class_list":{"0":"post-706151","1":"product","2":"type-product","3":"status-publish","5":"product_cat-3-6-yas-kitaplari","6":"product_cat-cocuk-ve-genclik-kitaplari","7":"pa_cilt-ciltsiz","8":"pa_tur-kitap","9":"pa_yayinevi-cilek-kitaplar","10":"pa_yazar-nalan-aktas-sonmez","12":"first","13":"instock","14":"sale","15":"shipping-taxable","16":"purchasable","17":"product-type-simple"},"_links":{"self":[{"href":"https:\/\/roveyayinevi.com.tr\/index.php\/wp-json\/wp\/v2\/product\/706151","targetHints":{"allow":["GET"]}}],"collection":[{"href":"https:\/\/roveyayinevi.com.tr\/index.php\/wp-json\/wp\/v2\/product"}],"about":[{"href":"https:\/\/roveyayinevi.com.tr\/index.php\/wp-json\/wp\/v2\/types\/product"}],"wp:attachment":[{"href":"https:\/\/roveyayinevi.com.tr\/index.php\/wp-json\/wp\/v2\/media?parent=706151"}],"wp:term":[{"taxonomy":"product_brand","embeddable":true,"href":"https:\/\/roveyayinevi.com.tr\/index.php\/wp-json\/wp\/v2\/product_brand?post=706151"},{"taxonomy":"product_cat","embeddable":true,"href":"https:\/\/roveyayinevi.com.tr\/index.php\/wp-json\/wp\/v2\/product_cat?post=706151"},{"taxonomy":"product_tag","embeddable":true,"href":"https:\/\/roveyayinevi.com.tr\/index.php\/wp-json\/wp\/v2\/product_tag?post=706151"}],"curies":[{"name":"wp","href":"https:\/\/api.w.org\/{rel}","templated":true}]}}