{"id":706146,"date":"2025-08-27T15:53:01","date_gmt":"2025-08-27T12:53:01","guid":{"rendered":"https:\/\/roveyayinevi.com.tr\/index.php\/urun\/gelisim-ve-ogrenme-psikolojisi\/"},"modified":"2026-04-16T02:14:53","modified_gmt":"2026-04-15T23:14:53","slug":"gelisim-ve-ogrenme-psikolojisi","status":"publish","type":"product","link":"https:\/\/roveyayinevi.com.tr\/index.php\/urun\/gelisim-ve-ogrenme-psikolojisi\/","title":{"rendered":"Geli\u015fim ve \u00d6\u011frenme Psikolojisi"},"content":{"rendered":"<p>Bu kitap \u00f6\u011frencilerin geli\u015fimlerini tan\u0131yarak, onlar\u0131n t\u00fcm y\u00f6nleriyle sa\u011fl\u0131kl\u0131 geli\u015febilmelerine yard\u0131mc\u0131 olmak ve \u00f6\u011frencilerine uygun \u00f6\u011frenme ya\u015fant\u0131lar\u0131 kazand\u0131rmak i\u00e7in geli\u015fim ve \u00f6\u011frenme ilkeleri do\u011frultusunda d\u00fczenlemek g\u00f6revini \u00fcstlenmi\u015f olan \u00f6\u011fretmenler ve bu g\u00f6revi \u00fcstlenmek istek ve azmi ile yola \u00e7\u0131kan \u00f6\u011fretmen adaylar\u0131na y\u00f6nelik olarak yaz\u0131lm\u0131\u015ft\u0131r. Bu ama\u00e7la elinizdeki kitap \u00fcniversitelerin \u00f6\u011fretmenlik programlar\u0131ndaki &#8220;\u00f6\u011fretmen adaylar\u0131&#8221; i\u00e7in Y\u00d6K \u00fcn \u00f6\u011fretmenlik programlar\u0131 i\u00e7inde yer alan &#8220;geli\u015fim ve \u00f6\u011frenme&#8221; dersinde kullan\u0131labilecek bir kaynak olarak tasarlanm\u0131\u015ft\u0131r. Ayr\u0131ca bu kitap \u00e7ocu\u011fun geli\u015fim ve \u00f6\u011frenme s\u00fcrecini tan\u0131yarak onunla bilin\u00e7li bir etkile\u015fim kurmak isteyen anne ve babalara katk\u0131da bulunmay\u0131 ama\u00e7lamaktad\u0131r. \ufffcTan\u0131t\u0131m Metni<\/p>\n","protected":false},"excerpt":{"rendered":"<p>Bu kitap \u00f6\u011frencilerin geli\u015fimlerini tan\u0131yarak, onlar\u0131n t\u00fcm y\u00f6nleriyle sa\u011fl\u0131kl\u0131 geli\u015febilmelerine yard\u0131mc\u0131 olmak ve \u00f6\u011frencilerine uygun \u00f6\u011frenme ya\u015fant\u0131lar\u0131 kazand\u0131rmak i\u00e7in geli\u015fim ve \u00f6\u011frenme ilkeleri do\u011frultusunda d\u00fczenlemek g\u00f6revini<span class=\"excerpt-hellip\"> [\u2026]<\/span><\/p>\n","protected":false},"featured_media":0,"template":"","meta":{"_monsterinsights_skip_tracking":false,"_monsterinsights_sitenote_active":false,"_monsterinsights_sitenote_note":"","_monsterinsights_sitenote_category":0},"product_brand":[],"product_cat":[12679,12357],"product_tag":[],"class_list":{"0":"post-706146","1":"product","2":"type-product","3":"status-publish","5":"product_cat-cocuk-psikolojisi","6":"product_cat-psikoloji","7":"pa_cilt-ciltsiz","8":"pa_tur-kitap","9":"pa_yayinevi-ani-yayincilik","10":"pa_yazar-ayten-ulusoy","12":"first","13":"instock","14":"sale","15":"shipping-taxable","16":"purchasable","17":"product-type-simple"},"_links":{"self":[{"href":"https:\/\/roveyayinevi.com.tr\/index.php\/wp-json\/wp\/v2\/product\/706146","targetHints":{"allow":["GET"]}}],"collection":[{"href":"https:\/\/roveyayinevi.com.tr\/index.php\/wp-json\/wp\/v2\/product"}],"about":[{"href":"https:\/\/roveyayinevi.com.tr\/index.php\/wp-json\/wp\/v2\/types\/product"}],"wp:attachment":[{"href":"https:\/\/roveyayinevi.com.tr\/index.php\/wp-json\/wp\/v2\/media?parent=706146"}],"wp:term":[{"taxonomy":"product_brand","embeddable":true,"href":"https:\/\/roveyayinevi.com.tr\/index.php\/wp-json\/wp\/v2\/product_brand?post=706146"},{"taxonomy":"product_cat","embeddable":true,"href":"https:\/\/roveyayinevi.com.tr\/index.php\/wp-json\/wp\/v2\/product_cat?post=706146"},{"taxonomy":"product_tag","embeddable":true,"href":"https:\/\/roveyayinevi.com.tr\/index.php\/wp-json\/wp\/v2\/product_tag?post=706146"}],"curies":[{"name":"wp","href":"https:\/\/api.w.org\/{rel}","templated":true}]}}