{"id":706138,"date":"2025-08-27T15:52:57","date_gmt":"2025-08-27T12:52:57","guid":{"rendered":"https:\/\/roveyayinevi.com.tr\/index.php\/urun\/muhtesem-gatsby-4\/"},"modified":"2026-04-16T02:14:53","modified_gmt":"2026-04-15T23:14:53","slug":"muhtesem-gatsby-4","status":"publish","type":"product","link":"https:\/\/roveyayinevi.com.tr\/index.php\/urun\/muhtesem-gatsby-4\/","title":{"rendered":"Muhte\u015fem Gatsby"},"content":{"rendered":"<p>Muhte\u015fem Gatsby yaln\u0131zca Fitzgerald\u2019\u0131n en parlak yap\u0131t\u0131 de\u011fil, ayn\u0131 zamanda 20. Y\u00fczy\u0131l Amerikan edebiyat\u0131n\u0131n en iyi romanlar\u0131ndan biridir. Kahraman\u0131 Jay Gatsby\u2019nin Long Island\u2019da bir malikanede s\u00fcrd\u00fcrd\u00fc\u011f\u00fc debdebeli ya\u015fam tarz\u0131, \u201cCaz \u00c7a\u011f\u0131\u201d olarak bilinen 1920\u2019li y\u0131llar\u0131 b\u00fct\u00fcn co\u015fkusu, a\u015f\u0131r\u0131l\u0131klar\u0131, \u015fiddeti ve \u00e7\u00f6k\u00fc\u015f\u00fcyle yans\u0131t\u0131r.<\/p>\n","protected":false},"excerpt":{"rendered":"<p>Muhte\u015fem Gatsby yaln\u0131zca Fitzgerald\u2019\u0131n en parlak yap\u0131t\u0131 de\u011fil, ayn\u0131 zamanda 20. Y\u00fczy\u0131l Amerikan edebiyat\u0131n\u0131n en iyi romanlar\u0131ndan biridir. Kahraman\u0131 Jay Gatsby\u2019nin Long Island\u2019da bir malikanede s\u00fcrd\u00fcrd\u00fc\u011f\u00fc<span class=\"excerpt-hellip\"> [\u2026]<\/span><\/p>\n","protected":false},"featured_media":0,"template":"","meta":{"_monsterinsights_skip_tracking":false,"_monsterinsights_sitenote_active":false,"_monsterinsights_sitenote_note":"","_monsterinsights_sitenote_category":0},"product_brand":[],"product_cat":[12891,12291],"product_tag":[],"class_list":{"0":"post-706138","1":"product","2":"type-product","3":"status-publish","5":"product_cat-amerikan-edebiyati","6":"product_cat-edebiyat","7":"pa_cilt-ciltsiz","8":"pa_tur-kitap","9":"pa_yayinevi-is-bankasi-kultur-yayinlari","10":"pa_yazar-francis-scott-key-fitzgerald","12":"first","13":"instock","14":"sale","15":"shipping-taxable","16":"purchasable","17":"product-type-simple"},"_links":{"self":[{"href":"https:\/\/roveyayinevi.com.tr\/index.php\/wp-json\/wp\/v2\/product\/706138","targetHints":{"allow":["GET"]}}],"collection":[{"href":"https:\/\/roveyayinevi.com.tr\/index.php\/wp-json\/wp\/v2\/product"}],"about":[{"href":"https:\/\/roveyayinevi.com.tr\/index.php\/wp-json\/wp\/v2\/types\/product"}],"wp:attachment":[{"href":"https:\/\/roveyayinevi.com.tr\/index.php\/wp-json\/wp\/v2\/media?parent=706138"}],"wp:term":[{"taxonomy":"product_brand","embeddable":true,"href":"https:\/\/roveyayinevi.com.tr\/index.php\/wp-json\/wp\/v2\/product_brand?post=706138"},{"taxonomy":"product_cat","embeddable":true,"href":"https:\/\/roveyayinevi.com.tr\/index.php\/wp-json\/wp\/v2\/product_cat?post=706138"},{"taxonomy":"product_tag","embeddable":true,"href":"https:\/\/roveyayinevi.com.tr\/index.php\/wp-json\/wp\/v2\/product_tag?post=706138"}],"curies":[{"name":"wp","href":"https:\/\/api.w.org\/{rel}","templated":true}]}}