{"id":706134,"date":"2025-08-27T15:52:55","date_gmt":"2025-08-27T12:52:55","guid":{"rendered":"https:\/\/roveyayinevi.com.tr\/index.php\/urun\/nasil-rahibe-oldum\/"},"modified":"2026-04-16T02:14:53","modified_gmt":"2026-04-15T23:14:53","slug":"nasil-rahibe-oldum","status":"publish","type":"product","link":"https:\/\/roveyayinevi.com.tr\/index.php\/urun\/nasil-rahibe-oldum\/","title":{"rendered":"Nas\u0131l Rahibe Oldum"},"content":{"rendered":"<p>Hikayem, yani   nas\u0131l rahibe oldu\u011fumun   hikayesi, ya\u015fam\u0131m\u0131n erken bir d\u00f6neminde ba\u015flad\u0131; alt\u0131 ya\u015f\u0131m\u0131 daha yeni bitirmi\u015ftim. Bu ba\u015flang\u0131\u00e7 haf\u0131zama \u00f6yle bir kaz\u0131nd\u0131 ki h\u00e2l\u00e2 en ince ayr\u0131nt\u0131s\u0131na kadar g\u00f6z\u00fcmde canland\u0131rabiliyorum. \u00d6ncesine dair hi\u00e7bir \u015fey hat\u0131rlam\u0131yorum; sonras\u0131ndaysa her \u015fey canl\u0131 ve uyku anlar\u0131n\u0131 dahi kapsayan tek bir hat\u0131raya d\u00f6n\u00fc\u015f\u00fcyor, en sonunda da rahibe giysisini s\u0131rt\u0131ma ge\u00e7iriyorum. <\/p>\n","protected":false},"excerpt":{"rendered":"<p>Hikayem, yani nas\u0131l rahibe oldu\u011fumun hikayesi, ya\u015fam\u0131m\u0131n erken bir d\u00f6neminde ba\u015flad\u0131; alt\u0131 ya\u015f\u0131m\u0131 daha yeni bitirmi\u015ftim. Bu ba\u015flang\u0131\u00e7 haf\u0131zama \u00f6yle bir kaz\u0131nd\u0131 ki h\u00e2l\u00e2 en ince<span class=\"excerpt-hellip\"> [\u2026]<\/span><\/p>\n","protected":false},"featured_media":0,"template":"","meta":{"_monsterinsights_skip_tracking":false,"_monsterinsights_sitenote_active":false,"_monsterinsights_sitenote_note":"","_monsterinsights_sitenote_category":0},"product_brand":[],"product_cat":[12291,12711],"product_tag":[],"class_list":{"0":"post-706134","1":"product","2":"type-product","3":"status-publish","5":"product_cat-edebiyat","6":"product_cat-roman-oyku","7":"pa_cilt-ciltsiz","8":"pa_tur-kitap","9":"pa_yayinevi-can-yayinlari","10":"pa_yazar-cesar-aira","12":"first","13":"instock","14":"sale","15":"shipping-taxable","16":"purchasable","17":"product-type-simple"},"_links":{"self":[{"href":"https:\/\/roveyayinevi.com.tr\/index.php\/wp-json\/wp\/v2\/product\/706134","targetHints":{"allow":["GET"]}}],"collection":[{"href":"https:\/\/roveyayinevi.com.tr\/index.php\/wp-json\/wp\/v2\/product"}],"about":[{"href":"https:\/\/roveyayinevi.com.tr\/index.php\/wp-json\/wp\/v2\/types\/product"}],"wp:attachment":[{"href":"https:\/\/roveyayinevi.com.tr\/index.php\/wp-json\/wp\/v2\/media?parent=706134"}],"wp:term":[{"taxonomy":"product_brand","embeddable":true,"href":"https:\/\/roveyayinevi.com.tr\/index.php\/wp-json\/wp\/v2\/product_brand?post=706134"},{"taxonomy":"product_cat","embeddable":true,"href":"https:\/\/roveyayinevi.com.tr\/index.php\/wp-json\/wp\/v2\/product_cat?post=706134"},{"taxonomy":"product_tag","embeddable":true,"href":"https:\/\/roveyayinevi.com.tr\/index.php\/wp-json\/wp\/v2\/product_tag?post=706134"}],"curies":[{"name":"wp","href":"https:\/\/api.w.org\/{rel}","templated":true}]}}