{"id":706133,"date":"2025-08-27T15:52:55","date_gmt":"2025-08-27T12:52:55","guid":{"rendered":"https:\/\/roveyayinevi.com.tr\/index.php\/urun\/freud-ve-psikanaliz\/"},"modified":"2026-04-16T02:14:53","modified_gmt":"2026-04-15T23:14:53","slug":"freud-ve-psikanaliz","status":"publish","type":"product","link":"https:\/\/roveyayinevi.com.tr\/index.php\/urun\/freud-ve-psikanaliz\/","title":{"rendered":"Freud ve Psikanaliz"},"content":{"rendered":"<p>Jung ve Freud 1912\u2019ye kadar \u00e7ok yak\u0131n bir i\u015fbirli\u011fi i\u00e7inde oldu, devaml\u0131 mektupla\u015f\u0131yorlard\u0131 ve Jung Freud\u2019un fikirlerini \u00e7e\u015fitli \u015fekillerde 1904\u2019ten beri zaten uyguluyordu. Jung, Uluslararas\u0131 Psikanaliz Derne\u011finin ba\u015fkanl\u0131\u011f\u0131n\u0131 1914\u2019e kadar s\u00fcrd\u00fcrd\u00fc ancak ikili birbirinden uzakla\u015fmaya ba\u015flam\u0131\u015ft\u0131. Bu cildin I. K\u0131sm\u0131 Jung\u2019un Freud\u2019la yak\u0131n ve \u201cco\u015fkulu\u201d i\u015fbirli\u011fi i\u00e7inde oldu\u011fu d\u00f6nemi kapsar; II. ve III. K\u0131s\u0131mlardaki makaleler resmen ayr\u0131l\u0131\u011fa g\u00f6t\u00fcren ele\u015ftirilerin ana hatlar\u0131n\u0131 i\u00e7erir. IV. K\u0131s\u0131m ise Freud ve Jung aras\u0131ndaki do\u011frudan kar\u015f\u0131la\u015ft\u0131rmalardan olu\u015fur.<\/p>\n","protected":false},"excerpt":{"rendered":"<p>Jung ve Freud 1912\u2019ye kadar \u00e7ok yak\u0131n bir i\u015fbirli\u011fi i\u00e7inde oldu, devaml\u0131 mektupla\u015f\u0131yorlard\u0131 ve Jung Freud\u2019un fikirlerini \u00e7e\u015fitli \u015fekillerde 1904\u2019ten beri zaten uyguluyordu. Jung, Uluslararas\u0131 Psikanaliz<span class=\"excerpt-hellip\"> [\u2026]<\/span><\/p>\n","protected":false},"featured_media":0,"template":"","meta":{"_monsterinsights_skip_tracking":false,"_monsterinsights_sitenote_active":false,"_monsterinsights_sitenote_note":"","_monsterinsights_sitenote_category":0},"product_brand":[],"product_cat":[12358,12357],"product_tag":[],"class_list":{"0":"post-706133","1":"product","2":"type-product","3":"status-publish","5":"product_cat-genel-psikoloji","6":"product_cat-psikoloji","7":"pa_cilt-ciltsiz","8":"pa_tur-kitap","9":"pa_yayinevi-pinhan-yayincilik","10":"pa_yazar-carl-gustav-jung","12":"first","13":"instock","14":"sale","15":"shipping-taxable","16":"purchasable","17":"product-type-simple"},"_links":{"self":[{"href":"https:\/\/roveyayinevi.com.tr\/index.php\/wp-json\/wp\/v2\/product\/706133","targetHints":{"allow":["GET"]}}],"collection":[{"href":"https:\/\/roveyayinevi.com.tr\/index.php\/wp-json\/wp\/v2\/product"}],"about":[{"href":"https:\/\/roveyayinevi.com.tr\/index.php\/wp-json\/wp\/v2\/types\/product"}],"wp:attachment":[{"href":"https:\/\/roveyayinevi.com.tr\/index.php\/wp-json\/wp\/v2\/media?parent=706133"}],"wp:term":[{"taxonomy":"product_brand","embeddable":true,"href":"https:\/\/roveyayinevi.com.tr\/index.php\/wp-json\/wp\/v2\/product_brand?post=706133"},{"taxonomy":"product_cat","embeddable":true,"href":"https:\/\/roveyayinevi.com.tr\/index.php\/wp-json\/wp\/v2\/product_cat?post=706133"},{"taxonomy":"product_tag","embeddable":true,"href":"https:\/\/roveyayinevi.com.tr\/index.php\/wp-json\/wp\/v2\/product_tag?post=706133"}],"curies":[{"name":"wp","href":"https:\/\/api.w.org\/{rel}","templated":true}]}}