{"id":706132,"date":"2025-08-27T15:52:54","date_gmt":"2025-08-27T12:52:54","guid":{"rendered":"https:\/\/roveyayinevi.com.tr\/index.php\/urun\/tavsan-bidibik-kardesini-seviyor\/"},"modified":"2026-04-16T02:14:53","modified_gmt":"2026-04-15T23:14:53","slug":"tavsan-bidibik-kardesini-seviyor","status":"publish","type":"product","link":"https:\/\/roveyayinevi.com.tr\/index.php\/urun\/tavsan-bidibik-kardesini-seviyor\/","title":{"rendered":"Tav\u015fan B\u0131d\u0131b\u0131k Karde\u015fini Seviyor"},"content":{"rendered":"<p>B\u0131d\u0131b\u0131k, tiyatro oyunundaki rol\u00fc i\u00e7in karde\u015fi B\u0131d\u0131k&#8217;la ilgilenmeye ba\u015flayan anne ve babas\u0131na kar\u015f\u0131 b\u00fcy\u00fck bir k\u0131zg\u0131nl\u0131k duyar. Anne ve babas\u0131n\u0131n, karde\u015fini daha \u00e7ok sevdi\u011fini d\u00fc\u015f\u00fcnerek B\u0131d\u0131k&#8217;\u0131 k\u0131skanmaya ba\u015flar. <\/p>\n","protected":false},"excerpt":{"rendered":"<p>B\u0131d\u0131b\u0131k, tiyatro oyunundaki rol\u00fc i\u00e7in karde\u015fi B\u0131d\u0131k&#8217;la ilgilenmeye ba\u015flayan anne ve babas\u0131na kar\u015f\u0131 b\u00fcy\u00fck bir k\u0131zg\u0131nl\u0131k duyar. Anne ve babas\u0131n\u0131n, karde\u015fini daha \u00e7ok sevdi\u011fini d\u00fc\u015f\u00fcnerek B\u0131d\u0131k&#8217;\u0131<span class=\"excerpt-hellip\"> [\u2026]<\/span><\/p>\n","protected":false},"featured_media":0,"template":"","meta":{"_monsterinsights_skip_tracking":false,"_monsterinsights_sitenote_active":false,"_monsterinsights_sitenote_note":"","_monsterinsights_sitenote_category":0},"product_brand":[],"product_cat":[12274,12518],"product_tag":[],"class_list":{"0":"post-706132","1":"product","2":"type-product","3":"status-publish","5":"product_cat-cocuk-ve-genclik-kitaplari","6":"product_cat-okul-oncesi-kitaplar","7":"pa_cilt-ciltsiz","8":"pa_tur-kitap","9":"pa_yayinevi-fom-kitap","10":"pa_yazar-seher-cesur-kilicaslan","12":"first","13":"instock","14":"sale","15":"shipping-taxable","16":"purchasable","17":"product-type-simple"},"_links":{"self":[{"href":"https:\/\/roveyayinevi.com.tr\/index.php\/wp-json\/wp\/v2\/product\/706132","targetHints":{"allow":["GET"]}}],"collection":[{"href":"https:\/\/roveyayinevi.com.tr\/index.php\/wp-json\/wp\/v2\/product"}],"about":[{"href":"https:\/\/roveyayinevi.com.tr\/index.php\/wp-json\/wp\/v2\/types\/product"}],"wp:attachment":[{"href":"https:\/\/roveyayinevi.com.tr\/index.php\/wp-json\/wp\/v2\/media?parent=706132"}],"wp:term":[{"taxonomy":"product_brand","embeddable":true,"href":"https:\/\/roveyayinevi.com.tr\/index.php\/wp-json\/wp\/v2\/product_brand?post=706132"},{"taxonomy":"product_cat","embeddable":true,"href":"https:\/\/roveyayinevi.com.tr\/index.php\/wp-json\/wp\/v2\/product_cat?post=706132"},{"taxonomy":"product_tag","embeddable":true,"href":"https:\/\/roveyayinevi.com.tr\/index.php\/wp-json\/wp\/v2\/product_tag?post=706132"}],"curies":[{"name":"wp","href":"https:\/\/api.w.org\/{rel}","templated":true}]}}