{"id":706129,"date":"2025-08-27T15:52:53","date_gmt":"2025-08-27T12:52:53","guid":{"rendered":"https:\/\/roveyayinevi.com.tr\/index.php\/urun\/sir-nigel\/"},"modified":"2026-04-16T02:14:53","modified_gmt":"2026-04-15T23:14:53","slug":"sir-nigel","status":"publish","type":"product","link":"https:\/\/roveyayinevi.com.tr\/index.php\/urun\/sir-nigel\/","title":{"rendered":"Sir Nigel"},"content":{"rendered":"<p>Damarlar\u0131nda y\u00fczlerce cesur askerin kan\u0131 dola\u015fan aslan y\u00fcrekli Nigel, hen\u00fcz yirmi iki ya\u015f\u0131ndayd\u0131. Bug\u00fcnlerini \u015fahinlerini \u0131slah ya da aileyle birlikte malikanenin toprak zeminli hol\u00fcnde ya\u015fayan k\u00f6peklerini e\u011fiterek ge\u00e7iriyordu. <\/p>\n","protected":false},"excerpt":{"rendered":"<p>Damarlar\u0131nda y\u00fczlerce cesur askerin kan\u0131 dola\u015fan aslan y\u00fcrekli Nigel, hen\u00fcz yirmi iki ya\u015f\u0131ndayd\u0131. Bug\u00fcnlerini \u015fahinlerini \u0131slah ya da aileyle birlikte malikanenin toprak zeminli hol\u00fcnde ya\u015fayan k\u00f6peklerini<span class=\"excerpt-hellip\"> [\u2026]<\/span><\/p>\n","protected":false},"featured_media":0,"template":"","meta":{"_monsterinsights_skip_tracking":false,"_monsterinsights_sitenote_active":false,"_monsterinsights_sitenote_note":"","_monsterinsights_sitenote_category":0},"product_brand":[],"product_cat":[12718,12858],"product_tag":[],"class_list":{"0":"post-706129","1":"product","2":"type-product","3":"status-publish","5":"product_cat-din","6":"product_cat-mitolojiler","7":"pa_tur-kitap","8":"pa_yayinevi-parola-yayinlari","9":"pa_yazar-sir-arthur-conan-doyle","11":"first","12":"instock","13":"sale","14":"shipping-taxable","15":"purchasable","16":"product-type-simple"},"_links":{"self":[{"href":"https:\/\/roveyayinevi.com.tr\/index.php\/wp-json\/wp\/v2\/product\/706129","targetHints":{"allow":["GET"]}}],"collection":[{"href":"https:\/\/roveyayinevi.com.tr\/index.php\/wp-json\/wp\/v2\/product"}],"about":[{"href":"https:\/\/roveyayinevi.com.tr\/index.php\/wp-json\/wp\/v2\/types\/product"}],"wp:attachment":[{"href":"https:\/\/roveyayinevi.com.tr\/index.php\/wp-json\/wp\/v2\/media?parent=706129"}],"wp:term":[{"taxonomy":"product_brand","embeddable":true,"href":"https:\/\/roveyayinevi.com.tr\/index.php\/wp-json\/wp\/v2\/product_brand?post=706129"},{"taxonomy":"product_cat","embeddable":true,"href":"https:\/\/roveyayinevi.com.tr\/index.php\/wp-json\/wp\/v2\/product_cat?post=706129"},{"taxonomy":"product_tag","embeddable":true,"href":"https:\/\/roveyayinevi.com.tr\/index.php\/wp-json\/wp\/v2\/product_tag?post=706129"}],"curies":[{"name":"wp","href":"https:\/\/api.w.org\/{rel}","templated":true}]}}