{"id":706126,"date":"2025-08-27T15:52:52","date_gmt":"2025-08-27T12:52:52","guid":{"rendered":"https:\/\/roveyayinevi.com.tr\/index.php\/urun\/halk-hikayeleri-ve-halk-hikayeciligi\/"},"modified":"2026-04-16T02:14:53","modified_gmt":"2026-04-15T23:14:53","slug":"halk-hikayeleri-ve-halk-hikayeciligi","status":"publish","type":"product","link":"https:\/\/roveyayinevi.com.tr\/index.php\/urun\/halk-hikayeleri-ve-halk-hikayeciligi\/","title":{"rendered":"Halk Hikayeleri ve Halk Hikayecili\u011fi"},"content":{"rendered":"<p>Bu kitap, Boratav&#8217;\u0131n, arkas\u0131 s\u0131ra gelece\u011fini \u00fcmit etti\u011fi Halk Hik\u00e2yeleri K\u00fclliyat\u0131&#8217;na giri\u015f diye yaz\u0131lm\u0131\u015ft\u0131r. Kitapta halk hik\u00e2yeleri mevzu, \u015fekil, \u00fcsl\u00fbp bak\u0131m\u0131ndan ele al\u0131nmakta; destan, masal, roman, halk \u015fiiri, meddah hik\u00e2yeleriyle kar\u015f\u0131la\u015ft\u0131r\u0131lmakta; halk hik\u00e2yelerinin yaz\u0131l\u0131 metin haline geli\u015fi ele al\u0131nmaktad\u0131r. <\/p>\n","protected":false},"excerpt":{"rendered":"<p>Bu kitap, Boratav&#8217;\u0131n, arkas\u0131 s\u0131ra gelece\u011fini \u00fcmit etti\u011fi Halk Hik\u00e2yeleri K\u00fclliyat\u0131&#8217;na giri\u015f diye yaz\u0131lm\u0131\u015ft\u0131r. Kitapta halk hik\u00e2yeleri mevzu, \u015fekil, \u00fcsl\u00fbp bak\u0131m\u0131ndan ele al\u0131nmakta; destan, masal, roman,<span class=\"excerpt-hellip\"> [\u2026]<\/span><\/p>\n","protected":false},"featured_media":0,"template":"","meta":{"_monsterinsights_skip_tracking":false,"_monsterinsights_sitenote_active":false,"_monsterinsights_sitenote_note":"","_monsterinsights_sitenote_category":0},"product_brand":[],"product_cat":[12777,12291],"product_tag":[],"class_list":{"0":"post-706126","1":"product","2":"type-product","3":"status-publish","5":"product_cat-deneme","6":"product_cat-edebiyat","7":"pa_cilt-ciltsiz","8":"pa_tur-kitap","9":"pa_yayinevi-bilgesu-yayincilik","10":"pa_yazar-pertev-naili-boratav","12":"first","13":"instock","14":"sale","15":"shipping-taxable","16":"purchasable","17":"product-type-simple"},"_links":{"self":[{"href":"https:\/\/roveyayinevi.com.tr\/index.php\/wp-json\/wp\/v2\/product\/706126","targetHints":{"allow":["GET"]}}],"collection":[{"href":"https:\/\/roveyayinevi.com.tr\/index.php\/wp-json\/wp\/v2\/product"}],"about":[{"href":"https:\/\/roveyayinevi.com.tr\/index.php\/wp-json\/wp\/v2\/types\/product"}],"wp:attachment":[{"href":"https:\/\/roveyayinevi.com.tr\/index.php\/wp-json\/wp\/v2\/media?parent=706126"}],"wp:term":[{"taxonomy":"product_brand","embeddable":true,"href":"https:\/\/roveyayinevi.com.tr\/index.php\/wp-json\/wp\/v2\/product_brand?post=706126"},{"taxonomy":"product_cat","embeddable":true,"href":"https:\/\/roveyayinevi.com.tr\/index.php\/wp-json\/wp\/v2\/product_cat?post=706126"},{"taxonomy":"product_tag","embeddable":true,"href":"https:\/\/roveyayinevi.com.tr\/index.php\/wp-json\/wp\/v2\/product_tag?post=706126"}],"curies":[{"name":"wp","href":"https:\/\/api.w.org\/{rel}","templated":true}]}}