{"id":706124,"date":"2025-08-27T15:52:51","date_gmt":"2025-08-27T12:52:51","guid":{"rendered":"https:\/\/roveyayinevi.com.tr\/index.php\/urun\/alis-okula-basliyor\/"},"modified":"2026-04-16T02:14:52","modified_gmt":"2026-04-15T23:14:52","slug":"alis-okula-basliyor","status":"publish","type":"product","link":"https:\/\/roveyayinevi.com.tr\/index.php\/urun\/alis-okula-basliyor\/","title":{"rendered":"Ali\u015f Okula Ba\u015fl\u0131yor"},"content":{"rendered":"<p>Ali\u015f\u2019in ilkokula ba\u015flama zaman\u0131 gelmi\u015fti. \u0130\u00e7i i\u00e7ine s\u0131\u011fm\u0131yordu.Yeni okulunu \u00e7ok sevdi. Arkada\u015flar\u0131yla da \u00e7abucak kayna\u015f\u0131verdi.Ama Mavi\u015f, a\u011fabeyi okuldayken \u00e7ok s\u0131k\u0131l\u0131yordu.Onun d\u00f6n\u00fc\u015f\u00fcn\u00fc sab\u0131rs\u0131zl\u0131kla bekliyordu. <\/p>\n","protected":false},"excerpt":{"rendered":"<p>Ali\u015f\u2019in ilkokula ba\u015flama zaman\u0131 gelmi\u015fti. \u0130\u00e7i i\u00e7ine s\u0131\u011fm\u0131yordu.Yeni okulunu \u00e7ok sevdi. Arkada\u015flar\u0131yla da \u00e7abucak kayna\u015f\u0131verdi.Ama Mavi\u015f, a\u011fabeyi okuldayken \u00e7ok s\u0131k\u0131l\u0131yordu.Onun d\u00f6n\u00fc\u015f\u00fcn\u00fc sab\u0131rs\u0131zl\u0131kla bekliyordu.<\/p>\n","protected":false},"featured_media":0,"template":"","meta":{"_monsterinsights_skip_tracking":false,"_monsterinsights_sitenote_active":false,"_monsterinsights_sitenote_note":"","_monsterinsights_sitenote_category":0},"product_brand":[],"product_cat":[12274,12284],"product_tag":[],"class_list":{"0":"post-706124","1":"product","2":"type-product","3":"status-publish","5":"product_cat-cocuk-ve-genclik-kitaplari","6":"product_cat-hikayeler","7":"pa_cilt-ciltsiz","8":"pa_tur-kitap","9":"pa_yayinevi-dogan-egmont-yayincilik","10":"pa_yazar-canan-tan","12":"first","13":"instock","14":"sale","15":"shipping-taxable","16":"purchasable","17":"product-type-simple"},"_links":{"self":[{"href":"https:\/\/roveyayinevi.com.tr\/index.php\/wp-json\/wp\/v2\/product\/706124","targetHints":{"allow":["GET"]}}],"collection":[{"href":"https:\/\/roveyayinevi.com.tr\/index.php\/wp-json\/wp\/v2\/product"}],"about":[{"href":"https:\/\/roveyayinevi.com.tr\/index.php\/wp-json\/wp\/v2\/types\/product"}],"wp:attachment":[{"href":"https:\/\/roveyayinevi.com.tr\/index.php\/wp-json\/wp\/v2\/media?parent=706124"}],"wp:term":[{"taxonomy":"product_brand","embeddable":true,"href":"https:\/\/roveyayinevi.com.tr\/index.php\/wp-json\/wp\/v2\/product_brand?post=706124"},{"taxonomy":"product_cat","embeddable":true,"href":"https:\/\/roveyayinevi.com.tr\/index.php\/wp-json\/wp\/v2\/product_cat?post=706124"},{"taxonomy":"product_tag","embeddable":true,"href":"https:\/\/roveyayinevi.com.tr\/index.php\/wp-json\/wp\/v2\/product_tag?post=706124"}],"curies":[{"name":"wp","href":"https:\/\/api.w.org\/{rel}","templated":true}]}}