{"id":706122,"date":"2025-08-27T15:52:50","date_gmt":"2025-08-27T12:52:50","guid":{"rendered":"https:\/\/roveyayinevi.com.tr\/index.php\/urun\/canavar-pesinde-serisi-34-kargasa-dunyasi-bataklik-adami-kasvet\/"},"modified":"2026-04-13T02:18:28","modified_gmt":"2026-04-12T23:18:28","slug":"canavar-pesinde-serisi-34-kargasa-dunyasi-bataklik-adami-kasvet","status":"publish","type":"product","link":"https:\/\/roveyayinevi.com.tr\/index.php\/urun\/canavar-pesinde-serisi-34-kargasa-dunyasi-bataklik-adami-kasvet\/","title":{"rendered":"Canavar Pe\u015finde Serisi 34 &#8211; Karga\u015fa D\u00fcnyas\u0131 (Batakl\u0131k Adam\u0131 Kasvet)"},"content":{"rendered":"<p>Karga\u015fa D\u00fcnyas\u0131 maceras\u0131 devam ediyor\u2026 Kayonya \u00fclkesine h\u00e2l\u00e2 karga\u015fa h\u00e2kim. B\u00fcy\u00fcc\u00fc Velmal, \u00fclkeye korku sa\u00e7maya devam ediyor. Tom, bu kez iki d\u00fc\u015fmanla birden kar\u015f\u0131la\u015fmak zorunda. Onu \u00f6ld\u00fcrmek isteyen bir suikast\u00e7\u0131 ve kurbanlar\u0131n\u0131 \u00e7amurun i\u00e7ine \u00e7eken, korkun\u00e7 Batakl\u0131k Adam\u0131 Kasvet\u2026 \ufffc<\/p>\n","protected":false},"excerpt":{"rendered":"<p>Karga\u015fa D\u00fcnyas\u0131 maceras\u0131 devam ediyor\u2026 Kayonya \u00fclkesine h\u00e2l\u00e2 karga\u015fa h\u00e2kim. B\u00fcy\u00fcc\u00fc Velmal, \u00fclkeye korku sa\u00e7maya devam ediyor. Tom, bu kez iki d\u00fc\u015fmanla birden kar\u015f\u0131la\u015fmak zorunda. Onu<span class=\"excerpt-hellip\"> [\u2026]<\/span><\/p>\n","protected":false},"featured_media":0,"template":"","meta":{"_monsterinsights_skip_tracking":false,"_monsterinsights_sitenote_active":false,"_monsterinsights_sitenote_note":"","_monsterinsights_sitenote_category":0},"product_brand":[],"product_cat":[12274,12284],"product_tag":[],"class_list":{"0":"post-706122","1":"product","2":"type-product","3":"status-publish","5":"product_cat-cocuk-ve-genclik-kitaplari","6":"product_cat-hikayeler","7":"pa_cilt-ciltsiz","8":"pa_tur-kitap","9":"pa_yayinevi-beyaz-balina-yayinlari","10":"pa_yazar-adam-blade","12":"first","13":"instock","14":"sale","15":"shipping-taxable","16":"purchasable","17":"product-type-simple"},"_links":{"self":[{"href":"https:\/\/roveyayinevi.com.tr\/index.php\/wp-json\/wp\/v2\/product\/706122","targetHints":{"allow":["GET"]}}],"collection":[{"href":"https:\/\/roveyayinevi.com.tr\/index.php\/wp-json\/wp\/v2\/product"}],"about":[{"href":"https:\/\/roveyayinevi.com.tr\/index.php\/wp-json\/wp\/v2\/types\/product"}],"wp:attachment":[{"href":"https:\/\/roveyayinevi.com.tr\/index.php\/wp-json\/wp\/v2\/media?parent=706122"}],"wp:term":[{"taxonomy":"product_brand","embeddable":true,"href":"https:\/\/roveyayinevi.com.tr\/index.php\/wp-json\/wp\/v2\/product_brand?post=706122"},{"taxonomy":"product_cat","embeddable":true,"href":"https:\/\/roveyayinevi.com.tr\/index.php\/wp-json\/wp\/v2\/product_cat?post=706122"},{"taxonomy":"product_tag","embeddable":true,"href":"https:\/\/roveyayinevi.com.tr\/index.php\/wp-json\/wp\/v2\/product_tag?post=706122"}],"curies":[{"name":"wp","href":"https:\/\/api.w.org\/{rel}","templated":true}]}}