{"id":706119,"date":"2025-08-27T15:52:49","date_gmt":"2025-08-27T12:52:49","guid":{"rendered":"https:\/\/roveyayinevi.com.tr\/index.php\/urun\/sosyal-bilimler-ansiklopedisi-2-cilt-takim\/"},"modified":"2026-04-16T02:14:52","modified_gmt":"2026-04-15T23:14:52","slug":"sosyal-bilimler-ansiklopedisi-2-cilt-takim","status":"publish","type":"product","link":"https:\/\/roveyayinevi.com.tr\/index.php\/urun\/sosyal-bilimler-ansiklopedisi-2-cilt-takim\/","title":{"rendered":"Sosyal Bilimler Ansiklopedisi (2 Cilt Tak\u0131m)"},"content":{"rendered":"<p>Sosyal Bilimler Ansiklopedisi, ilk kez 1985\u2019te bas\u0131ld\u0131\u011f\u0131nda bilim \u00e7evresinden ve \u00f6\u011frencilerden b\u00fcy\u00fck ilgi g\u00f6rd\u00fc. 1996\u2019da g\u00f6zden ge\u00e7irilmi\u015f haliyle tekrar bas\u0131ld\u0131 ve bir klasik olarak tan\u0131mlanmaya ba\u015fland\u0131. \u00dc\u00e7\u00fcnc\u00fc bask\u0131da k\u00f6kl\u00fc de\u011fi\u015fiklikler yap\u0131ld\u0131. Maddelerin yar\u0131dan fazlas\u0131 ya yeni ya da yeniden yaz\u0131ld\u0131.Alan\u0131nda uzman ve uluslararas\u0131 \u00fcne sahip kurul taraf\u0131ndan yaz\u0131lan bu Ansiklopedi, sosyal bilimlerin temel sorunlar\u0131na k\u00fcresel bir bak\u0131\u015f a\u00e7\u0131s\u0131yla yakla\u015fmaktad\u0131r. Ansiklopedi\u2019de yer alan yakla\u015f\u0131k 500 madde, alandaki bir\u00e7ok eski ve yeni terimi, \u00f6nemli \u00e7al\u0131\u015fma alanlar\u0131n\u0131 ve ara\u015ft\u0131rma y\u00f6ntemlerini i\u00e7ermektedir. Yazarlar, yeni-evrimcilik ve rasyonel se\u00e7im teorisinden post-yap\u0131salc\u0131l\u0131\u011fa kadar t\u00fcm teorik tart\u0131\u015fmalar\u0131 g\u00f6zden ge\u00e7irip sosyal bilimlerle yolu kesi\u015fen t\u00fcm b\u00fcy\u00fck sorulara cevap ar\u0131yorlar.\u00b7 Davran\u0131\u015flar \u00fczerinde genlerin etkisi nedir?\u00b7 Bilin\u00e7 ve bili\u015fin mahiyeti nedir?\u00b7 Zenginlik ve yoksullu\u011fun sebepleri nelerdir?\u00b7 \u00c7at\u0131\u015fma, sava\u015f, devrim ve soyk\u0131r\u0131mdan kaynaklanan \u015fiddetin k\u00f6kenleri nerede aranmal\u0131d\u0131r?\u00c7eviri edit\u00f6rl\u00fc\u011f\u00fcn\u00fc Ahmet Kemal Bayram&#8217;\u0131n yapt\u0131\u011f\u0131 bu Ansiklopedi, sosyal bilim alan\u0131nda \u00e7a\u011fda\u015f akademik d\u00fc\u015f\u00fcnceye ilgi duyan okuyucular i\u00e7in g\u00fcvenilir bir ba\u015fvuru kitab\u0131d\u0131r. <\/p>\n","protected":false},"excerpt":{"rendered":"<p>Sosyal Bilimler Ansiklopedisi, ilk kez 1985\u2019te bas\u0131ld\u0131\u011f\u0131nda bilim \u00e7evresinden ve \u00f6\u011frencilerden b\u00fcy\u00fck ilgi g\u00f6rd\u00fc. 1996\u2019da g\u00f6zden ge\u00e7irilmi\u015f haliyle tekrar bas\u0131ld\u0131 ve bir klasik olarak tan\u0131mlanmaya ba\u015fland\u0131.<span class=\"excerpt-hellip\"> [\u2026]<\/span><\/p>\n","protected":false},"featured_media":0,"template":"","meta":{"_monsterinsights_skip_tracking":false,"_monsterinsights_sitenote_active":false,"_monsterinsights_sitenote_note":"","_monsterinsights_sitenote_category":0},"product_brand":[],"product_cat":[12835,12324],"product_tag":[],"class_list":{"0":"post-706119","1":"product","2":"type-product","3":"status-publish","5":"product_cat-genel-sosyoloji","6":"product_cat-sosyoloji","7":"pa_cilt-ciltsiz","8":"pa_tur-kitap","9":"pa_yayinevi-adres-yayinlari","10":"pa_yazar-adam-kuper","12":"first","13":"instock","14":"sale","15":"shipping-taxable","16":"purchasable","17":"product-type-simple"},"_links":{"self":[{"href":"https:\/\/roveyayinevi.com.tr\/index.php\/wp-json\/wp\/v2\/product\/706119","targetHints":{"allow":["GET"]}}],"collection":[{"href":"https:\/\/roveyayinevi.com.tr\/index.php\/wp-json\/wp\/v2\/product"}],"about":[{"href":"https:\/\/roveyayinevi.com.tr\/index.php\/wp-json\/wp\/v2\/types\/product"}],"wp:attachment":[{"href":"https:\/\/roveyayinevi.com.tr\/index.php\/wp-json\/wp\/v2\/media?parent=706119"}],"wp:term":[{"taxonomy":"product_brand","embeddable":true,"href":"https:\/\/roveyayinevi.com.tr\/index.php\/wp-json\/wp\/v2\/product_brand?post=706119"},{"taxonomy":"product_cat","embeddable":true,"href":"https:\/\/roveyayinevi.com.tr\/index.php\/wp-json\/wp\/v2\/product_cat?post=706119"},{"taxonomy":"product_tag","embeddable":true,"href":"https:\/\/roveyayinevi.com.tr\/index.php\/wp-json\/wp\/v2\/product_tag?post=706119"}],"curies":[{"name":"wp","href":"https:\/\/api.w.org\/{rel}","templated":true}]}}