{"id":706118,"date":"2025-08-27T15:52:48","date_gmt":"2025-08-27T12:52:48","guid":{"rendered":"https:\/\/roveyayinevi.com.tr\/index.php\/urun\/babaannemin-icine-uzayli-kacti\/"},"modified":"2026-04-16T02:14:52","modified_gmt":"2026-04-15T23:14:52","slug":"babaannemin-icine-uzayli-kacti","status":"publish","type":"product","link":"https:\/\/roveyayinevi.com.tr\/index.php\/urun\/babaannemin-icine-uzayli-kacti\/","title":{"rendered":"Babaannemin \u0130\u00e7ine Uzayl\u0131 Ka\u00e7t\u0131!"},"content":{"rendered":"<p>\u00c7ocuklar\u0131n hayal d\u00fcnyas\u0131, uzaydan geni\u015ftir!Polisiye tad\u0131nda kitaplar\u0131yla \u00e7ok sevilen senarist, yazar Sevgi Sayg\u0131, son \u00e7ocuk roman\u0131yla okurlar\u0131n\u0131 yine mizahla harmanlad\u0131\u011f\u0131 e\u011flenceli bir maceraya davet ediyor. Birbirinden ilgin\u00e7 karakterleri, temposu hi\u00e7 d\u00fc\u015fmeyen kurgusu ve yal\u0131n ama muzip anlat\u0131m\u0131yla dikkati \u00e7eken roman, \u00e7ocuklar\u0131n s\u0131n\u0131rs\u0131z hayal d\u00fcnyas\u0131n\u0131n pe\u015fine tak\u0131l\u0131yor. Yeti\u015fkinler i\u00e7in zorlu bir s\u00fcre\u00e7 olan Alzheimer hastal\u0131\u011f\u0131n\u0131n \u00e7ocuk d\u00fcnyas\u0131ndaki yans\u0131mas\u0131n\u0131 ger\u00e7ek\u00e7i diyaloglar ve mizahi bir \u00fcslupla aktaran yazar, arkada\u015fl\u0131k ili\u015fkilerinden aile ba\u011flar\u0131na, nesilleraras\u0131 ileti\u015fimden toplumsal cinsiyet rollerine, pek \u00e7ok konuyu ustal\u0131kla i\u015fliyor. G\u00f6zlem g\u00fcc\u00fcn\u00fc ve senaristlik deneyimini yans\u0131tt\u0131\u011f\u0131 romanlar\u0131yla b\u00fcy\u00fck be\u011feni toplayan Sevgi Sayg\u0131, \u00e7ocuklar i\u00e7in yazd\u0131\u011f\u0131 Memo&#8217;nun Maceras\u0131 dizisi ve \u015eimugula adl\u0131 \u00e7ocuk kitaplar\u0131n\u0131n yan\u0131 s\u0131ra, gen\u00e7 edebiyattaki verimiyle de tan\u0131n\u0131yor.Alaz ve Ayaz, babaanneleri Behice Han\u0131m&#8217;\u0131n, yani Bici&#8217;nin g\u00fcnden g\u00fcne de\u011fi\u015fen hallerine bir t\u00fcrl\u00fc anlam veremez. Bu i\u015fin arkas\u0131nda, olsa olsa uzayl\u0131lar vard\u0131r! Birka\u00e7 arkada\u015f\u0131yla birlikte Uzayl\u0131larla Yak\u0131n Temas (UYT) grubunu kurar ve gizlice bir plan yaparlar: Ya\u015fl\u0131lar izlenmeye al\u0131nacak, uzayl\u0131lar tespit edilecektir. Ancak, k\u00fc\u00e7\u00fck dedektiflerin plan\u0131 beklenmedik olaylarla kar\u0131\u015f\u0131r&#8230; <\/p>\n","protected":false},"excerpt":{"rendered":"<p>\u00c7ocuklar\u0131n hayal d\u00fcnyas\u0131, uzaydan geni\u015ftir!Polisiye tad\u0131nda kitaplar\u0131yla \u00e7ok sevilen senarist, yazar Sevgi Sayg\u0131, son \u00e7ocuk roman\u0131yla okurlar\u0131n\u0131 yine mizahla harmanlad\u0131\u011f\u0131 e\u011flenceli bir maceraya davet ediyor. Birbirinden<span class=\"excerpt-hellip\"> [\u2026]<\/span><\/p>\n","protected":false},"featured_media":0,"template":"","meta":{"_monsterinsights_skip_tracking":false,"_monsterinsights_sitenote_active":false,"_monsterinsights_sitenote_note":"","_monsterinsights_sitenote_category":0},"product_brand":[],"product_cat":[12274,12284],"product_tag":[],"class_list":{"0":"post-706118","1":"product","2":"type-product","3":"status-publish","5":"product_cat-cocuk-ve-genclik-kitaplari","6":"product_cat-hikayeler","7":"pa_cilt-ciltsiz","8":"pa_tur-kitap","9":"pa_yayinevi-gunisigi-kitapligi","10":"pa_yazar-sevgi-saygi","12":"first","13":"instock","14":"sale","15":"shipping-taxable","16":"purchasable","17":"product-type-simple"},"_links":{"self":[{"href":"https:\/\/roveyayinevi.com.tr\/index.php\/wp-json\/wp\/v2\/product\/706118","targetHints":{"allow":["GET"]}}],"collection":[{"href":"https:\/\/roveyayinevi.com.tr\/index.php\/wp-json\/wp\/v2\/product"}],"about":[{"href":"https:\/\/roveyayinevi.com.tr\/index.php\/wp-json\/wp\/v2\/types\/product"}],"wp:attachment":[{"href":"https:\/\/roveyayinevi.com.tr\/index.php\/wp-json\/wp\/v2\/media?parent=706118"}],"wp:term":[{"taxonomy":"product_brand","embeddable":true,"href":"https:\/\/roveyayinevi.com.tr\/index.php\/wp-json\/wp\/v2\/product_brand?post=706118"},{"taxonomy":"product_cat","embeddable":true,"href":"https:\/\/roveyayinevi.com.tr\/index.php\/wp-json\/wp\/v2\/product_cat?post=706118"},{"taxonomy":"product_tag","embeddable":true,"href":"https:\/\/roveyayinevi.com.tr\/index.php\/wp-json\/wp\/v2\/product_tag?post=706118"}],"curies":[{"name":"wp","href":"https:\/\/api.w.org\/{rel}","templated":true}]}}