{"id":706108,"date":"2025-08-27T15:52:44","date_gmt":"2025-08-27T12:52:44","guid":{"rendered":"https:\/\/roveyayinevi.com.tr\/index.php\/urun\/dogal-dogum\/"},"modified":"2026-04-16T02:14:52","modified_gmt":"2026-04-15T23:14:52","slug":"dogal-dogum","status":"publish","type":"product","link":"https:\/\/roveyayinevi.com.tr\/index.php\/urun\/dogal-dogum\/","title":{"rendered":"Do\u011fal Do\u011fum"},"content":{"rendered":"<p>\u201cKendini rahat b\u0131rak, d\u00fc\u015f\u00fcnme, do\u011fum d\u00fc\u015f\u00fcnme i\u015fi de\u011fil&#8230; Zihnini bir kenara b\u0131rak. Bu d\u00fcnya g\u00fcvenli, b\u0131rak \u00e7ocu\u011fun gelsin\u2026 B\u0131rakmay\u0131 \u00f6\u011fren.Mutlulu\u011fun anahtar\u0131 budur. Do\u011fum bir b\u0131rakma eylemidir; i\u00e7indekini b\u0131rak, serbest b\u0131rak, tutma!\u201dOpr. Dr. G\u00fclnihal B\u00fclb\u00fclOpr. Dr. G\u00fclnihal B\u00fclb\u00fcl, Kad\u0131n Hastal\u0131klar\u0131 ve Do\u011fum Uzman\u0131 olarak hayat\u0131n\u0131 mesle\u011fine adam\u0131\u015f ve bu \u2018kutsal\u2019 mesle\u011fi \u2018ibadet\u2019 a\u015fk\u0131yla yapan bir hekim\u2026 Mesle\u011fini icra ederken \u201cNeden bu kadar \u00e7ok sezaryen yap\u0131yoruz?\u201d sorusunun cevab\u0131n\u0131 bilimsel y\u00f6ntemlerle aramak i\u00e7in Halk Sa\u011fl\u0131\u011f\u0131 Y\u00fcksek Lisans\u0131 yapm\u0131\u015f. Farkl\u0131 okumalarla ve do\u011fal do\u011fum workshop\u2019lar\u0131na kat\u0131larak ba\u015flad\u0131\u011f\u0131 yolculukta, d\u00fcnyan\u0131n \u00e7e\u015fitli do\u011fum kliniklerini ziyaret edip do\u011fum uygulamalar\u0131n\u0131 yak\u0131ndan g\u00f6zlemlemi\u015f. T\u00fcrkiye\u2019nin \u00e7e\u015fitli b\u00f6lgelerini gezip do\u011fum geleneklerini ve eski ebelerin tecr\u00fcbelerini ara\u015ft\u0131rm\u0131\u015f, kendi tecr\u00fcbelerini onlarla payla\u015fm\u0131\u015f&#8230; B\u00fclb\u00fcl, kat\u0131ld\u0131\u011f\u0131 her do\u011fumun kazand\u0131rd\u0131\u011f\u0131 e\u015fsiz tecr\u00fcbeleri, do\u011fum yapan kad\u0131nlar\u0131n hik\u00e2yeleriyle birlikte payla\u015f\u0131yor bizlerle.Bu kitap bir\u00e7ok anlamda alan\u0131nda bir ilk olma \u00f6zelli\u011fi ta\u015f\u0131yor! Kad\u0131nlara anneli\u011fin g\u00fczelli\u011fini anlat\u0131rken, kad\u0131n olman\u0131n ayr\u0131cal\u0131\u011f\u0131n\u0131 ya\u015fat\u0131yor, i\u00e7g\u00fcd\u00fcsel olarak do\u011furma arzusunu canland\u0131r\u0131yor.Do\u011fumu do\u011fal yoldan yapma cesaretini iade ediyor. Bu konuda \u00e7iftlerin \u00f6zg\u00fcven kazanmalar\u0131na yard\u0131mc\u0131 oluyor. Babalara da do\u011fumda nas\u0131l davranmalar\u0131 gerekti\u011fini \u00f6\u011fretiyor. \u00d6nceki do\u011fumlar\u0131n\u0131 sezaryen yapm\u0131\u015f kad\u0131nlar\u0131 da do\u011fal do\u011fum konusunda cesaretlendiriyor!Do\u011fumla ilgili zihninizde yer etmi\u015f s\u0131k\u0131nt\u0131lar\u0131, korkular\u0131, endi\u015feleri bir kenara b\u0131rak\u0131n, mutlulu\u011funuza engel olan kilitleri a\u00e7\u0131n! \u00c7\u00fcnk\u00fc do\u011fum, bir kutlama, mutluluk, co\u015fku, sevin\u00e7, tazelenme, temizlik, eskiye set \u00e7ekme, yeni gelenleri kucaklama, masumiyet ve gayret&#8230; Bilinmeyene a\u00e7\u0131lan bir y\u00fcrek, dolup ta\u015fan ve zaman ge\u00e7tik\u00e7e kendi yazg\u0131s\u0131n\u0131 y\u00fcre\u011fe kaz\u0131yan bir deneyim\u2026 Bu deneyimi en do\u011fal haliyle ya\u015famak t\u00fcm annelerin, babalar\u0131n ve bebeklerinin hakk\u0131! Bu kitap hepimizin hakk\u0131! <\/p>\n","protected":false},"excerpt":{"rendered":"<p>\u201cKendini rahat b\u0131rak, d\u00fc\u015f\u00fcnme, do\u011fum d\u00fc\u015f\u00fcnme i\u015fi de\u011fil&#8230; Zihnini bir kenara b\u0131rak. Bu d\u00fcnya g\u00fcvenli, b\u0131rak \u00e7ocu\u011fun gelsin\u2026 B\u0131rakmay\u0131 \u00f6\u011fren.Mutlulu\u011fun anahtar\u0131 budur. Do\u011fum bir b\u0131rakma eylemidir;<span class=\"excerpt-hellip\"> [\u2026]<\/span><\/p>\n","protected":false},"featured_media":0,"template":"","meta":{"_monsterinsights_skip_tracking":false,"_monsterinsights_sitenote_active":false,"_monsterinsights_sitenote_note":"","_monsterinsights_sitenote_category":0},"product_brand":[],"product_cat":[14902,13365],"product_tag":[],"class_list":{"0":"post-706108","1":"product","2":"type-product","3":"status-publish","5":"product_cat-annelik-ve-cocuk-bakimi","6":"product_cat-saglik","7":"pa_cilt-ciltsiz","8":"pa_tur-kitap","9":"pa_yayinevi-hayykitap","10":"pa_yazar-gulnihal-bulbul","12":"first","13":"instock","14":"sale","15":"shipping-taxable","16":"purchasable","17":"product-type-simple"},"_links":{"self":[{"href":"https:\/\/roveyayinevi.com.tr\/index.php\/wp-json\/wp\/v2\/product\/706108","targetHints":{"allow":["GET"]}}],"collection":[{"href":"https:\/\/roveyayinevi.com.tr\/index.php\/wp-json\/wp\/v2\/product"}],"about":[{"href":"https:\/\/roveyayinevi.com.tr\/index.php\/wp-json\/wp\/v2\/types\/product"}],"wp:attachment":[{"href":"https:\/\/roveyayinevi.com.tr\/index.php\/wp-json\/wp\/v2\/media?parent=706108"}],"wp:term":[{"taxonomy":"product_brand","embeddable":true,"href":"https:\/\/roveyayinevi.com.tr\/index.php\/wp-json\/wp\/v2\/product_brand?post=706108"},{"taxonomy":"product_cat","embeddable":true,"href":"https:\/\/roveyayinevi.com.tr\/index.php\/wp-json\/wp\/v2\/product_cat?post=706108"},{"taxonomy":"product_tag","embeddable":true,"href":"https:\/\/roveyayinevi.com.tr\/index.php\/wp-json\/wp\/v2\/product_tag?post=706108"}],"curies":[{"name":"wp","href":"https:\/\/api.w.org\/{rel}","templated":true}]}}