{"id":706103,"date":"2025-08-27T15:52:42","date_gmt":"2025-08-27T12:52:42","guid":{"rendered":"https:\/\/roveyayinevi.com.tr\/index.php\/urun\/oyun-ve-ogrenme\/"},"modified":"2026-04-16T02:14:52","modified_gmt":"2026-04-15T23:14:52","slug":"oyun-ve-ogrenme","status":"publish","type":"product","link":"https:\/\/roveyayinevi.com.tr\/index.php\/urun\/oyun-ve-ogrenme\/","title":{"rendered":"Oyun ve \u00d6\u011frenme"},"content":{"rendered":"<p>\u00c7ocuklu\u011fun ilk y\u0131llar\u0131n\u0131n oyun ile dolu olmas\u0131 ve oyunun k\u00fc\u00e7\u00fck \u00e7ocuklar\u0131n \u00f6\u011frenmesinde olduk\u00e7a etkili olmas\u0131na kar\u015f\u0131n hen\u00fcz e\u011fitim ortamlar\u0131nda tam olarak hak etti\u011fi yere gelememi\u015ftir. Bu \u00e7al\u0131\u015fma ile oyunun e\u011fitim etkinlikleri esnas\u0131nda duruma ve \u00e7ocuklar\u0131n d\u00fczeyine uygun olarak kullan\u0131lmas\u0131 amac\u0131na hizmet etmek d\u00fc\u015f\u00fcn\u00fclm\u00fc\u015f ve ama\u00e7lanm\u0131\u015ft\u0131r. \u00c7ocuklar\u0131 etkin k\u0131lan oyun aktiviteleri ka\u00e7\u0131r\u0131lmamas\u0131 gereken e\u011fitim f\u0131rsatlar\u0131 olarak alg\u0131lanmal\u0131 ve uygun olan yer ve zamanda e\u011fitimin hizmetine sunulmal\u0131d\u0131r. <\/p>\n","protected":false},"excerpt":{"rendered":"<p>\u00c7ocuklu\u011fun ilk y\u0131llar\u0131n\u0131n oyun ile dolu olmas\u0131 ve oyunun k\u00fc\u00e7\u00fck \u00e7ocuklar\u0131n \u00f6\u011frenmesinde olduk\u00e7a etkili olmas\u0131na kar\u015f\u0131n hen\u00fcz e\u011fitim ortamlar\u0131nda tam olarak hak etti\u011fi yere gelememi\u015ftir. Bu<span class=\"excerpt-hellip\"> [\u2026]<\/span><\/p>\n","protected":false},"featured_media":0,"template":"","meta":{"_monsterinsights_skip_tracking":false,"_monsterinsights_sitenote_active":false,"_monsterinsights_sitenote_note":"","_monsterinsights_sitenote_category":0},"product_brand":[],"product_cat":[12274,15842],"product_tag":[],"class_list":{"0":"post-706103","1":"product","2":"type-product","3":"status-publish","5":"product_cat-cocuk-ve-genclik-kitaplari","6":"product_cat-egitici-kitaplar","7":"pa_cilt-ciltsiz","8":"pa_tur-kitap","9":"pa_yayinevi-ani-yayincilik","10":"pa_yazar-hulya-pehlivan","12":"first","13":"instock","14":"sale","15":"shipping-taxable","16":"purchasable","17":"product-type-simple"},"_links":{"self":[{"href":"https:\/\/roveyayinevi.com.tr\/index.php\/wp-json\/wp\/v2\/product\/706103","targetHints":{"allow":["GET"]}}],"collection":[{"href":"https:\/\/roveyayinevi.com.tr\/index.php\/wp-json\/wp\/v2\/product"}],"about":[{"href":"https:\/\/roveyayinevi.com.tr\/index.php\/wp-json\/wp\/v2\/types\/product"}],"wp:attachment":[{"href":"https:\/\/roveyayinevi.com.tr\/index.php\/wp-json\/wp\/v2\/media?parent=706103"}],"wp:term":[{"taxonomy":"product_brand","embeddable":true,"href":"https:\/\/roveyayinevi.com.tr\/index.php\/wp-json\/wp\/v2\/product_brand?post=706103"},{"taxonomy":"product_cat","embeddable":true,"href":"https:\/\/roveyayinevi.com.tr\/index.php\/wp-json\/wp\/v2\/product_cat?post=706103"},{"taxonomy":"product_tag","embeddable":true,"href":"https:\/\/roveyayinevi.com.tr\/index.php\/wp-json\/wp\/v2\/product_tag?post=706103"}],"curies":[{"name":"wp","href":"https:\/\/api.w.org\/{rel}","templated":true}]}}