{"id":706098,"date":"2025-08-27T15:52:40","date_gmt":"2025-08-27T12:52:40","guid":{"rendered":"https:\/\/roveyayinevi.com.tr\/index.php\/urun\/padovali-marsiliusun-siyaset-kurami\/"},"modified":"2026-04-16T02:14:52","modified_gmt":"2026-04-15T23:14:52","slug":"padovali-marsiliusun-siyaset-kurami","status":"publish","type":"product","link":"https:\/\/roveyayinevi.com.tr\/index.php\/urun\/padovali-marsiliusun-siyaset-kurami\/","title":{"rendered":"Padoval\u0131 Marsilius&#8217;un Siyaset Kuram\u0131"},"content":{"rendered":"<p>Efensor Pacis, Orta\u00e7a\u011fda siyaset kuram\u0131 \u00fczerine yaz\u0131lan en \u00f6zg\u00fcn kitaplardan biridir. Bunu, &#8220;Prens&#8221; (1513), &#8220;Devletin Alt\u0131 Kitab\u0131&#8221;&#8221; (1976), &#8220;Leviathan&#8221; (1651) ve &#8220;Yasalar\u0131n Ruhu \u00dczerine&#8221; (1748) gibi modern devlet ger\u00e7e\u011finin d\u00fc\u015f\u00fcncede belirdi\u011fi yap\u0131tlarla de\u011ferlendirmek gerekir. Bu yap\u0131tlardaki modernlik, siyaseti, d\u00fcnya ve insan \u00f6tesi bir ba\u011flamdan ar\u0131nd\u0131rma kavgas\u0131d\u0131r. Bu kavga, siyasetin yeniden kurgulanmas\u0131, yani d\u00fcnyevi olarak d\u00fczenlenmesidir.Defensor Pacis&#8217;in b\u00fct\u00fcn hedefi, Orta\u00e7a\u011f&#8217;da \u015feylerin d\u00fczenini sapt\u0131ran ger\u00e7ek kayna\u011f\u0131n yani Roman Katolik Kilisesi&#8217;nin y\u0131k\u0131lmas\u0131yd\u0131. Bu y\u00fczden papal\u0131\u011fa kar\u015f\u0131 verdi\u011fi kavga onun yaln\u0131z birtak\u0131m iddialar\u0131na de\u011fil, ger\u00e7ekten do\u011frudan varolu\u015funa y\u00f6nelikti.Marsilius&#8217;un k\u0131lavuzu, antik d\u00fcnyan\u0131n pagan b\u00fcy\u00fck \u00f6\u011fretmeni Aristoteles&#8217;ti, Ger\u00e7ekten 1. Konu\u015fma, Orta\u00e7a\u011f&#8217;\u0131n din \u00fczerinden \u00e7arp\u0131k kurgulad\u0131\u011f\u0131 \u015feylerin dind\u0131\u015f\u0131 \u00e7\u00f6z\u00fcmlerini temellendirmesidir. 2. Konu\u015fma ise teokratik s\u00f6ylemin dayana\u011f\u0131 olan eksiksiz g\u00fc\u00e7 \u00f6\u011fretisinin d\u00fcnyevi olarak [1. Konu\u015fma] de\u011fil, bu kez kutsall\u0131k i\u00e7inde kal\u0131narak \u00e7\u00fcr\u00fct\u00fclmek \u00e7abas\u0131d\u0131r.H\u0131ristiyanl\u0131\u011f\u0131n do\u011fmalar\u0131 her ne ise Marsilius&#8217;un da yararland\u0131klar\u0131 ayn\u0131 kutsallard\u0131. Ama de\u011fi\u015fen ayn\u0131 birikimi, ele\u015ftirel ak\u0131lla yeniden de\u011ferlendirmekti. Bu, mevcut ayn\u0131 yap\u0131 gere\u00e7leri ile bamba\u015fka bir yap\u0131 kurmak gibiydi. Bu y\u00fczden Defensor Pacis, mevcut teslimiyet i\u00e7inde kalmad\u0131\u011f\u0131ndan , yani eski sak\u0131z\u0131 yeni a\u011f\u0131zlarda \u00e7i\u011fneme durumunda olmad\u0131\u011f\u0131ndan, \u00e7\u0131kar\u0131mlar\u0131 ile yeniydi. \ufffcTan\u0131t\u0131m Metni<\/p>\n","protected":false},"excerpt":{"rendered":"<p>Efensor Pacis, Orta\u00e7a\u011fda siyaset kuram\u0131 \u00fczerine yaz\u0131lan en \u00f6zg\u00fcn kitaplardan biridir. Bunu, &#8220;Prens&#8221; (1513), &#8220;Devletin Alt\u0131 Kitab\u0131&#8221;&#8221; (1976), &#8220;Leviathan&#8221; (1651) ve &#8220;Yasalar\u0131n Ruhu \u00dczerine&#8221; (1748) gibi<span class=\"excerpt-hellip\"> [\u2026]<\/span><\/p>\n","protected":false},"featured_media":0,"template":"","meta":{"_monsterinsights_skip_tracking":false,"_monsterinsights_sitenote_active":false,"_monsterinsights_sitenote_note":"","_monsterinsights_sitenote_category":0},"product_brand":[],"product_cat":[12351,12324],"product_tag":[],"class_list":{"0":"post-706098","1":"product","2":"type-product","3":"status-publish","5":"product_cat-siyaset-sosyolojisi","6":"product_cat-sosyoloji","7":"pa_cilt-ciltsiz","8":"pa_tur-kitap","9":"pa_yayinevi-baris-kitap","10":"pa_yazar-celalettin-gungor","12":"first","13":"instock","14":"sale","15":"shipping-taxable","16":"purchasable","17":"product-type-simple"},"_links":{"self":[{"href":"https:\/\/roveyayinevi.com.tr\/index.php\/wp-json\/wp\/v2\/product\/706098","targetHints":{"allow":["GET"]}}],"collection":[{"href":"https:\/\/roveyayinevi.com.tr\/index.php\/wp-json\/wp\/v2\/product"}],"about":[{"href":"https:\/\/roveyayinevi.com.tr\/index.php\/wp-json\/wp\/v2\/types\/product"}],"wp:attachment":[{"href":"https:\/\/roveyayinevi.com.tr\/index.php\/wp-json\/wp\/v2\/media?parent=706098"}],"wp:term":[{"taxonomy":"product_brand","embeddable":true,"href":"https:\/\/roveyayinevi.com.tr\/index.php\/wp-json\/wp\/v2\/product_brand?post=706098"},{"taxonomy":"product_cat","embeddable":true,"href":"https:\/\/roveyayinevi.com.tr\/index.php\/wp-json\/wp\/v2\/product_cat?post=706098"},{"taxonomy":"product_tag","embeddable":true,"href":"https:\/\/roveyayinevi.com.tr\/index.php\/wp-json\/wp\/v2\/product_tag?post=706098"}],"curies":[{"name":"wp","href":"https:\/\/api.w.org\/{rel}","templated":true}]}}