{"id":706097,"date":"2025-08-27T15:52:40","date_gmt":"2025-08-27T12:52:40","guid":{"rendered":"https:\/\/roveyayinevi.com.tr\/index.php\/urun\/saman-gozu\/"},"modified":"2026-04-16T02:14:52","modified_gmt":"2026-04-15T23:14:52","slug":"saman-gozu","status":"publish","type":"product","link":"https:\/\/roveyayinevi.com.tr\/index.php\/urun\/saman-gozu\/","title":{"rendered":"\u015eaman G\u00f6z\u00fc"},"content":{"rendered":"<p>Hayvanlar insanlara neyi nas\u0131l haber verir?Ev kazalar\u0131 asl\u0131nda ne s\u00f6yler?Fiziksel rahats\u0131zl\u0131klar hangi i\u00e7sel \u00e7\u00f6k\u00fc\u015f\u00fcn i\u015faretleridir?A\u015fk, i\u015f ve gelecekle ilgili dilekleri ger\u00e7ekle\u015ftirmek i\u00e7in hangi sihir, hangi mevsimde ve g\u00fcn\u00fcn hangi saatinde uygulan\u0131r?\u00d6zel e\u015fyalar koruyucu t\u0131ls\u0131mlar haline nas\u0131l d\u00f6n\u00fc\u015ft\u00fcr\u00fcl\u00fcr? Bir \u015eaman\u2019\u0131n ecza dolab\u0131nda neler bulunur?Do\u011fan\u0131n iyelerinden ne \u015fekilde dilek dilenir?\u00c7ocuk sahibi olmak i\u00e7in hangi rit\u00fceller ger\u00e7ekle\u015ftirilir?R\u00fcyalar\u0131n gizemi nedir?Ve daha neler neler&#8230; <\/p>\n","protected":false},"excerpt":{"rendered":"<p>Hayvanlar insanlara neyi nas\u0131l haber verir?Ev kazalar\u0131 asl\u0131nda ne s\u00f6yler?Fiziksel rahats\u0131zl\u0131klar hangi i\u00e7sel \u00e7\u00f6k\u00fc\u015f\u00fcn i\u015faretleridir?A\u015fk, i\u015f ve gelecekle ilgili dilekleri ger\u00e7ekle\u015ftirmek i\u00e7in hangi sihir, hangi mevsimde<span class=\"excerpt-hellip\"> [\u2026]<\/span><\/p>\n","protected":false},"featured_media":0,"template":"","meta":{"_monsterinsights_skip_tracking":false,"_monsterinsights_sitenote_active":false,"_monsterinsights_sitenote_note":"","_monsterinsights_sitenote_category":0},"product_brand":[],"product_cat":[16382,12718],"product_tag":[],"class_list":{"0":"post-706097","1":"product","2":"type-product","3":"status-publish","5":"product_cat-diger-inanclar","6":"product_cat-din","7":"pa_cilt-ciltsiz","8":"pa_tur-kitap","9":"pa_yayinevi-destek-yayinlari","10":"pa_yazar-asu-mansur","12":"first","13":"instock","14":"sale","15":"shipping-taxable","16":"purchasable","17":"product-type-simple"},"_links":{"self":[{"href":"https:\/\/roveyayinevi.com.tr\/index.php\/wp-json\/wp\/v2\/product\/706097","targetHints":{"allow":["GET"]}}],"collection":[{"href":"https:\/\/roveyayinevi.com.tr\/index.php\/wp-json\/wp\/v2\/product"}],"about":[{"href":"https:\/\/roveyayinevi.com.tr\/index.php\/wp-json\/wp\/v2\/types\/product"}],"wp:attachment":[{"href":"https:\/\/roveyayinevi.com.tr\/index.php\/wp-json\/wp\/v2\/media?parent=706097"}],"wp:term":[{"taxonomy":"product_brand","embeddable":true,"href":"https:\/\/roveyayinevi.com.tr\/index.php\/wp-json\/wp\/v2\/product_brand?post=706097"},{"taxonomy":"product_cat","embeddable":true,"href":"https:\/\/roveyayinevi.com.tr\/index.php\/wp-json\/wp\/v2\/product_cat?post=706097"},{"taxonomy":"product_tag","embeddable":true,"href":"https:\/\/roveyayinevi.com.tr\/index.php\/wp-json\/wp\/v2\/product_tag?post=706097"}],"curies":[{"name":"wp","href":"https:\/\/api.w.org\/{rel}","templated":true}]}}