{"id":706096,"date":"2025-08-27T15:52:40","date_gmt":"2025-08-27T12:52:40","guid":{"rendered":"https:\/\/roveyayinevi.com.tr\/index.php\/urun\/turk-ermeni-iliskilerinin-yarini\/"},"modified":"2026-04-16T02:14:52","modified_gmt":"2026-04-15T23:14:52","slug":"turk-ermeni-iliskilerinin-yarini","status":"publish","type":"product","link":"https:\/\/roveyayinevi.com.tr\/index.php\/urun\/turk-ermeni-iliskilerinin-yarini\/","title":{"rendered":"T\u00fcrk-Ermeni \u0130li\u015fkilerinin Yar\u0131n\u0131"},"content":{"rendered":"<p>Ge\u00e7mi\u015fi hayli eski olan T\u00fcrk ve Ermeni toplumlar\u0131 aras\u0131ndaki siyasi ve k\u00fclt\u00fcrel ili\u015fkiler, i\u00e7inde bulundu\u011fumuz Tehcir hadisesinin 100. y\u0131l\u0131nda, k\u00fcresel g\u00fc\u00e7lerin ve uluslararas\u0131 toplumun destek ve himayesiyle tam da diasporadaki Ermenilerin istedikleri do\u011frultuda, Osmanl\u0131 \u0130mparatorlu\u011fu ve miras\u00e7\u0131s\u0131 olan T\u00fcrkiye Cumhuriyeti ile s\u00f6zde soyk\u0131r\u0131m iddialar\u0131 \u00fczerinden bir hesapla\u015fma ve husumete d\u00f6n\u00fc\u015ft\u00fcr\u00fclm\u00fc\u015ft\u00fcr. Bu s\u00fcrece \u00e7e\u015fitli devletlerin parlamentolar\u0131n\u0131n s\u00f6zde soyk\u0131r\u0131m\u0131 tan\u0131ma kararlar\u0131 ile destek vermeleri, meselenin tarihi ve akademik olmaktan ziyade politik bir koz olarak kullan\u0131lmak istendi\u011finin g\u00f6stergesidir. Bu nedenle \u015fimdiye dek akademik platformlarda normalle\u015fme ve hakikati ortaya \u00e7\u0131karma y\u00f6n\u00fcnde at\u0131lan ad\u0131mlardan olumlu herhangi bir sonu\u00e7 elde edilebilmi\u015f de\u011fildir. <\/p>\n","protected":false},"excerpt":{"rendered":"<p>Ge\u00e7mi\u015fi hayli eski olan T\u00fcrk ve Ermeni toplumlar\u0131 aras\u0131ndaki siyasi ve k\u00fclt\u00fcrel ili\u015fkiler, i\u00e7inde bulundu\u011fumuz Tehcir hadisesinin 100. y\u0131l\u0131nda, k\u00fcresel g\u00fc\u00e7lerin ve uluslararas\u0131 toplumun destek ve<span class=\"excerpt-hellip\"> [\u2026]<\/span><\/p>\n","protected":false},"featured_media":0,"template":"","meta":{"_monsterinsights_skip_tracking":false,"_monsterinsights_sitenote_active":false,"_monsterinsights_sitenote_note":"","_monsterinsights_sitenote_category":0},"product_brand":[],"product_cat":[12337,14543],"product_tag":[],"class_list":{"0":"post-706096","1":"product","2":"type-product","3":"status-publish","5":"product_cat-politika-siyaset","6":"product_cat-turkiye-siyaseti-ve-politikasi","7":"pa_tur-kitap","8":"pa_yayinevi-yeditepe-yayinevi","9":"pa_yazar-kolektif","11":"first","12":"instock","13":"sale","14":"shipping-taxable","15":"purchasable","16":"product-type-simple"},"_links":{"self":[{"href":"https:\/\/roveyayinevi.com.tr\/index.php\/wp-json\/wp\/v2\/product\/706096","targetHints":{"allow":["GET"]}}],"collection":[{"href":"https:\/\/roveyayinevi.com.tr\/index.php\/wp-json\/wp\/v2\/product"}],"about":[{"href":"https:\/\/roveyayinevi.com.tr\/index.php\/wp-json\/wp\/v2\/types\/product"}],"wp:attachment":[{"href":"https:\/\/roveyayinevi.com.tr\/index.php\/wp-json\/wp\/v2\/media?parent=706096"}],"wp:term":[{"taxonomy":"product_brand","embeddable":true,"href":"https:\/\/roveyayinevi.com.tr\/index.php\/wp-json\/wp\/v2\/product_brand?post=706096"},{"taxonomy":"product_cat","embeddable":true,"href":"https:\/\/roveyayinevi.com.tr\/index.php\/wp-json\/wp\/v2\/product_cat?post=706096"},{"taxonomy":"product_tag","embeddable":true,"href":"https:\/\/roveyayinevi.com.tr\/index.php\/wp-json\/wp\/v2\/product_tag?post=706096"}],"curies":[{"name":"wp","href":"https:\/\/api.w.org\/{rel}","templated":true}]}}