{"id":706094,"date":"2025-08-27T15:52:39","date_gmt":"2025-08-27T12:52:39","guid":{"rendered":"https:\/\/roveyayinevi.com.tr\/index.php\/urun\/psikiyatri-kisa-bir-giris\/"},"modified":"2026-04-16T02:14:52","modified_gmt":"2026-04-15T23:14:52","slug":"psikiyatri-kisa-bir-giris","status":"publish","type":"product","link":"https:\/\/roveyayinevi.com.tr\/index.php\/urun\/psikiyatri-kisa-bir-giris\/","title":{"rendered":"Psikiyatri: K\u0131sa Bir Giri\u015f"},"content":{"rendered":"<p>Hepimiz sorunlu (kayg\u0131l\u0131, depresyonda ya da kafas\u0131 kar\u0131\u015f\u0131k) birilerini tan\u0131yoruz. Bir\u00e7o\u011fumuz, kendimizi zaman zaman (ergenlik \u00e7o\u011fu zaman benlik-\u015f\u00fcphesinin ve mutsuzlu\u011fun \u00f6zg\u00fcl zaman\u0131d\u0131r) bu \u015fekilde hissettik. Bu zamanlarda duygular\u0131m\u0131z bo\u011fucu, \u00f6ng\u00f6r\u00fclemez ve denetlenmesi olanaks\u0131z ve d\u00fc\u015f\u00fcncelerimiz tuhaf ve bi\u00e7imsiz olabilir. Bu bizim ak\u0131l hastas\u0131 oldu\u011fumuz ya da bir psikiyatristi g\u00f6rmemiz gerekti\u011fi anlam\u0131na m\u0131 gelir? \u0130yi ki bir\u00e7o\u011fumuz i\u00e7in yan\u0131t hay\u0131rd\u0131r. Ancak psikiyatri hakk\u0131nda okudu\u011fumuzda betimlenenin bunlara dikkat \u00e7ekici bir bi\u00e7imde benzeyen deneyimler oldu\u011funu buluruz. Psikiyatri b\u00fcy\u00fcleyicidir \u00e7\u00fcnk\u00fc o bilin\u00e7, se\u00e7im, motivasyon, \u00f6zg\u00fcr irade, ili\u015fki ile -ger\u00e7ekten de bizi insan k\u0131lan her \u015feyle- ilgilenmektedir. S\u0131k s\u0131k yasaklay\u0131c\u0131 bir jargon alt\u0131nda (ruh hali yerine \u201cduygudurum\u201d, endi\u015fe yerine \u201ckayg\u0131\u201d, korku yerine \u201cfobi\u201d, d\u00fc\u015f\u00fcnme yerine \u201cbili\u015f\u201d) gizlense de betimlenen ko\u015fullar h\u00e2l\u00e2 hemen tan\u0131n\u0131r durumdad\u0131r. Bu kitapta psikiyatrinin ne oldu\u011fu temel kavramlar ve ele\u015ftirel de\u011ferlendirmelerle birlikte tarihsel geli\u015fim dinami\u011fi ba\u011flam\u0131nda ele al\u0131nm\u0131\u015ft\u0131r. Psikiyatrinin haleti ruhiyesi ve olas\u0131 gelece\u011fi \u00fczerine de\u011ferlendirmeler bilimsel ak\u0131ldan kopmadan derinlikli, \u00f6\u011fretici ve keyifli bir \u015fekilde yap\u0131lm\u0131\u015ft\u0131r. <\/p>\n","protected":false},"excerpt":{"rendered":"<p>Hepimiz sorunlu (kayg\u0131l\u0131, depresyonda ya da kafas\u0131 kar\u0131\u015f\u0131k) birilerini tan\u0131yoruz. Bir\u00e7o\u011fumuz, kendimizi zaman zaman (ergenlik \u00e7o\u011fu zaman benlik-\u015f\u00fcphesinin ve mutsuzlu\u011fun \u00f6zg\u00fcl zaman\u0131d\u0131r) bu \u015fekilde hissettik. Bu<span class=\"excerpt-hellip\"> [\u2026]<\/span><\/p>\n","protected":false},"featured_media":0,"template":"","meta":{"_monsterinsights_skip_tracking":false,"_monsterinsights_sitenote_active":false,"_monsterinsights_sitenote_note":"","_monsterinsights_sitenote_category":0},"product_brand":[],"product_cat":[12358,12357],"product_tag":[],"class_list":{"0":"post-706094","1":"product","2":"type-product","3":"status-publish","5":"product_cat-genel-psikoloji","6":"product_cat-psikoloji","7":"pa_cilt-ciltsiz","8":"pa_tur-kitap","9":"pa_yayinevi-nika-yayinevi","10":"pa_yazar-tom-burns","12":"first","13":"instock","14":"sale","15":"shipping-taxable","16":"purchasable","17":"product-type-simple"},"_links":{"self":[{"href":"https:\/\/roveyayinevi.com.tr\/index.php\/wp-json\/wp\/v2\/product\/706094","targetHints":{"allow":["GET"]}}],"collection":[{"href":"https:\/\/roveyayinevi.com.tr\/index.php\/wp-json\/wp\/v2\/product"}],"about":[{"href":"https:\/\/roveyayinevi.com.tr\/index.php\/wp-json\/wp\/v2\/types\/product"}],"wp:attachment":[{"href":"https:\/\/roveyayinevi.com.tr\/index.php\/wp-json\/wp\/v2\/media?parent=706094"}],"wp:term":[{"taxonomy":"product_brand","embeddable":true,"href":"https:\/\/roveyayinevi.com.tr\/index.php\/wp-json\/wp\/v2\/product_brand?post=706094"},{"taxonomy":"product_cat","embeddable":true,"href":"https:\/\/roveyayinevi.com.tr\/index.php\/wp-json\/wp\/v2\/product_cat?post=706094"},{"taxonomy":"product_tag","embeddable":true,"href":"https:\/\/roveyayinevi.com.tr\/index.php\/wp-json\/wp\/v2\/product_tag?post=706094"}],"curies":[{"name":"wp","href":"https:\/\/api.w.org\/{rel}","templated":true}]}}