{"id":706093,"date":"2025-08-27T15:52:38","date_gmt":"2025-08-27T12:52:38","guid":{"rendered":"https:\/\/roveyayinevi.com.tr\/index.php\/urun\/milenaya-mektuplar-4\/"},"modified":"2026-04-16T02:14:52","modified_gmt":"2026-04-15T23:14:52","slug":"milenaya-mektuplar-4","status":"publish","type":"product","link":"https:\/\/roveyayinevi.com.tr\/index.php\/urun\/milenaya-mektuplar-4\/","title":{"rendered":"Milena&#8217;ya Mektuplar"},"content":{"rendered":"<p>Bu kitap, Franz ve Milena&#8217;n\u0131n ili\u015fkisi, Kafka&#8217;n\u0131n Prag &#8211; Yahudi \/ Yahudi olmayan, Alman \/ \u00c7ek k\u00f6kenleri aras\u0131ndaki \u00e7eli\u015fkileri yans\u0131t\u0131r. Ancak onlar\u0131n aras\u0131nda bu farkl\u0131l\u0131klar, aralar\u0131ndaki uyumsuzluktan ziayde uyumu a\u00e7\u0131klamaktad\u0131r. Bunun nedeni, belki her ikisinin de   yabanc\u0131l\u0131ktan yabanc\u0131l\u0131k oldu\u011fu i\u00e7in   zevk almalar\u0131d\u0131r. <\/p>\n","protected":false},"excerpt":{"rendered":"<p>Bu kitap, Franz ve Milena&#8217;n\u0131n ili\u015fkisi, Kafka&#8217;n\u0131n Prag &#8211; Yahudi \/ Yahudi olmayan, Alman \/ \u00c7ek k\u00f6kenleri aras\u0131ndaki \u00e7eli\u015fkileri yans\u0131t\u0131r. Ancak onlar\u0131n aras\u0131nda bu farkl\u0131l\u0131klar, aralar\u0131ndaki<span class=\"excerpt-hellip\"> [\u2026]<\/span><\/p>\n","protected":false},"featured_media":0,"template":"","meta":{"_monsterinsights_skip_tracking":false,"_monsterinsights_sitenote_active":false,"_monsterinsights_sitenote_note":"","_monsterinsights_sitenote_category":0},"product_brand":[],"product_cat":[12782,12291],"product_tag":[],"class_list":{"0":"post-706093","1":"product","2":"type-product","3":"status-publish","5":"product_cat-alman-edebiyati","6":"product_cat-edebiyat","7":"pa_tur-kitap","8":"pa_yayinevi-oda-yayinlari","9":"pa_yazar-franz-kafka","11":"first","12":"instock","13":"sale","14":"shipping-taxable","15":"purchasable","16":"product-type-simple"},"_links":{"self":[{"href":"https:\/\/roveyayinevi.com.tr\/index.php\/wp-json\/wp\/v2\/product\/706093","targetHints":{"allow":["GET"]}}],"collection":[{"href":"https:\/\/roveyayinevi.com.tr\/index.php\/wp-json\/wp\/v2\/product"}],"about":[{"href":"https:\/\/roveyayinevi.com.tr\/index.php\/wp-json\/wp\/v2\/types\/product"}],"wp:attachment":[{"href":"https:\/\/roveyayinevi.com.tr\/index.php\/wp-json\/wp\/v2\/media?parent=706093"}],"wp:term":[{"taxonomy":"product_brand","embeddable":true,"href":"https:\/\/roveyayinevi.com.tr\/index.php\/wp-json\/wp\/v2\/product_brand?post=706093"},{"taxonomy":"product_cat","embeddable":true,"href":"https:\/\/roveyayinevi.com.tr\/index.php\/wp-json\/wp\/v2\/product_cat?post=706093"},{"taxonomy":"product_tag","embeddable":true,"href":"https:\/\/roveyayinevi.com.tr\/index.php\/wp-json\/wp\/v2\/product_tag?post=706093"}],"curies":[{"name":"wp","href":"https:\/\/api.w.org\/{rel}","templated":true}]}}