{"id":706092,"date":"2025-08-27T15:52:38","date_gmt":"2025-08-27T12:52:38","guid":{"rendered":"https:\/\/roveyayinevi.com.tr\/index.php\/urun\/ucuc-bocegi-pirilti-allahin-basir-ismini-ogreniyor\/"},"modified":"2025-09-13T14:44:12","modified_gmt":"2025-09-13T11:44:12","slug":"ucuc-bocegi-pirilti-allahin-basir-ismini-ogreniyor","status":"publish","type":"product","link":"https:\/\/roveyayinevi.com.tr\/index.php\/urun\/ucuc-bocegi-pirilti-allahin-basir-ismini-ogreniyor\/","title":{"rendered":"U\u00e7u\u00e7 B\u00f6ce\u011fi P\u0131r\u0131lt\u0131 &#8211; Allah&#8217;\u0131n Basir \u0130smini \u00d6\u011freniyor"},"content":{"rendered":"<p>Sevgili \u00c7ocuklar, <\/p>\n","protected":false},"excerpt":{"rendered":"<p>Sevgili \u00c7ocuklar,<\/p>\n","protected":false},"featured_media":0,"template":"","meta":{"_monsterinsights_skip_tracking":false,"_monsterinsights_sitenote_active":false,"_monsterinsights_sitenote_note":"","_monsterinsights_sitenote_category":0},"product_brand":[],"product_cat":[12492,12274],"product_tag":[],"class_list":{"0":"post-706092","1":"product","2":"type-product","3":"status-publish","5":"product_cat-bilmece-bulmaca","6":"product_cat-cocuk-ve-genclik-kitaplari","7":"pa_tur-kitap","8":"pa_yayinevi-timas-cocuk","9":"pa_yazar-nur-kutlu","11":"first","12":"instock","13":"sale","14":"shipping-taxable","15":"purchasable","16":"product-type-simple"},"_links":{"self":[{"href":"https:\/\/roveyayinevi.com.tr\/index.php\/wp-json\/wp\/v2\/product\/706092","targetHints":{"allow":["GET"]}}],"collection":[{"href":"https:\/\/roveyayinevi.com.tr\/index.php\/wp-json\/wp\/v2\/product"}],"about":[{"href":"https:\/\/roveyayinevi.com.tr\/index.php\/wp-json\/wp\/v2\/types\/product"}],"wp:attachment":[{"href":"https:\/\/roveyayinevi.com.tr\/index.php\/wp-json\/wp\/v2\/media?parent=706092"}],"wp:term":[{"taxonomy":"product_brand","embeddable":true,"href":"https:\/\/roveyayinevi.com.tr\/index.php\/wp-json\/wp\/v2\/product_brand?post=706092"},{"taxonomy":"product_cat","embeddable":true,"href":"https:\/\/roveyayinevi.com.tr\/index.php\/wp-json\/wp\/v2\/product_cat?post=706092"},{"taxonomy":"product_tag","embeddable":true,"href":"https:\/\/roveyayinevi.com.tr\/index.php\/wp-json\/wp\/v2\/product_tag?post=706092"}],"curies":[{"name":"wp","href":"https:\/\/api.w.org\/{rel}","templated":true}]}}