{"id":706082,"date":"2025-08-27T15:52:34","date_gmt":"2025-08-27T12:52:34","guid":{"rendered":"https:\/\/roveyayinevi.com.tr\/index.php\/urun\/osmanlidan-cumhuriyete-fikir-dergiciligi-ve-sosyolojiye-etkileri\/"},"modified":"2026-04-16T02:14:52","modified_gmt":"2026-04-15T23:14:52","slug":"osmanlidan-cumhuriyete-fikir-dergiciligi-ve-sosyolojiye-etkileri","status":"publish","type":"product","link":"https:\/\/roveyayinevi.com.tr\/index.php\/urun\/osmanlidan-cumhuriyete-fikir-dergiciligi-ve-sosyolojiye-etkileri\/","title":{"rendered":"Osmanl\u0131\u2019dan Cumhuriyet\u2019e Fikir Dergicili\u011fi ve Sosyolojiye Etkileri"},"content":{"rendered":"<p>T\u00fcrkiye&#8217;de sosyolojinin aktar\u0131lmas\u0131nda ve kurumsalla\u015fmas\u0131nda dergilerin \u00f6nemli rol\u00fc olmu\u015ftur. Bu bak\u0131mdan T\u00fcrkiye&#8217;de dergicilik sosyolojinin &#8216; ikinci \u00fcniversitesi&#8217; dir. Osmanl\u0131 ayd\u0131n\u0131 dergiler arac\u0131l\u0131\u011f\u0131yla Bat\u0131&#8217;ya a\u00e7\u0131lm\u0131\u015f, sosyolojiyi ilk dergiler \u00fczerinden \u00fclkemize aktarm\u0131\u015ft\u0131r. Dolay\u0131s\u0131yla dergiler sosyolojinin \u00f6nemli tarihi kaynaklar\u0131d\u0131r. Bu kitapta, Osmanl\u0131n\u0131n Bat\u0131l\u0131la\u015fma siyasetiyle birlikte sosyolojinin T\u00fcrkiye&#8217;ye giri\u015fini ve kurumsalla\u015fma \u00e7abalar\u0131n\u0131 tarihsel s\u00fcreci de kapsayan bir yakla\u015f\u0131mla dergicilik \u00fczerinden okuma imkan\u0131 bulacaks\u0131n\u0131z. <\/p>\n","protected":false},"excerpt":{"rendered":"<p>T\u00fcrkiye&#8217;de sosyolojinin aktar\u0131lmas\u0131nda ve kurumsalla\u015fmas\u0131nda dergilerin \u00f6nemli rol\u00fc olmu\u015ftur. Bu bak\u0131mdan T\u00fcrkiye&#8217;de dergicilik sosyolojinin &#8216; ikinci \u00fcniversitesi&#8217; dir. Osmanl\u0131 ayd\u0131n\u0131 dergiler arac\u0131l\u0131\u011f\u0131yla Bat\u0131&#8217;ya a\u00e7\u0131lm\u0131\u015f, sosyolojiyi ilk<span class=\"excerpt-hellip\"> [\u2026]<\/span><\/p>\n","protected":false},"featured_media":0,"template":"","meta":{"_monsterinsights_skip_tracking":false,"_monsterinsights_sitenote_active":false,"_monsterinsights_sitenote_note":"","_monsterinsights_sitenote_category":0},"product_brand":[],"product_cat":[13517,12304],"product_tag":[],"class_list":{"0":"post-706082","1":"product","2":"type-product","3":"status-publish","5":"product_cat-osmanli-tarihi","6":"product_cat-tarih","7":"pa_cilt-ciltsiz","8":"pa_tur-kitap","9":"pa_yayinevi-ani-yayincilik","10":"pa_yazar-recep-ercan","12":"first","13":"instock","14":"sale","15":"shipping-taxable","16":"purchasable","17":"product-type-simple"},"_links":{"self":[{"href":"https:\/\/roveyayinevi.com.tr\/index.php\/wp-json\/wp\/v2\/product\/706082","targetHints":{"allow":["GET"]}}],"collection":[{"href":"https:\/\/roveyayinevi.com.tr\/index.php\/wp-json\/wp\/v2\/product"}],"about":[{"href":"https:\/\/roveyayinevi.com.tr\/index.php\/wp-json\/wp\/v2\/types\/product"}],"wp:attachment":[{"href":"https:\/\/roveyayinevi.com.tr\/index.php\/wp-json\/wp\/v2\/media?parent=706082"}],"wp:term":[{"taxonomy":"product_brand","embeddable":true,"href":"https:\/\/roveyayinevi.com.tr\/index.php\/wp-json\/wp\/v2\/product_brand?post=706082"},{"taxonomy":"product_cat","embeddable":true,"href":"https:\/\/roveyayinevi.com.tr\/index.php\/wp-json\/wp\/v2\/product_cat?post=706082"},{"taxonomy":"product_tag","embeddable":true,"href":"https:\/\/roveyayinevi.com.tr\/index.php\/wp-json\/wp\/v2\/product_tag?post=706082"}],"curies":[{"name":"wp","href":"https:\/\/api.w.org\/{rel}","templated":true}]}}