{"id":706080,"date":"2025-08-27T15:52:34","date_gmt":"2025-08-27T12:52:34","guid":{"rendered":"https:\/\/roveyayinevi.com.tr\/index.php\/urun\/okul-temelli-onleyici-rehberlik-ve-psikolojik-danisma\/"},"modified":"2026-04-16T02:14:51","modified_gmt":"2026-04-15T23:14:51","slug":"okul-temelli-onleyici-rehberlik-ve-psikolojik-danisma","status":"publish","type":"product","link":"https:\/\/roveyayinevi.com.tr\/index.php\/urun\/okul-temelli-onleyici-rehberlik-ve-psikolojik-danisma\/","title":{"rendered":"Okul Temelli \u00d6nleyici Rehberlik ve Psikolojik Dan\u0131\u015fma"},"content":{"rendered":"<p>\u00d6zellikle gen\u00e7lerin,\u00e7a\u011fda\u015f ya\u015fam\u0131n getirdi\u011fi de\u011fi\u015fikliklerin,kitle ileti\u015fim ara\u00e7lar\u0131n\u0131n yayg\u0131nl\u0131\u011f\u0131n\u0131n,toplumsal sorunlar\u0131n yan\u0131s\u0131ra geli\u015fimsel \u00f6zelliklerininde bir sonucu olarak sald\u0131rgan davranma,madde kullan\u0131m\u0131,yanl\u0131\u015f beslenme ve yeme bozukluklar\u0131,\u00fcreme sa\u011fl\u0131\u011f\u0131 sorunlar\u0131,okul terki hatta intihar gibi baz\u0131 i\u015flevsel olmayan riskli davran\u0131\u015flar g\u00f6sterebilmektedirler.Bu konuda bir art\u0131\u015f\u0131n g\u00f6zlendi\u011fi bir\u00e7ok ara\u015ft\u0131rma sonu\u00e7lar\u0131yla da ortaya konmaktad\u0131r.Asl\u0131nda al\u0131nan baz\u0131 \u00f6nmemlerle pek \u00e7ok sa\u011fl\u0131k ve sosyal sorunu gibi bu riskli davran\u0131\u015flar \u00f6nlenebilmektedir.Psikolojik olarak sa\u011flam,ya\u015fam becerilerine sahip,kendilik de\u011feri ger\u00e7ek\u00e7i olanlar\u0131n adeta a\u015f\u0131l\u0131larm\u0131\u015f gibi riskli davran\u0131\u015flara direnebildikleri,sa\u011fl\u0131kl\u0131 ve i\u015flevsel davran\u0131\u015flar i\u00e7inde olduklar\u0131 g\u00f6zlenmektedir.Bu durumda okul sisteminde \u00e7al\u0131\u015fan psikolojik dan\u0131\u015fmanlar\u0131n \u00f6\u011frencileri riskli davran\u0131\u015flara &#8220;a\u015f\u0131l\u0131&#8221; hale getiren &#8220;koruyucu&#8221; \u00f6zellikleri olan becerileri kazand\u0131rma rol\u00fcn\u00fcn \u00f6nemi daha da netle\u015fmektedir.Bu kitapta bu konularla ilgili ara\u015ft\u0131rmalar,uygulama \u00f6rnekleri ve \u00f6neriler yer almaktad\u0131r. <\/p>\n","protected":false},"excerpt":{"rendered":"<p>\u00d6zellikle gen\u00e7lerin,\u00e7a\u011fda\u015f ya\u015fam\u0131n getirdi\u011fi de\u011fi\u015fikliklerin,kitle ileti\u015fim ara\u00e7lar\u0131n\u0131n yayg\u0131nl\u0131\u011f\u0131n\u0131n,toplumsal sorunlar\u0131n yan\u0131s\u0131ra geli\u015fimsel \u00f6zelliklerininde bir sonucu olarak sald\u0131rgan davranma,madde kullan\u0131m\u0131,yanl\u0131\u015f beslenme ve yeme bozukluklar\u0131,\u00fcreme sa\u011fl\u0131\u011f\u0131 sorunlar\u0131,okul terki hatta<span class=\"excerpt-hellip\"> [\u2026]<\/span><\/p>\n","protected":false},"featured_media":0,"template":"","meta":{"_monsterinsights_skip_tracking":false,"_monsterinsights_sitenote_active":false,"_monsterinsights_sitenote_note":"","_monsterinsights_sitenote_category":0},"product_brand":[],"product_cat":[12358,12357],"product_tag":[],"class_list":{"0":"post-706080","1":"product","2":"type-product","3":"status-publish","5":"product_cat-genel-psikoloji","6":"product_cat-psikoloji","7":"pa_cilt-ciltsiz","8":"pa_tur-kitap","9":"pa_yayinevi-ani-yayincilik","10":"pa_yazar-fidan-korkut-owen","12":"first","13":"instock","14":"sale","15":"shipping-taxable","16":"purchasable","17":"product-type-simple"},"_links":{"self":[{"href":"https:\/\/roveyayinevi.com.tr\/index.php\/wp-json\/wp\/v2\/product\/706080","targetHints":{"allow":["GET"]}}],"collection":[{"href":"https:\/\/roveyayinevi.com.tr\/index.php\/wp-json\/wp\/v2\/product"}],"about":[{"href":"https:\/\/roveyayinevi.com.tr\/index.php\/wp-json\/wp\/v2\/types\/product"}],"wp:attachment":[{"href":"https:\/\/roveyayinevi.com.tr\/index.php\/wp-json\/wp\/v2\/media?parent=706080"}],"wp:term":[{"taxonomy":"product_brand","embeddable":true,"href":"https:\/\/roveyayinevi.com.tr\/index.php\/wp-json\/wp\/v2\/product_brand?post=706080"},{"taxonomy":"product_cat","embeddable":true,"href":"https:\/\/roveyayinevi.com.tr\/index.php\/wp-json\/wp\/v2\/product_cat?post=706080"},{"taxonomy":"product_tag","embeddable":true,"href":"https:\/\/roveyayinevi.com.tr\/index.php\/wp-json\/wp\/v2\/product_tag?post=706080"}],"curies":[{"name":"wp","href":"https:\/\/api.w.org\/{rel}","templated":true}]}}