{"id":706079,"date":"2025-08-27T15:52:33","date_gmt":"2025-08-27T12:52:33","guid":{"rendered":"https:\/\/roveyayinevi.com.tr\/index.php\/urun\/tum-yonleriyle-mimari-fotograf\/"},"modified":"2026-04-16T02:14:51","modified_gmt":"2026-04-15T23:14:51","slug":"tum-yonleriyle-mimari-fotograf","status":"publish","type":"product","link":"https:\/\/roveyayinevi.com.tr\/index.php\/urun\/tum-yonleriyle-mimari-fotograf\/","title":{"rendered":"T\u00fcm Y\u00f6nleriyle Mimari Foto\u011fraf"},"content":{"rendered":"<p>1826 y\u0131l\u0131nda ilk fotografik g\u00f6r\u00fcnt\u00fcy\u00fc elde eden Joseph N. Niepce, zorunlu olarak evinin balkonundan g\u00f6r\u00fcnen yap\u0131lar grubunu foto\u011fraflam\u0131\u015ft\u0131. \u00c7\u00fcnk\u00fc yapt\u0131\u011f\u0131 ilk \u0131\u015f\u0131\u011fa duyarl\u0131 y\u00fczey, hareketli objeleri tespit edemeyecek kadar yava\u015f bir filmdi. Yine ayn\u0131 d\u00f6nemde kendisini takip eden di\u011fer foto\u011fraf\u00e7\u0131lar da, ilk filmin duyarl\u0131l\u0131\u011f\u0131n\u0131n d\u00fc\u015f\u00fck olmas\u0131ndan dolay\u0131 mimari gibi sabit objeleri \u00e7ekmeyi tercih ettiler. \u0130lerleyen y\u0131llarda h\u0131zl\u0131 filmlerin \u00fcretilmesiyle birlikte portre foto\u011fraf\u00e7\u0131l\u0131\u011f\u0131 daha yayg\u0131nla\u015fsa da, mimari foto\u011fraf\u00e7\u0131l\u0131k hi\u00e7bir zaman geri planda kalmad\u0131. Ayn\u0131 tarihlerde geli\u015fen mimarl\u0131k e\u011fitimi ve ortaya \u00e7\u0131kan mimarl\u0131k mesle\u011fi de, mimari foto\u011fraf\u00e7\u0131l\u0131\u011f\u0131n ilerlemesini sa\u011flad\u0131. \u00d6zellikle Amerika ve \u0130ngiltere\u2019de geli\u015fen ve kurumsalla\u015fan profesyonel anlamdaki mimari foto\u011fraf\u00e7\u0131l\u0131k mesle\u011fi bug\u00fcn ba\u015fl\u0131 ba\u015f\u0131na bir uzmanl\u0131k dal\u0131 halini ald\u0131. <\/p>\n","protected":false},"excerpt":{"rendered":"<p>1826 y\u0131l\u0131nda ilk fotografik g\u00f6r\u00fcnt\u00fcy\u00fc elde eden Joseph N. Niepce, zorunlu olarak evinin balkonundan g\u00f6r\u00fcnen yap\u0131lar grubunu foto\u011fraflam\u0131\u015ft\u0131. \u00c7\u00fcnk\u00fc yapt\u0131\u011f\u0131 ilk \u0131\u015f\u0131\u011fa duyarl\u0131 y\u00fczey, hareketli objeleri<span class=\"excerpt-hellip\"> [\u2026]<\/span><\/p>\n","protected":false},"featured_media":0,"template":"","meta":{"_monsterinsights_skip_tracking":false,"_monsterinsights_sitenote_active":false,"_monsterinsights_sitenote_note":"","_monsterinsights_sitenote_category":0},"product_brand":[],"product_cat":[12409,12408],"product_tag":[],"class_list":{"0":"post-706079","1":"product","2":"type-product","3":"status-publish","5":"product_cat-fotograf-sinema-tiyatro","6":"product_cat-sanat","7":"pa_cilt-ciltsiz","8":"pa_tur-kitap","9":"pa_yayinevi-say-yayinlari","10":"pa_yazar-ozer-kanburoglu","12":"first","13":"instock","14":"sale","15":"shipping-taxable","16":"purchasable","17":"product-type-simple"},"_links":{"self":[{"href":"https:\/\/roveyayinevi.com.tr\/index.php\/wp-json\/wp\/v2\/product\/706079","targetHints":{"allow":["GET"]}}],"collection":[{"href":"https:\/\/roveyayinevi.com.tr\/index.php\/wp-json\/wp\/v2\/product"}],"about":[{"href":"https:\/\/roveyayinevi.com.tr\/index.php\/wp-json\/wp\/v2\/types\/product"}],"wp:attachment":[{"href":"https:\/\/roveyayinevi.com.tr\/index.php\/wp-json\/wp\/v2\/media?parent=706079"}],"wp:term":[{"taxonomy":"product_brand","embeddable":true,"href":"https:\/\/roveyayinevi.com.tr\/index.php\/wp-json\/wp\/v2\/product_brand?post=706079"},{"taxonomy":"product_cat","embeddable":true,"href":"https:\/\/roveyayinevi.com.tr\/index.php\/wp-json\/wp\/v2\/product_cat?post=706079"},{"taxonomy":"product_tag","embeddable":true,"href":"https:\/\/roveyayinevi.com.tr\/index.php\/wp-json\/wp\/v2\/product_tag?post=706079"}],"curies":[{"name":"wp","href":"https:\/\/api.w.org\/{rel}","templated":true}]}}