{"id":706077,"date":"2025-08-27T15:52:33","date_gmt":"2025-08-27T12:52:33","guid":{"rendered":"https:\/\/roveyayinevi.com.tr\/index.php\/urun\/ana-hatlariyla-felsefe\/"},"modified":"2026-04-16T02:14:51","modified_gmt":"2026-04-15T23:14:51","slug":"ana-hatlariyla-felsefe","status":"publish","type":"product","link":"https:\/\/roveyayinevi.com.tr\/index.php\/urun\/ana-hatlariyla-felsefe\/","title":{"rendered":"Ana Hatlar\u0131yla Felsefe"},"content":{"rendered":"<p>Modern d\u00fcnyan\u0131n en \u00f6nemli felsefecilerinden biri olan Bertrand Russell, Ana Hatlar\u0131yla Felsefe ile evrensel bilgiyi edinmemizde bize elveri\u015fli bir yol sunuyor. Evreni bir b\u00fct\u00fcn olarak ele alan Russell, felsefenin sabit de\u011fil, s\u00fcrekli devam eden ve kendini geli\u015ftiren bir alan oldu\u011funu \u00f6ne s\u00fcr\u00fcyor. \u0130\u00e7 d\u00fcnyam\u0131zdan fiziksel d\u00fcnyaya, bedenimizden evrene var\u0131ncaya kadar \u00e7e\u015fitli konulara de\u011finirken modern bilimsel bilgilerle, bizim \u201cg\u00f6r\u00fcn\u00fcr\u201d bilincimizi birbirinden ay\u0131r\u0131yor. Felsefedeki bu yeni ve ufuk a\u00e7\u0131c\u0131 perspektifler, bug\u00fcn de devam eden felsefenin anlam\u0131, ge\u00e7erlili\u011fi ve i\u015flevi konular\u0131ndaki tart\u0131\u015fmalara \u00f6nemli bir katk\u0131 sunuyor.\u201c\u00c7ok de\u011ferli bir kitap\u2026 Yaz\u0131lanlar bekledi\u011fimiz berrakl\u0131\u011f\u0131 bize sunuyor.\u201d <\/p>\n","protected":false},"excerpt":{"rendered":"<p>Modern d\u00fcnyan\u0131n en \u00f6nemli felsefecilerinden biri olan Bertrand Russell, Ana Hatlar\u0131yla Felsefe ile evrensel bilgiyi edinmemizde bize elveri\u015fli bir yol sunuyor. Evreni bir b\u00fct\u00fcn olarak ele<span class=\"excerpt-hellip\"> [\u2026]<\/span><\/p>\n","protected":false},"featured_media":0,"template":"","meta":{"_monsterinsights_skip_tracking":false,"_monsterinsights_sitenote_active":false,"_monsterinsights_sitenote_note":"","_monsterinsights_sitenote_category":0},"product_brand":[],"product_cat":[12389,12388],"product_tag":[],"class_list":{"0":"post-706077","1":"product","2":"type-product","3":"status-publish","5":"product_cat-diger-felsefe","6":"product_cat-felsefe","7":"pa_cilt-ciltsiz","8":"pa_tur-kitap","9":"pa_yayinevi-say-yayinlari","10":"pa_yazar-bertrand-russell","12":"first","13":"instock","14":"sale","15":"shipping-taxable","16":"purchasable","17":"product-type-simple"},"_links":{"self":[{"href":"https:\/\/roveyayinevi.com.tr\/index.php\/wp-json\/wp\/v2\/product\/706077","targetHints":{"allow":["GET"]}}],"collection":[{"href":"https:\/\/roveyayinevi.com.tr\/index.php\/wp-json\/wp\/v2\/product"}],"about":[{"href":"https:\/\/roveyayinevi.com.tr\/index.php\/wp-json\/wp\/v2\/types\/product"}],"wp:attachment":[{"href":"https:\/\/roveyayinevi.com.tr\/index.php\/wp-json\/wp\/v2\/media?parent=706077"}],"wp:term":[{"taxonomy":"product_brand","embeddable":true,"href":"https:\/\/roveyayinevi.com.tr\/index.php\/wp-json\/wp\/v2\/product_brand?post=706077"},{"taxonomy":"product_cat","embeddable":true,"href":"https:\/\/roveyayinevi.com.tr\/index.php\/wp-json\/wp\/v2\/product_cat?post=706077"},{"taxonomy":"product_tag","embeddable":true,"href":"https:\/\/roveyayinevi.com.tr\/index.php\/wp-json\/wp\/v2\/product_tag?post=706077"}],"curies":[{"name":"wp","href":"https:\/\/api.w.org\/{rel}","templated":true}]}}