{"id":706076,"date":"2025-08-27T15:52:32","date_gmt":"2025-08-27T12:52:32","guid":{"rendered":"https:\/\/roveyayinevi.com.tr\/index.php\/urun\/karanlik-kardes\/"},"modified":"2026-04-16T02:14:51","modified_gmt":"2026-04-15T23:14:51","slug":"karanlik-kardes","status":"publish","type":"product","link":"https:\/\/roveyayinevi.com.tr\/index.php\/urun\/karanlik-kardes\/","title":{"rendered":"Karanl\u0131k Karde\u015f"},"content":{"rendered":"<p>Kim bilir belki de yazarlar Gogol\u2019un Palto\u2019sundan \u00e7\u0131kmam\u0131\u015flard\u0131 da \u015eeytan\u2019\u0131n boynuzlar\u0131ndan d\u00fc\u015fm\u00fc\u015flerdi. Belki de Dostoyevski o b\u00fcy\u00fcl\u00fc \u015feytanlar\u0131n\u0131n ger\u00e7ek ilham\u0131n\u0131 gizlemek istemi\u015fti. Hem ne de olsa, her y\u00fczy\u0131l\u0131n oldu\u011fu gibi 19. y\u00fczy\u0131l\u0131n da kendi \u015feytanlar\u0131 vard\u0131: fabrika bacalar\u0131n\u0131n sisle \u00f6rtt\u00fc\u011f\u00fc kentlerde cirit atan, insan\u0131 yitik cennetler, sonsuz d\u00fc\u015f\u00fc\u015fler i\u00e7in ayartan \u015feytanlar\u0131. Anlat\u0131lan her \u015fey Dante\u2019nin Cehennemi kadar renkli ve par\u0131lt\u0131l\u0131yd\u0131, Milton\u2019\u0131n \u015eeytan\u2019\u0131 kadar cezbedici\u2026 <\/p>\n","protected":false},"excerpt":{"rendered":"<p>Kim bilir belki de yazarlar Gogol\u2019un Palto\u2019sundan \u00e7\u0131kmam\u0131\u015flard\u0131 da \u015eeytan\u2019\u0131n boynuzlar\u0131ndan d\u00fc\u015fm\u00fc\u015flerdi. Belki de Dostoyevski o b\u00fcy\u00fcl\u00fc \u015feytanlar\u0131n\u0131n ger\u00e7ek ilham\u0131n\u0131 gizlemek istemi\u015fti. Hem ne de olsa,<span class=\"excerpt-hellip\"> [\u2026]<\/span><\/p>\n","protected":false},"featured_media":0,"template":"","meta":{"_monsterinsights_skip_tracking":false,"_monsterinsights_sitenote_active":false,"_monsterinsights_sitenote_note":"","_monsterinsights_sitenote_category":0},"product_brand":[],"product_cat":[13548,12408],"product_tag":[],"class_list":{"0":"post-706076","1":"product","2":"type-product","3":"status-publish","5":"product_cat-kuram","6":"product_cat-sanat","7":"pa_cilt-ciltsiz","8":"pa_tur-kitap","9":"pa_yayinevi-ayrinti-yayinlari","10":"pa_yazar-muslum-yucel","12":"first","13":"instock","14":"sale","15":"shipping-taxable","16":"purchasable","17":"product-type-simple"},"_links":{"self":[{"href":"https:\/\/roveyayinevi.com.tr\/index.php\/wp-json\/wp\/v2\/product\/706076","targetHints":{"allow":["GET"]}}],"collection":[{"href":"https:\/\/roveyayinevi.com.tr\/index.php\/wp-json\/wp\/v2\/product"}],"about":[{"href":"https:\/\/roveyayinevi.com.tr\/index.php\/wp-json\/wp\/v2\/types\/product"}],"wp:attachment":[{"href":"https:\/\/roveyayinevi.com.tr\/index.php\/wp-json\/wp\/v2\/media?parent=706076"}],"wp:term":[{"taxonomy":"product_brand","embeddable":true,"href":"https:\/\/roveyayinevi.com.tr\/index.php\/wp-json\/wp\/v2\/product_brand?post=706076"},{"taxonomy":"product_cat","embeddable":true,"href":"https:\/\/roveyayinevi.com.tr\/index.php\/wp-json\/wp\/v2\/product_cat?post=706076"},{"taxonomy":"product_tag","embeddable":true,"href":"https:\/\/roveyayinevi.com.tr\/index.php\/wp-json\/wp\/v2\/product_tag?post=706076"}],"curies":[{"name":"wp","href":"https:\/\/api.w.org\/{rel}","templated":true}]}}