{"id":706075,"date":"2025-08-27T15:52:32","date_gmt":"2025-08-27T12:52:32","guid":{"rendered":"https:\/\/roveyayinevi.com.tr\/index.php\/urun\/okul-oncesinde-beden-egitimi-ve-uygulamalari\/"},"modified":"2026-04-16T02:14:51","modified_gmt":"2026-04-15T23:14:51","slug":"okul-oncesinde-beden-egitimi-ve-uygulamalari","status":"publish","type":"product","link":"https:\/\/roveyayinevi.com.tr\/index.php\/urun\/okul-oncesinde-beden-egitimi-ve-uygulamalari\/","title":{"rendered":"Okul \u00d6ncesinde Beden E\u011fitimi ve Uygulamalar\u0131"},"content":{"rendered":"<p>Okul \u00f6ncesi y\u0131llar insan ya\u015fam\u0131nda kritik y\u0131llar ve insan hayat\u0131n\u0131n temeli olarak adland\u0131r\u0131lmaktad\u0131r. Bu d\u00f6nem \u00e7ocu\u011fu sadece ileri ki d\u00f6nemlere haz\u0131rlayan bir d\u00f6nem olmay\u0131p, kendi ba\u015f\u0131na \u00f6nemli bir d\u00f6nemdir. Bu d\u00f6nemde \u00e7ocuklar\u0131n bili\u015fsel, sosyal, duygusal, fiziksel ve psikomotor geli\u015fimleri olduk\u00e7a h\u0131zl\u0131d\u0131r. Okul \u00f6ncesi e\u011fitimin temel ama\u00e7lar\u0131ndan biri de \u00e7ocu\u011fun bu geli\u015fim alanlar\u0131n\u0131 desteklemek ve temel al\u0131\u015fkanl\u0131klar kazanmas\u0131n\u0131 sa\u011flamakt\u0131r. Bu da iyi bir okul \u00f6ncesi e\u011fitim pro\u011fram\u0131 ve e\u011fitim ortam\u0131 ile m\u00fcmk\u00fcnd\u00fcr. Ancak her \u015feyden \u00f6nemlisi \u00f6\u011fretmen ve \u00f6\u011fretmenin \u00f6\u011fretme becerileridir. Bu kitap okul \u00f6ncesi \u00f6\u011fretmenlerin ve \u00f6\u011fretmen adaylar\u0131n\u0131n ihtiya\u00e7lar\u0131 olan beden e\u011fitimi ile ilgili temel bilgileri ve becerileri kapsayan bir kitap niteli\u011findedir. Bu y\u00f6n\u00fc ile alandaki \u00f6nemli bir eksikli\u011fi gidermektedir. Kitab\u0131n anla\u015f\u0131l\u0131r bir dille yaz\u0131lm\u0131\u015f olmas\u0131 ve \u00f6rneklerle sunulmu\u015f olmas\u0131 da ayr\u0131ca alana \u00f6nemli bir katk\u0131 sa\u011flamaktad\u0131r. <\/p>\n","protected":false},"excerpt":{"rendered":"<p>Okul \u00f6ncesi y\u0131llar insan ya\u015fam\u0131nda kritik y\u0131llar ve insan hayat\u0131n\u0131n temeli olarak adland\u0131r\u0131lmaktad\u0131r. Bu d\u00f6nem \u00e7ocu\u011fu sadece ileri ki d\u00f6nemlere haz\u0131rlayan bir d\u00f6nem olmay\u0131p, kendi ba\u015f\u0131na<span class=\"excerpt-hellip\"> [\u2026]<\/span><\/p>\n","protected":false},"featured_media":0,"template":"","meta":{"_monsterinsights_skip_tracking":false,"_monsterinsights_sitenote_active":false,"_monsterinsights_sitenote_note":"","_monsterinsights_sitenote_category":0},"product_brand":[],"product_cat":[12573,12566],"product_tag":[],"class_list":{"0":"post-706075","1":"product","2":"type-product","3":"status-publish","5":"product_cat-akademik-kitaplar","6":"product_cat-egitim","7":"pa_cilt-ciltsiz","8":"pa_tur-kitap","9":"pa_yayinevi-ani-yayincilik","10":"pa_yazar-ana-maria-gunsel","12":"first","13":"instock","14":"sale","15":"shipping-taxable","16":"purchasable","17":"product-type-simple"},"_links":{"self":[{"href":"https:\/\/roveyayinevi.com.tr\/index.php\/wp-json\/wp\/v2\/product\/706075","targetHints":{"allow":["GET"]}}],"collection":[{"href":"https:\/\/roveyayinevi.com.tr\/index.php\/wp-json\/wp\/v2\/product"}],"about":[{"href":"https:\/\/roveyayinevi.com.tr\/index.php\/wp-json\/wp\/v2\/types\/product"}],"wp:attachment":[{"href":"https:\/\/roveyayinevi.com.tr\/index.php\/wp-json\/wp\/v2\/media?parent=706075"}],"wp:term":[{"taxonomy":"product_brand","embeddable":true,"href":"https:\/\/roveyayinevi.com.tr\/index.php\/wp-json\/wp\/v2\/product_brand?post=706075"},{"taxonomy":"product_cat","embeddable":true,"href":"https:\/\/roveyayinevi.com.tr\/index.php\/wp-json\/wp\/v2\/product_cat?post=706075"},{"taxonomy":"product_tag","embeddable":true,"href":"https:\/\/roveyayinevi.com.tr\/index.php\/wp-json\/wp\/v2\/product_tag?post=706075"}],"curies":[{"name":"wp","href":"https:\/\/api.w.org\/{rel}","templated":true}]}}