{"id":706074,"date":"2025-08-27T15:52:32","date_gmt":"2025-08-27T12:52:32","guid":{"rendered":"https:\/\/roveyayinevi.com.tr\/index.php\/urun\/okul-oncesi-egitiminin-ilke-ve-yontemleri\/"},"modified":"2026-04-16T02:14:51","modified_gmt":"2026-04-15T23:14:51","slug":"okul-oncesi-egitiminin-ilke-ve-yontemleri","status":"publish","type":"product","link":"https:\/\/roveyayinevi.com.tr\/index.php\/urun\/okul-oncesi-egitiminin-ilke-ve-yontemleri\/","title":{"rendered":"Okul \u00d6ncesi E\u011fitiminin \u0130lke ve Y\u00f6ntemleri"},"content":{"rendered":"<p>\u00c7ocuklar\u0131n b\u00fcy\u00fcme ve geli\u015fiminde 0-6 ya\u015f en \u00f6nemli d\u00f6nemlerdendir. Bu sebeple \u00e7ocu\u011fun e\u011fitiminde sosyal, duygusal bili\u015fsel, psiko-mofor ve di\u011fer geli\u015fimlerine erken ya\u015flarda rehberlik etmek b\u00fcy\u00fck \u00f6nem ta\u015f\u0131maktad\u0131r. Bundan dolay\u0131 g\u00fcn\u00fcm\u00fczde okul\u00f6ncesi e\u011fitim veya erken e\u011fitim olduk\u00e7a \u00f6nemlidir. Okul\u00f6ncesi e\u011fitimin verimini art\u0131rmak \u00fczere yaz\u0131lan bu kitap \u00fcniversitelerin okul\u00f6ncesi e\u011fitim veren b\u00f6l\u00fcmlerinde ve \u00e7ocuk e\u011fitimiyle ilgilenenlerin \u0130lgilerine sunuimu\u015ftur.Kitap, T.C Milli E\u011fitim Bakanl\u0131\u011f\u0131n\u0131n e\u011fitim ilkeleri do\u011frultusunda, d\u00fcnyada ve T\u00fcrkiye`de Okul\u00f6ncesi e\u011fitimin tarihsel geli\u015fimi, uygulama \u00f6rnekleri ve geli\u015ftirilen modeller, okul\u00f6ncesinin \u00f6nemi, y\u00f6netimi, \u00f6\u011fretmen \u00f6zellikleri, okul\u00f6ncesi e\u011fitimde \u00e7al\u0131\u015fan personel \u00f6zellikleri, fiziksel \u015fartlar, okul\u00f6ncesinde g\u00fcvenlik ko\u015fullar\u0131 program ve uygulanan program konular\u0131, okul-aile ili\u015fkileri gibi konular\u0131, olduk\u00e7a geni\u015f bir perspektifle ele alm\u0131\u015ft\u0131r. <\/p>\n","protected":false},"excerpt":{"rendered":"<p>\u00c7ocuklar\u0131n b\u00fcy\u00fcme ve geli\u015fiminde 0-6 ya\u015f en \u00f6nemli d\u00f6nemlerdendir. Bu sebeple \u00e7ocu\u011fun e\u011fitiminde sosyal, duygusal bili\u015fsel, psiko-mofor ve di\u011fer geli\u015fimlerine erken ya\u015flarda rehberlik etmek b\u00fcy\u00fck \u00f6nem<span class=\"excerpt-hellip\"> [\u2026]<\/span><\/p>\n","protected":false},"featured_media":0,"template":"","meta":{"_monsterinsights_skip_tracking":false,"_monsterinsights_sitenote_active":false,"_monsterinsights_sitenote_note":"","_monsterinsights_sitenote_category":0},"product_brand":[],"product_cat":[12274,15842],"product_tag":[],"class_list":{"0":"post-706074","1":"product","2":"type-product","3":"status-publish","5":"product_cat-cocuk-ve-genclik-kitaplari","6":"product_cat-egitici-kitaplar","7":"pa_cilt-ciltsiz","8":"pa_tur-kitap","9":"pa_yayinevi-ani-yayincilik","10":"pa_yazar-hatice-poyraz","12":"first","13":"instock","14":"sale","15":"shipping-taxable","16":"purchasable","17":"product-type-simple"},"_links":{"self":[{"href":"https:\/\/roveyayinevi.com.tr\/index.php\/wp-json\/wp\/v2\/product\/706074","targetHints":{"allow":["GET"]}}],"collection":[{"href":"https:\/\/roveyayinevi.com.tr\/index.php\/wp-json\/wp\/v2\/product"}],"about":[{"href":"https:\/\/roveyayinevi.com.tr\/index.php\/wp-json\/wp\/v2\/types\/product"}],"wp:attachment":[{"href":"https:\/\/roveyayinevi.com.tr\/index.php\/wp-json\/wp\/v2\/media?parent=706074"}],"wp:term":[{"taxonomy":"product_brand","embeddable":true,"href":"https:\/\/roveyayinevi.com.tr\/index.php\/wp-json\/wp\/v2\/product_brand?post=706074"},{"taxonomy":"product_cat","embeddable":true,"href":"https:\/\/roveyayinevi.com.tr\/index.php\/wp-json\/wp\/v2\/product_cat?post=706074"},{"taxonomy":"product_tag","embeddable":true,"href":"https:\/\/roveyayinevi.com.tr\/index.php\/wp-json\/wp\/v2\/product_tag?post=706074"}],"curies":[{"name":"wp","href":"https:\/\/api.w.org\/{rel}","templated":true}]}}