{"id":706073,"date":"2025-08-27T15:52:31","date_gmt":"2025-08-27T12:52:31","guid":{"rendered":"https:\/\/roveyayinevi.com.tr\/index.php\/urun\/okul-oncesi-donemde-fen-ve-teknoloji-ogretimi\/"},"modified":"2026-04-16T02:14:51","modified_gmt":"2026-04-15T23:14:51","slug":"okul-oncesi-donemde-fen-ve-teknoloji-ogretimi","status":"publish","type":"product","link":"https:\/\/roveyayinevi.com.tr\/index.php\/urun\/okul-oncesi-donemde-fen-ve-teknoloji-ogretimi\/","title":{"rendered":"Okul \u00d6ncesi D\u00f6nemde Fen ve Teknoloji \u00d6\u011fretimi"},"content":{"rendered":"<p>Fen etkinliklerinin mutlaka laboratuar ortam\u0131nda olmas\u0131 gerekti\u011fi anlay\u0131\u015f\u0131na kar\u015f\u0131n, evde, bah\u00e7ede hatta yolda bile yap\u0131labilece\u011fini g\u00f6steren, hem okul\u00f6ncesi \u00f6\u011fretmen adaylar\u0131na hem de \u00f6\u011frencilere hem de ailelere y\u00f6nelik \u00f6\u011fretici ve keyifli bir kitap\u2026<\/p>\n","protected":false},"excerpt":{"rendered":"<p>Fen etkinliklerinin mutlaka laboratuar ortam\u0131nda olmas\u0131 gerekti\u011fi anlay\u0131\u015f\u0131na kar\u015f\u0131n, evde, bah\u00e7ede hatta yolda bile yap\u0131labilece\u011fini g\u00f6steren, hem okul\u00f6ncesi \u00f6\u011fretmen adaylar\u0131na hem de \u00f6\u011frencilere hem de ailelere<span class=\"excerpt-hellip\"> [\u2026]<\/span><\/p>\n","protected":false},"featured_media":0,"template":"","meta":{"_monsterinsights_skip_tracking":false,"_monsterinsights_sitenote_active":false,"_monsterinsights_sitenote_note":"","_monsterinsights_sitenote_category":0},"product_brand":[],"product_cat":[12312,12304],"product_tag":[],"class_list":{"0":"post-706073","1":"product","2":"type-product","3":"status-publish","5":"product_cat-diger","6":"product_cat-tarih","7":"pa_cilt-ciltsiz","8":"pa_tur-kitap","9":"pa_yayinevi-ani-yayincilik","10":"pa_yazar-naciye-simsek","12":"first","13":"instock","14":"sale","15":"shipping-taxable","16":"purchasable","17":"product-type-simple"},"_links":{"self":[{"href":"https:\/\/roveyayinevi.com.tr\/index.php\/wp-json\/wp\/v2\/product\/706073","targetHints":{"allow":["GET"]}}],"collection":[{"href":"https:\/\/roveyayinevi.com.tr\/index.php\/wp-json\/wp\/v2\/product"}],"about":[{"href":"https:\/\/roveyayinevi.com.tr\/index.php\/wp-json\/wp\/v2\/types\/product"}],"wp:attachment":[{"href":"https:\/\/roveyayinevi.com.tr\/index.php\/wp-json\/wp\/v2\/media?parent=706073"}],"wp:term":[{"taxonomy":"product_brand","embeddable":true,"href":"https:\/\/roveyayinevi.com.tr\/index.php\/wp-json\/wp\/v2\/product_brand?post=706073"},{"taxonomy":"product_cat","embeddable":true,"href":"https:\/\/roveyayinevi.com.tr\/index.php\/wp-json\/wp\/v2\/product_cat?post=706073"},{"taxonomy":"product_tag","embeddable":true,"href":"https:\/\/roveyayinevi.com.tr\/index.php\/wp-json\/wp\/v2\/product_tag?post=706073"}],"curies":[{"name":"wp","href":"https:\/\/api.w.org\/{rel}","templated":true}]}}