{"id":706072,"date":"2025-08-27T15:52:31","date_gmt":"2025-08-27T12:52:31","guid":{"rendered":"https:\/\/roveyayinevi.com.tr\/index.php\/urun\/muhurler-sandigi-1-gizli-gorev-sumer\/"},"modified":"2026-03-09T02:19:17","modified_gmt":"2026-03-08T23:19:17","slug":"muhurler-sandigi-1-gizli-gorev-sumer","status":"publish","type":"product","link":"https:\/\/roveyayinevi.com.tr\/index.php\/urun\/muhurler-sandigi-1-gizli-gorev-sumer\/","title":{"rendered":"M\u00fch\u00fcrler Sand\u0131\u011f\u0131 -1 Gizli G\u00f6rev: S\u00fcmer"},"content":{"rendered":"<p>Ba\u015fak ve Alp yeni bir eve ta\u015f\u0131nman\u0131n heyecan\u0131 i\u00e7indeler. Onlar i\u00e7in her \u015fey yeni; mahalle, okul, arkada\u015flar\u2026 \u00c7evrelerine al\u0131\u015fmak i\u00e7in hemen ke\u015ffe \u00e7\u0131k\u0131yorlar ve binlerce y\u0131l \u00f6nceden kalm\u0131\u015f, s\u0131rlarla dolu bir sand\u0131k buluyorlar! M\u00fch\u00fcrler Sand\u0131\u011f\u0131 ve beraberinde gelen gizemli bir kad\u0131n Ba\u015fak ile Alp\u2019in hayatlar\u0131n\u0131 sonsuza dek de\u011fi\u015ftiriyor. \u0130ki karde\u015fin g\u00f6revi \u00e7ok \u00f6nemli: Gelece\u011fi kurtarmak i\u00e7in zamanda bir yolculuk yapmak ve t\u00fcm d\u00fcnyan\u0131n kaderini de\u011fi\u015ftirecek m\u00fch\u00fcrleri toplamak. S\u0131k\u0131 dur! <\/p>\n","protected":false},"excerpt":{"rendered":"<p>Ba\u015fak ve Alp yeni bir eve ta\u015f\u0131nman\u0131n heyecan\u0131 i\u00e7indeler. Onlar i\u00e7in her \u015fey yeni; mahalle, okul, arkada\u015flar\u2026 \u00c7evrelerine al\u0131\u015fmak i\u00e7in hemen ke\u015ffe \u00e7\u0131k\u0131yorlar ve binlerce y\u0131l<span class=\"excerpt-hellip\"> [\u2026]<\/span><\/p>\n","protected":false},"featured_media":0,"template":"","meta":{"_monsterinsights_skip_tracking":false,"_monsterinsights_sitenote_active":false,"_monsterinsights_sitenote_note":"","_monsterinsights_sitenote_category":0},"product_brand":[],"product_cat":[12275,12274],"product_tag":[],"class_list":{"0":"post-706072","1":"product","2":"type-product","3":"status-publish","5":"product_cat-6-12-yas-kitaplari","6":"product_cat-cocuk-ve-genclik-kitaplari","7":"pa_cilt-ciltsiz","8":"pa_tur-kitap","9":"pa_yayinevi-dogan-egmont-yayincilik","10":"pa_yazar-birsen-ekim-ozen","12":"first","13":"instock","14":"sale","15":"shipping-taxable","16":"purchasable","17":"product-type-simple"},"_links":{"self":[{"href":"https:\/\/roveyayinevi.com.tr\/index.php\/wp-json\/wp\/v2\/product\/706072","targetHints":{"allow":["GET"]}}],"collection":[{"href":"https:\/\/roveyayinevi.com.tr\/index.php\/wp-json\/wp\/v2\/product"}],"about":[{"href":"https:\/\/roveyayinevi.com.tr\/index.php\/wp-json\/wp\/v2\/types\/product"}],"wp:attachment":[{"href":"https:\/\/roveyayinevi.com.tr\/index.php\/wp-json\/wp\/v2\/media?parent=706072"}],"wp:term":[{"taxonomy":"product_brand","embeddable":true,"href":"https:\/\/roveyayinevi.com.tr\/index.php\/wp-json\/wp\/v2\/product_brand?post=706072"},{"taxonomy":"product_cat","embeddable":true,"href":"https:\/\/roveyayinevi.com.tr\/index.php\/wp-json\/wp\/v2\/product_cat?post=706072"},{"taxonomy":"product_tag","embeddable":true,"href":"https:\/\/roveyayinevi.com.tr\/index.php\/wp-json\/wp\/v2\/product_tag?post=706072"}],"curies":[{"name":"wp","href":"https:\/\/api.w.org\/{rel}","templated":true}]}}