{"id":706070,"date":"2025-08-27T15:52:30","date_gmt":"2025-08-27T12:52:30","guid":{"rendered":"https:\/\/roveyayinevi.com.tr\/index.php\/urun\/dunyada-ve-turkiyede-avrasya-ve-avrasyacilik\/"},"modified":"2026-04-16T02:14:51","modified_gmt":"2026-04-15T23:14:51","slug":"dunyada-ve-turkiyede-avrasya-ve-avrasyacilik","status":"publish","type":"product","link":"https:\/\/roveyayinevi.com.tr\/index.php\/urun\/dunyada-ve-turkiyede-avrasya-ve-avrasyacilik\/","title":{"rendered":"D\u00fcnyada ve T\u00fcrkiye&#8217;de Avrasya ve Avrasyac\u0131l\u0131k"},"content":{"rendered":"<p>Avrasya, y\u00fczy\u0131llar boyunca \u00fczerinde bar\u0131nd\u0131rd\u0131\u011f\u0131 b\u00fcy\u00fck halklar ve devletler aras\u0131ndaki g\u00fc\u00e7 m\u00fccadeleleriyle, d\u00fcnya siyasalar\u0131n\u0131n y\u00f6nelimini belirleyen temel co\u011frafya olmu\u015ftur. 1990&#8217;lar\u0131n ba\u015flar\u0131nda So\u011fuk Sava\u015f&#8217;\u0131n sona ermesi ve SSCB&#8217;nin da\u011f\u0131lmas\u0131, Avrasya&#8217;y\u0131 yeni bir konjonkt\u00fcrle d\u00fcnya g\u00fcndemine getirmi\u015ftir. Avrasya \u00fczerinde ba\u011f\u0131ms\u0131zl\u0131\u011f\u0131n\u0131 kazanan yeni devletlerin ortaya \u00e7\u0131kmas\u0131 ve bu geni\u015f co\u011frafyan\u0131n pek \u00e7ok tehdidin yan\u0131 s\u0131ra, ka\u00e7\u0131r\u0131lmayacak f\u0131rsatlar sunmas\u0131, k\u00fcresel ve b\u00f6lgesel g\u00fc\u00e7 kazanma pe\u015finde ko\u015fan \u00fclkeleri, b\u00f6lgeye y\u00f6nelik siyasalar ve stratejiler geli\u015ftirmeye itmi\u015ftir. Ancak Avrasya&#8217;ya y\u00f6nelik olarak, sadece resmi devlet siyasalar\u0131 ve stratejileri geli\u015ftirilmemi\u015f; Rusya ve T\u00fcrkiye gibi \u00fclkelerde \u00e7e\u015fitli ki\u015fi ve \u00e7evreler de, kendi siyasal d\u00fc\u015f\u00fcnceleri do\u011frultusunda yeni Avrasya konjonkt\u00fcr\u00fc ba\u011flam\u0131nda alg\u0131lama, yakla\u015f\u0131m ve stratejilerini ortaya koymu\u015ftur. <\/p>\n","protected":false},"excerpt":{"rendered":"<p>Avrasya, y\u00fczy\u0131llar boyunca \u00fczerinde bar\u0131nd\u0131rd\u0131\u011f\u0131 b\u00fcy\u00fck halklar ve devletler aras\u0131ndaki g\u00fc\u00e7 m\u00fccadeleleriyle, d\u00fcnya siyasalar\u0131n\u0131n y\u00f6nelimini belirleyen temel co\u011frafya olmu\u015ftur. 1990&#8217;lar\u0131n ba\u015flar\u0131nda So\u011fuk Sava\u015f&#8217;\u0131n sona ermesi ve<span class=\"excerpt-hellip\"> [\u2026]<\/span><\/p>\n","protected":false},"featured_media":0,"template":"","meta":{"_monsterinsights_skip_tracking":false,"_monsterinsights_sitenote_active":false,"_monsterinsights_sitenote_note":"","_monsterinsights_sitenote_category":0},"product_brand":[],"product_cat":[13590,12337],"product_tag":[],"class_list":{"0":"post-706070","1":"product","2":"type-product","3":"status-publish","5":"product_cat-arastirma-inceleme-politika-siyaset","6":"product_cat-politika-siyaset","7":"pa_tur-kitap","8":"pa_yayinevi-baris-kitap","9":"pa_yazar-demirhan-fahri-erdem","11":"first","12":"instock","13":"sale","14":"shipping-taxable","15":"purchasable","16":"product-type-simple"},"_links":{"self":[{"href":"https:\/\/roveyayinevi.com.tr\/index.php\/wp-json\/wp\/v2\/product\/706070","targetHints":{"allow":["GET"]}}],"collection":[{"href":"https:\/\/roveyayinevi.com.tr\/index.php\/wp-json\/wp\/v2\/product"}],"about":[{"href":"https:\/\/roveyayinevi.com.tr\/index.php\/wp-json\/wp\/v2\/types\/product"}],"wp:attachment":[{"href":"https:\/\/roveyayinevi.com.tr\/index.php\/wp-json\/wp\/v2\/media?parent=706070"}],"wp:term":[{"taxonomy":"product_brand","embeddable":true,"href":"https:\/\/roveyayinevi.com.tr\/index.php\/wp-json\/wp\/v2\/product_brand?post=706070"},{"taxonomy":"product_cat","embeddable":true,"href":"https:\/\/roveyayinevi.com.tr\/index.php\/wp-json\/wp\/v2\/product_cat?post=706070"},{"taxonomy":"product_tag","embeddable":true,"href":"https:\/\/roveyayinevi.com.tr\/index.php\/wp-json\/wp\/v2\/product_tag?post=706070"}],"curies":[{"name":"wp","href":"https:\/\/api.w.org\/{rel}","templated":true}]}}