{"id":706069,"date":"2025-08-27T15:52:30","date_gmt":"2025-08-27T12:52:30","guid":{"rendered":"https:\/\/roveyayinevi.com.tr\/index.php\/urun\/hayvan-haklari\/"},"modified":"2026-04-16T02:14:51","modified_gmt":"2026-04-15T23:14:51","slug":"hayvan-haklari","status":"publish","type":"product","link":"https:\/\/roveyayinevi.com.tr\/index.php\/urun\/hayvan-haklari\/","title":{"rendered":"Hayvan Haklar\u0131"},"content":{"rendered":"<p>\u0130nsan\u0131n hayvanlarla olan ili\u015fkisi h\u00e2l\u00e2 \u00e7\u00f6z\u00fclememi\u015f muammalarla dolu. Hayvan imgesi, k\u00fclt\u00fcrel ve antropolojik a\u00e7\u0131lardan insan\u0131n korku ve ilham kayna\u011f\u0131d\u0131r. \u0130nsan, bin y\u0131llar\u0131 bulan d\u00fcn-ya maceras\u0131nda hayvandan korktu\u011fu kadar ona hayran da olmu\u015f, onu taklit etmi\u015f, ona benzemeye \u00e7al\u0131\u015fm\u0131\u015f; baz\u0131 kar\u0131\u015f\u0131k karanl\u0131k duygularla hayvan\u0131 esir almaya \u00e7al\u0131\u015fm\u0131\u015ft\u0131r. \u0130nsan\u0131n \u00e7\u0131lg\u0131nl\u0131k boyutuna varan \u201cdo\u011faya egemen olma arzusu\u201dnun \u00f6ncelikli kurban\u0131 hayvanlard\u0131r. Bitki ve hayvanlar\u0131n evcille\u015ftirilmesi uygarl\u0131\u011f\u0131n ilk ve en kanl\u0131 ad\u0131m\u0131 olmu\u015ftur; hayvanlar\u0131n bedenlerinden her t\u00fcrl\u00fc istifade eden insanl\u0131k, hem kendi hemcinslerini hem de hayvanlar\u0131 boyun-duruk alt\u0131na al\u0131rken hi\u00e7bir vicdani so-rumluluk duymam\u0131\u015ft\u0131r. \u00c7etin Nerse, elinizdeki kitapta insanl\u0131\u011f\u0131n hayvanlarla olan kanl\u0131 tarihine ele\u015ftirel bir perspektiften hareketle \u0131\u015f\u0131k tutarken, hayvan haklar\u0131n\u0131n nas\u0131l ve hangi ara\u00e7lar kullan\u0131larak geni\u015fletilebilece\u011fi \u00fczerine de \u00e7arp\u0131c\u0131 yorumlarda bulunuyor; insanl\u0131\u011f\u0131n \u00f6zg\u00fcrle\u015fmesinin ancak ve \u00f6ncelikle hayvanlar\u0131n \u00f6zg\u00fcrle\u015fmesinden ge\u00e7ti\u011finde \u0131srar ediyor&#8230;       <\/p>\n","protected":false},"excerpt":{"rendered":"<p>\u0130nsan\u0131n hayvanlarla olan ili\u015fkisi h\u00e2l\u00e2 \u00e7\u00f6z\u00fclememi\u015f muammalarla dolu. Hayvan imgesi, k\u00fclt\u00fcrel ve antropolojik a\u00e7\u0131lardan insan\u0131n korku ve ilham kayna\u011f\u0131d\u0131r. \u0130nsan, bin y\u0131llar\u0131 bulan d\u00fcn-ya maceras\u0131nda hayvandan<span class=\"excerpt-hellip\"> [\u2026]<\/span><\/p>\n","protected":false},"featured_media":0,"template":"","meta":{"_monsterinsights_skip_tracking":false,"_monsterinsights_sitenote_active":false,"_monsterinsights_sitenote_note":"","_monsterinsights_sitenote_category":0},"product_brand":[],"product_cat":[13772,12364],"product_tag":[],"class_list":{"0":"post-706069","1":"product","2":"type-product","3":"status-publish","5":"product_cat-basvuru-kitaplari","6":"product_cat-genel-konular","7":"pa_cilt-ciltsiz","8":"pa_tur-kitap","9":"pa_yayinevi-ayrinti-yayinlari","10":"pa_yazar-cetin-nerse","12":"first","13":"instock","14":"sale","15":"shipping-taxable","16":"purchasable","17":"product-type-simple"},"_links":{"self":[{"href":"https:\/\/roveyayinevi.com.tr\/index.php\/wp-json\/wp\/v2\/product\/706069","targetHints":{"allow":["GET"]}}],"collection":[{"href":"https:\/\/roveyayinevi.com.tr\/index.php\/wp-json\/wp\/v2\/product"}],"about":[{"href":"https:\/\/roveyayinevi.com.tr\/index.php\/wp-json\/wp\/v2\/types\/product"}],"wp:attachment":[{"href":"https:\/\/roveyayinevi.com.tr\/index.php\/wp-json\/wp\/v2\/media?parent=706069"}],"wp:term":[{"taxonomy":"product_brand","embeddable":true,"href":"https:\/\/roveyayinevi.com.tr\/index.php\/wp-json\/wp\/v2\/product_brand?post=706069"},{"taxonomy":"product_cat","embeddable":true,"href":"https:\/\/roveyayinevi.com.tr\/index.php\/wp-json\/wp\/v2\/product_cat?post=706069"},{"taxonomy":"product_tag","embeddable":true,"href":"https:\/\/roveyayinevi.com.tr\/index.php\/wp-json\/wp\/v2\/product_tag?post=706069"}],"curies":[{"name":"wp","href":"https:\/\/api.w.org\/{rel}","templated":true}]}}