{"id":706068,"date":"2025-08-27T15:52:30","date_gmt":"2025-08-27T12:52:30","guid":{"rendered":"https:\/\/roveyayinevi.com.tr\/index.php\/urun\/unutulmaz-koy-enstituleri\/"},"modified":"2026-04-16T02:14:51","modified_gmt":"2026-04-15T23:14:51","slug":"unutulmaz-koy-enstituleri","status":"publish","type":"product","link":"https:\/\/roveyayinevi.com.tr\/index.php\/urun\/unutulmaz-koy-enstituleri\/","title":{"rendered":"Unutulmaz K\u00f6y Enstit\u00fcleri"},"content":{"rendered":"<p>Fakir Baykurt\u2019un, Cumhuriyet tarihimizde \u00e7ok \u00f6nemli bir yer tutan, kendisinin de yeti\u015fti\u011fi K\u00f6y Enstit\u00fcleri \u00fczerine yazd\u0131klar\u0131: tarih\u00e7esi, \u00f6nemi, i\u015fleyi\u015f bi\u00e7imi, \u00f6zellikleri, katk\u0131lar\u0131, yurtta-d\u00fcnyada yank\u0131lar\u0131, kapat\u0131lmas\u0131n\u0131n nedenleri&#8230; Ya\u015fam\u0131n amac\u0131, ileri millet olarak ya\u015famakt\u0131r. Orta \u00e7a\u011f hayat\u0131ndan farks\u0131z, geri bir hayata raz\u0131 olan insan kalabal\u0131\u011f\u0131yla \u00e7a\u011f\u0131m\u0131z uygarl\u0131\u011f\u0131na kat\u0131lamay\u0131z, diri millet haline gelemeyiz.                                                                                                                                                     _\u0130. Hakk\u0131 Tongu\u00e7   Halk y\u00f6netimi, demokrasi, e\u011fitimle ba\u015flar ve ger\u00e7ekle\u015fir. K\u00f6y Enstit\u00fcleri \u00f6\u011frencilerini \u00f6\u011fretime katarak, insan geli\u015fimine \u00f6zg\u00fcrl\u00fck tan\u0131yarak, tart\u0131\u015fma ve ele\u015ftirme gelene\u011fini kurarak, tabana dayal\u0131 bir demokratik d\u00fczenin ger\u00e7ek \u00f6rne\u011fini vermi\u015ftir.                                                                           _T\u00d6S Devrimci E\u011fitim \u015euras\u0131, 1968   Tongu\u00e7, iri v\u00fccudu i\u00e7inde \u00e7ok duygulu, titreyen bir y\u00fcrek ta\u015f\u0131rd\u0131. Bir g\u00fcn K\u00f6y Enstit\u00fclerinden birinde bir bayan \u00f6\u011fretmenin yeni gelmi\u015f k\u00f6yl\u00fc bir k\u0131z \u00e7ocu\u011funu dizine yat\u0131rm\u0131\u015f ba\u015f\u0131ndan bitini ay\u0131klarken g\u00f6rm\u00fc\u015ft\u00fck. Biraz sonra birbirimize bakt\u0131\u011f\u0131m\u0131z zaman g\u00f6zlerimizde akan ya\u015flar\u0131 bulmu\u015ftuk.                                                                                                                                                                 _Hasan \u00c2li Y\u00fccel   Ben \u00fc\u00e7 \u015feyle \u00f6v\u00fcnmesini isterim T\u00fcrkiye\u2019nin: Atat\u00fcrk\u2019\u00fcn ger\u00e7ekle\u015ftirdi\u011fi kendine d\u00f6n\u00fc\u015f ve ba\u011f\u0131ms\u0131zl\u0131k politikas\u0131, Hakk\u0131 Tongu\u00e7\u2019un ger\u00e7ekle\u015ftirdi\u011fi demokratik e\u011fitim ve N\u00e2z\u0131m Hikmet\u2019in getirdi\u011fi insanc\u0131l, ulusal \u015fiir.                                                                                                                                                       _Ya\u015far Kemal         Siz demokrasiye ula\u015fman\u0131n ger\u00e7ek yolunu bulmu\u015funuz. Bu Enstit\u00fcler dengeli ve uyumlu bir toplum tipinin garantisidir. Enstit\u00fclerinizde, \u00fclkenizin kendi b\u00fcnyesinden, \u00f6z kayna\u011f\u0131n\u0131zdan f\u0131\u015fk\u0131rma g\u00fc\u00e7l\u00fc, sa\u011fl\u0131kl\u0131 bir gen\u00e7lik buldum.                                                                                                                                           _Jeanette Rakin (1946)                                                                                                                                ABD Meclisi\u2019nin ilk kad\u0131n \u00fcyesi   \u0130\u00e7indekiler;           \u00d6ns\u00f6z: Ni\u00e7in Unutulmaz K\u00f6y Enstit\u00fcleri?          K\u00f6y Enstit\u00fcleriyle \u0130lgili Sorulara Yan\u0131tlar          K\u00f6y Enstit\u00fclerinden Bug\u00fcn Ne Derece Yararlan\u0131labilir?          K\u00f6y Enstit\u00fcleri Ba\u015fkald\u0131r\u0131 m\u0131yd\u0131?          Ba\u015fe\u011fdirme Var, Ba\u015fe\u011fme Yok mudur?          Yar\u0131n\u0131n T\u00fcrkiyesine Seyahat          K\u00f6y Enstit\u00fcleri Destan\u0131          Destan\u2019\u0131n Sonu          Umut Yolu          Ni\u00e7in E\u011fitmen Kurslar\u0131 ve K\u00f6y Enstit\u00fcleri?          K\u00f6y Enstit\u00fclerinde \u00d6zele\u015ftiri Cumartesi Toplant\u0131lar\u0131          Enstit\u00fcleri Enstit\u00fc Yapan \u0130lkeler          K\u00f6y Enstit\u00fclerinin Yaz\u0131n Ya\u015fam\u0131m\u0131za Katk\u0131lar\u0131          Nas\u0131l \u00d6\u011fretmen ve Yazar Olabildim?          Te\u015fekk\u00fcrler Te\u015fekk\u00fcrler          Y\u0131llar Sonra K\u00f6y Enstit\u00fcleri          K\u0131rk \u00dc\u00e7 Y\u0131l Sonra K\u00f6y Enstit\u00fcleri          Ni\u00e7in Ya\u015far K\u00f6y Enstit\u00fcleri?          T\u00fcrkiye Ayd\u0131nlanmas\u0131 ve K\u00f6y Enstit\u00fcleri          Kara Sonu\u00e7           \u00c7ukurkavakl\u0131\u2019y\u0131 Kim \u00d6ld\u00fcrd\u00fc?          K\u00f6y Enstit\u00fcleri \u00dcst\u00fcne S\u00f6zler          K\u00f6y Enstit\u00fcleri \u00dcst\u00fcne Kitaplar                                                                                                                                                                                                                                                            <\/p>\n","protected":false},"excerpt":{"rendered":"<p>Fakir Baykurt\u2019un, Cumhuriyet tarihimizde \u00e7ok \u00f6nemli bir yer tutan, kendisinin de yeti\u015fti\u011fi K\u00f6y Enstit\u00fcleri \u00fczerine yazd\u0131klar\u0131: tarih\u00e7esi, \u00f6nemi, i\u015fleyi\u015f bi\u00e7imi, \u00f6zellikleri, katk\u0131lar\u0131, yurtta-d\u00fcnyada yank\u0131lar\u0131, kapat\u0131lmas\u0131n\u0131n nedenleri&#8230;<span class=\"excerpt-hellip\"> [\u2026]<\/span><\/p>\n","protected":false},"featured_media":0,"template":"","meta":{"_monsterinsights_skip_tracking":false,"_monsterinsights_sitenote_active":false,"_monsterinsights_sitenote_note":"","_monsterinsights_sitenote_category":0},"product_brand":[],"product_cat":[18545,12291],"product_tag":[],"class_list":{"0":"post-706068","1":"product","2":"type-product","3":"status-publish","5":"product_cat-anlati","6":"product_cat-edebiyat","7":"pa_cilt-ciltsiz","8":"pa_tur-kitap","9":"pa_yayinevi-literatur-yayinevi","10":"pa_yazar-fakir-baykurt","12":"first","13":"instock","14":"sale","15":"shipping-taxable","16":"purchasable","17":"product-type-simple"},"_links":{"self":[{"href":"https:\/\/roveyayinevi.com.tr\/index.php\/wp-json\/wp\/v2\/product\/706068","targetHints":{"allow":["GET"]}}],"collection":[{"href":"https:\/\/roveyayinevi.com.tr\/index.php\/wp-json\/wp\/v2\/product"}],"about":[{"href":"https:\/\/roveyayinevi.com.tr\/index.php\/wp-json\/wp\/v2\/types\/product"}],"wp:attachment":[{"href":"https:\/\/roveyayinevi.com.tr\/index.php\/wp-json\/wp\/v2\/media?parent=706068"}],"wp:term":[{"taxonomy":"product_brand","embeddable":true,"href":"https:\/\/roveyayinevi.com.tr\/index.php\/wp-json\/wp\/v2\/product_brand?post=706068"},{"taxonomy":"product_cat","embeddable":true,"href":"https:\/\/roveyayinevi.com.tr\/index.php\/wp-json\/wp\/v2\/product_cat?post=706068"},{"taxonomy":"product_tag","embeddable":true,"href":"https:\/\/roveyayinevi.com.tr\/index.php\/wp-json\/wp\/v2\/product_tag?post=706068"}],"curies":[{"name":"wp","href":"https:\/\/api.w.org\/{rel}","templated":true}]}}