{"id":706066,"date":"2025-08-27T15:52:29","date_gmt":"2025-08-27T12:52:29","guid":{"rendered":"https:\/\/roveyayinevi.com.tr\/index.php\/urun\/karma-yontem-arastirmalarinin-temelleri\/"},"modified":"2026-04-16T02:14:51","modified_gmt":"2026-04-15T23:14:51","slug":"karma-yontem-arastirmalarinin-temelleri","status":"publish","type":"product","link":"https:\/\/roveyayinevi.com.tr\/index.php\/urun\/karma-yontem-arastirmalarinin-temelleri\/","title":{"rendered":"Karma Y\u00f6ntem Ara\u015ft\u0131rmalar\u0131n\u0131n Temelleri"},"content":{"rendered":"<p>Karma y\u00f6ntemin do\u011fas\u0131n\u0131, felsefi temellerini, desenlerini etkileyici \u00f6rnekler ve zengin g\u00f6rsel i\u00e7erikle destekleyerek ayr\u0131nt\u0131l\u0131 bir \u015fekilde ele alan bu eser, karma y\u00f6ntem kullanarak ara\u015ft\u0131rmalar\u0131n\u0131 y\u00fcr\u00fctecek bilim insanlar\u0131 i\u00e7in temel ba\u015fucu kaynaklar\u0131 aras\u0131ndad\u0131r. \ufffcTan\u0131t\u0131m Metni<\/p>\n","protected":false},"excerpt":{"rendered":"<p>Karma y\u00f6ntemin do\u011fas\u0131n\u0131, felsefi temellerini, desenlerini etkileyici \u00f6rnekler ve zengin g\u00f6rsel i\u00e7erikle destekleyerek ayr\u0131nt\u0131l\u0131 bir \u015fekilde ele alan bu eser, karma y\u00f6ntem kullanarak ara\u015ft\u0131rmalar\u0131n\u0131 y\u00fcr\u00fctecek bilim<span class=\"excerpt-hellip\"> [\u2026]<\/span><\/p>\n","protected":false},"featured_media":0,"template":"","meta":{"_monsterinsights_skip_tracking":false,"_monsterinsights_sitenote_active":false,"_monsterinsights_sitenote_note":"","_monsterinsights_sitenote_category":0},"product_brand":[],"product_cat":[12312,12304],"product_tag":[],"class_list":{"0":"post-706066","1":"product","2":"type-product","3":"status-publish","5":"product_cat-diger","6":"product_cat-tarih","7":"pa_cilt-ciltsiz","8":"pa_tur-kitap","9":"pa_yayinevi-ani-yayincilik","10":"pa_yazar-charles-teddlie","12":"first","13":"instock","14":"sale","15":"shipping-taxable","16":"purchasable","17":"product-type-simple"},"_links":{"self":[{"href":"https:\/\/roveyayinevi.com.tr\/index.php\/wp-json\/wp\/v2\/product\/706066","targetHints":{"allow":["GET"]}}],"collection":[{"href":"https:\/\/roveyayinevi.com.tr\/index.php\/wp-json\/wp\/v2\/product"}],"about":[{"href":"https:\/\/roveyayinevi.com.tr\/index.php\/wp-json\/wp\/v2\/types\/product"}],"wp:attachment":[{"href":"https:\/\/roveyayinevi.com.tr\/index.php\/wp-json\/wp\/v2\/media?parent=706066"}],"wp:term":[{"taxonomy":"product_brand","embeddable":true,"href":"https:\/\/roveyayinevi.com.tr\/index.php\/wp-json\/wp\/v2\/product_brand?post=706066"},{"taxonomy":"product_cat","embeddable":true,"href":"https:\/\/roveyayinevi.com.tr\/index.php\/wp-json\/wp\/v2\/product_cat?post=706066"},{"taxonomy":"product_tag","embeddable":true,"href":"https:\/\/roveyayinevi.com.tr\/index.php\/wp-json\/wp\/v2\/product_tag?post=706066"}],"curies":[{"name":"wp","href":"https:\/\/api.w.org\/{rel}","templated":true}]}}