{"id":706065,"date":"2025-08-27T15:52:29","date_gmt":"2025-08-27T12:52:29","guid":{"rendered":"https:\/\/roveyayinevi.com.tr\/index.php\/urun\/okuma-kulturu-nasil-kazandirilir\/"},"modified":"2026-04-16T02:14:51","modified_gmt":"2026-04-15T23:14:51","slug":"okuma-kulturu-nasil-kazandirilir","status":"publish","type":"product","link":"https:\/\/roveyayinevi.com.tr\/index.php\/urun\/okuma-kulturu-nasil-kazandirilir\/","title":{"rendered":"Okuma K\u00fclt\u00fcr\u00fc Nas\u0131l Kazand\u0131r\u0131l\u0131r"},"content":{"rendered":"<p>0 ile 6 ya\u015f aras\u0131 \u00e7ocuklar\u0131 ele almas\u0131 a\u00e7\u0131s\u0131ndan bu \u00e7al\u0131\u015fma, \u00fclkemizde gereksinim duyulan \u00f6nemli bir konuya yan\u0131t vermesi bak\u0131m\u0131ndan da ilk yap\u0131tlardan biridir. Y\u0131llarca benim de tez izleme j\u00fcrisinde yer ald\u0131\u011f\u0131m, emekle \u00f6r\u00fcl\u00fc bu doktora \u00e7al\u0131\u015fmas\u0131, 0 ile 14 ya\u015f aras\u0131 bireylere okuma k\u00fclt\u00fcr\u00fc edindirme basamaklar\u0131n\u0131 olu\u015fturmas\u0131, okuma k\u00fclt\u00fcr\u00fc kavram\u0131n\u0131n anlam \u00e7er\u00e7evesini akademik d\u00fczlemde yan\u0131tlamas\u0131 bak\u0131mlar\u0131ndan da \u00f6nemli, gerekli ve \u00e7arp\u0131c\u0131 bir \u00e7al\u0131\u015fmad\u0131r. Anne babalar\u0131n oldu\u011fu kadar \u00f6\u011fretmenlerin, \u00f6\u011frencilerin, alan uzmanlar\u0131n\u0131n ve her ya\u015ftaki bireyin  okuma ya ili\u015fkin duyarl\u0131klar\u0131n\u0131 devindirme bak\u0131m\u0131ndan okumalar\u0131n\u0131 sal\u0131k verdi\u011fim \u00f6nemli bir kitap bu. <\/p>\n","protected":false},"excerpt":{"rendered":"<p>0 ile 6 ya\u015f aras\u0131 \u00e7ocuklar\u0131 ele almas\u0131 a\u00e7\u0131s\u0131ndan bu \u00e7al\u0131\u015fma, \u00fclkemizde gereksinim duyulan \u00f6nemli bir konuya yan\u0131t vermesi bak\u0131m\u0131ndan da ilk yap\u0131tlardan biridir. Y\u0131llarca benim<span class=\"excerpt-hellip\"> [\u2026]<\/span><\/p>\n","protected":false},"featured_media":0,"template":"","meta":{"_monsterinsights_skip_tracking":false,"_monsterinsights_sitenote_active":false,"_monsterinsights_sitenote_note":"","_monsterinsights_sitenote_category":0},"product_brand":[],"product_cat":[12275,12274],"product_tag":[],"class_list":{"0":"post-706065","1":"product","2":"type-product","3":"status-publish","5":"product_cat-6-12-yas-kitaplari","6":"product_cat-cocuk-ve-genclik-kitaplari","7":"pa_cilt-ciltsiz","8":"pa_tur-kitap","9":"pa_yayinevi-ani-yayincilik","10":"pa_yazar-a-ozgul-ince-samur","12":"first","13":"instock","14":"sale","15":"shipping-taxable","16":"purchasable","17":"product-type-simple"},"_links":{"self":[{"href":"https:\/\/roveyayinevi.com.tr\/index.php\/wp-json\/wp\/v2\/product\/706065","targetHints":{"allow":["GET"]}}],"collection":[{"href":"https:\/\/roveyayinevi.com.tr\/index.php\/wp-json\/wp\/v2\/product"}],"about":[{"href":"https:\/\/roveyayinevi.com.tr\/index.php\/wp-json\/wp\/v2\/types\/product"}],"wp:attachment":[{"href":"https:\/\/roveyayinevi.com.tr\/index.php\/wp-json\/wp\/v2\/media?parent=706065"}],"wp:term":[{"taxonomy":"product_brand","embeddable":true,"href":"https:\/\/roveyayinevi.com.tr\/index.php\/wp-json\/wp\/v2\/product_brand?post=706065"},{"taxonomy":"product_cat","embeddable":true,"href":"https:\/\/roveyayinevi.com.tr\/index.php\/wp-json\/wp\/v2\/product_cat?post=706065"},{"taxonomy":"product_tag","embeddable":true,"href":"https:\/\/roveyayinevi.com.tr\/index.php\/wp-json\/wp\/v2\/product_tag?post=706065"}],"curies":[{"name":"wp","href":"https:\/\/api.w.org\/{rel}","templated":true}]}}