{"id":706057,"date":"2025-08-27T15:52:25","date_gmt":"2025-08-27T12:52:25","guid":{"rendered":"https:\/\/roveyayinevi.com.tr\/index.php\/urun\/kalekale\/"},"modified":"2026-04-15T02:19:33","modified_gmt":"2026-04-14T23:19:33","slug":"kalekale","status":"publish","type":"product","link":"https:\/\/roveyayinevi.com.tr\/index.php\/urun\/kalekale\/","title":{"rendered":"Kalekale"},"content":{"rendered":"<p>Fakir Baykurt, \u00f6yk\u00fclerinde k\u00f6y ya\u015fam\u0131n\u0131n sertli\u011fi, yoksulluk, cahillik, taassup, bat\u0131l inan\u00e7, s\u00f6m\u00fcr\u00fc gibi sorunlar\u0131 ele alarak k\u00f6yl\u00fcn\u00fcn maddi ve manevi d\u00fcnyas\u0131n\u0131 toplumsalc\u0131 ve ger\u00e7ek\u00e7i bir bak\u0131\u015ftan i\u015fliyor. G\u00f6zlemlerden, canl\u0131 tan\u0131kl\u0131klardan yola \u00e7\u0131kan yazar, g\u00fcnl\u00fck konu\u015fma dilini \u00f6yk\u00fcye ta\u015f\u0131yarak zaman zaman mizahi bir dil kullan\u0131yor; b\u00fcrokrasinin \u00e7arklar\u0131 aras\u0131nda s\u0131k\u0131\u015fan ama i\u00e7inde de bir umudu bar\u0131nd\u0131ran \u201cs\u0131radan insan\u0131\u201d, ya\u015fad\u0131\u011f\u0131 yerin atmosferiyle birlikte \u00e7arp\u0131c\u0131 bir bi\u00e7imde betimliyor.   \u0130lk bas\u0131m\u0131 1978\u2019de yap\u0131lan Kalekale\u2019yi yeniden okurla bulu\u015fturuyoruz:   Kamyon dald\u0131 duvardan i\u00e7eri. Yar\u0131ya inmi\u015f samanl\u0131ktan ge\u00e7ti, danal\u0131ktan \u00e7\u0131kt\u0131. Avlunun t\u00e2 dibine, oturduklar\u0131 odan\u0131n \u00f6n\u00fcne gelip durdu. Ge\u00e7ti\u011fi yerlerde duvar, direk b\u0131rakmad\u0131 dikili. \u00c7ivileri bile s\u00f6kt\u00fc. Katt\u0131 kar\u0131\u015ft\u0131rd\u0131 ortal\u0131\u011f\u0131. Ne farlar\u0131 kald\u0131, ne camlar\u0131. Ne boyas\u0131, ne boncu\u011fu, dikiz aynas\u0131, kilometresi, yak\u0131t g\u00f6stergesi fil\u00e2n yamuldu, y\u0131l\u0131kt\u0131 adamak\u0131ll\u0131. Bereket motor kendili\u011finden durdu. Kalekale\u2019nin durdurmas\u0131 olanaks\u0131zd\u0131. K\u00fcr\u00fc\u015f \u0130brahim\u2019in kar\u0131s\u0131, hayatta yamal\u0131k yam\u0131yordu. \u00d6nce deprem oluyor sand\u0131. Sonra, \u201cHeral\u0131m d\u00fcnyan\u0131n sonu geldi, k\u00f6y y\u0131k\u0131l\u0131yor!\u201d diye d\u00fc\u015f\u00fcnd\u00fc. Sonra Kulak\u00e7\u0131 Salim\u2019in kamyonu burnunun dibine kadar gelmi\u015f g\u00f6r\u00fcnce d\u00fc\u015f\u00fcp bay\u0131layazd\u0131. Direksiyonda Kalekale\u2019yi g\u00f6r\u00fcnce de \u00f6n\u00fc ayd\u0131nland\u0131. Toplad\u0131 kendini. \u201cVaaay e\u015fe\u011fin d\u00f6l\u00fc vaaay! Babandan habersiz a\u015f\u0131rd\u0131n de\u011fil mi kamyonu? Y\u0131kt\u0131n evimi, yurtsuz yuvas\u0131z koydun \u00e7oluk \u00e7ocu\u011fumu! Vaay Kalekale gibi ad\u0131 batas\u0131 vaay!\u201d Sonra bakt\u0131 boynu bile\u011fi \u00e7izik s\u0131yr\u0131k i\u00e7inde, aln\u0131 avurdu kan, hem de beti benzi u\u00e7up gitmi\u015f, arpa saman\u0131 gibi sar\u0131 bir y\u00fczle titreyip durur; ac\u0131d\u0131. F\u0131rlad\u0131\u011f\u0131 gibi sol kapa\u011f\u0131n kulpundan tuttu, a\u00e7t\u0131, \u00e7ekip \u00e7\u0131kard\u0131 \u00e7ocu\u011fu. \u201cGel yavru, gel yan\u0131ma! Gel de dik dur! Dik dur, hemen y\u0131k\u0131lma bakal\u0131m!\u201d dedi. <\/p>\n","protected":false},"excerpt":{"rendered":"<p>Fakir Baykurt, \u00f6yk\u00fclerinde k\u00f6y ya\u015fam\u0131n\u0131n sertli\u011fi, yoksulluk, cahillik, taassup, bat\u0131l inan\u00e7, s\u00f6m\u00fcr\u00fc gibi sorunlar\u0131 ele alarak k\u00f6yl\u00fcn\u00fcn maddi ve manevi d\u00fcnyas\u0131n\u0131 toplumsalc\u0131 ve ger\u00e7ek\u00e7i bir bak\u0131\u015ftan<span class=\"excerpt-hellip\"> [\u2026]<\/span><\/p>\n","protected":false},"featured_media":0,"template":"","meta":{"_monsterinsights_skip_tracking":false,"_monsterinsights_sitenote_active":false,"_monsterinsights_sitenote_note":"","_monsterinsights_sitenote_category":0},"product_brand":[],"product_cat":[12291,12711],"product_tag":[],"class_list":{"0":"post-706057","1":"product","2":"type-product","3":"status-publish","5":"product_cat-edebiyat","6":"product_cat-roman-oyku","7":"pa_cilt-ciltsiz","8":"pa_tur-kitap","9":"pa_yayinevi-literatur-yayinevi","10":"pa_yazar-fakir-baykurt","12":"first","13":"instock","14":"sale","15":"shipping-taxable","16":"purchasable","17":"product-type-simple"},"_links":{"self":[{"href":"https:\/\/roveyayinevi.com.tr\/index.php\/wp-json\/wp\/v2\/product\/706057","targetHints":{"allow":["GET"]}}],"collection":[{"href":"https:\/\/roveyayinevi.com.tr\/index.php\/wp-json\/wp\/v2\/product"}],"about":[{"href":"https:\/\/roveyayinevi.com.tr\/index.php\/wp-json\/wp\/v2\/types\/product"}],"wp:attachment":[{"href":"https:\/\/roveyayinevi.com.tr\/index.php\/wp-json\/wp\/v2\/media?parent=706057"}],"wp:term":[{"taxonomy":"product_brand","embeddable":true,"href":"https:\/\/roveyayinevi.com.tr\/index.php\/wp-json\/wp\/v2\/product_brand?post=706057"},{"taxonomy":"product_cat","embeddable":true,"href":"https:\/\/roveyayinevi.com.tr\/index.php\/wp-json\/wp\/v2\/product_cat?post=706057"},{"taxonomy":"product_tag","embeddable":true,"href":"https:\/\/roveyayinevi.com.tr\/index.php\/wp-json\/wp\/v2\/product_tag?post=706057"}],"curies":[{"name":"wp","href":"https:\/\/api.w.org\/{rel}","templated":true}]}}