{"id":706054,"date":"2025-08-27T15:52:24","date_gmt":"2025-08-27T12:52:24","guid":{"rendered":"https:\/\/roveyayinevi.com.tr\/index.php\/urun\/insan-vucudu\/"},"modified":"2026-04-16T02:14:36","modified_gmt":"2026-04-15T23:14:36","slug":"insan-vucudu","status":"publish","type":"product","link":"https:\/\/roveyayinevi.com.tr\/index.php\/urun\/insan-vucudu\/","title":{"rendered":"\u0130nsan V\u00fccudu"},"content":{"rendered":"<p>V\u00fccudumda ka\u00e7 kemik var?Benim i\u00e7in iyi olan besinler nelerdir?Neden a\u015f\u0131 oluyorum ki?G\u00f6zlerim birer kameraya m\u0131 benzer?Hey sen! Merakl\u0131 \u00e7ocuk\u2026Biliyorum, akl\u0131nda insan v\u00fccuduyla ilgili pek \u00e7ok soru dolan\u0131p duruyor.Hi\u00e7 \u015f\u00fcphem yok ki sen de \u00e7ok merak ediyorsun derinin ne i\u015fe yarad\u0131\u011f\u0131n\u0131, s\u0131cak olunca neden terledi\u011fini, kalbinin neden att\u0131\u011f\u0131n\u0131, beyninin ne kadar b\u00fcy\u00fck oldu\u011funu\u2026B\u00fct\u00fcn bu sorular\u0131n yan\u0131tlar\u0131n\u0131 sayfalar\u0131mda bulacak, ba\u015fka pek \u00e7ok \u015fey \u00f6\u011frenecek ve hatta en sonunda da ne kadar \u00f6\u011frendi\u011fini g\u00f6rebileceksin.Merak etmek g\u00fczeldir\u2026 Merak \u00f6\u011fretir\u2026 Merakt\u0131r insanl\u0131\u011f\u0131n ilerlemesini, her g\u00fcn yeni ad\u0131mlar atmas\u0131n\u0131 sa\u011flayan\u2026O h\u00e2lde merak etmeye, \u00f6\u011frenmeye devam! <\/p>\n","protected":false},"excerpt":{"rendered":"<p>V\u00fccudumda ka\u00e7 kemik var?Benim i\u00e7in iyi olan besinler nelerdir?Neden a\u015f\u0131 oluyorum ki?G\u00f6zlerim birer kameraya m\u0131 benzer?Hey sen! Merakl\u0131 \u00e7ocuk\u2026Biliyorum, akl\u0131nda insan v\u00fccuduyla ilgili pek \u00e7ok soru<span class=\"excerpt-hellip\"> [\u2026]<\/span><\/p>\n","protected":false},"featured_media":0,"template":"","meta":{"_monsterinsights_skip_tracking":false,"_monsterinsights_sitenote_active":false,"_monsterinsights_sitenote_note":"","_monsterinsights_sitenote_category":0},"product_brand":[],"product_cat":[13829,12274],"product_tag":[],"class_list":{"0":"post-706054","1":"product","2":"type-product","3":"status-publish","5":"product_cat-bilimsel-kitaplar","6":"product_cat-cocuk-ve-genclik-kitaplari","7":"pa_cilt-ciltsiz","8":"pa_tur-kitap","9":"pa_yayinevi-almidilli","10":"pa_yazar-chris-oxlade","12":"first","13":"instock","14":"sale","15":"shipping-taxable","16":"purchasable","17":"product-type-simple"},"_links":{"self":[{"href":"https:\/\/roveyayinevi.com.tr\/index.php\/wp-json\/wp\/v2\/product\/706054","targetHints":{"allow":["GET"]}}],"collection":[{"href":"https:\/\/roveyayinevi.com.tr\/index.php\/wp-json\/wp\/v2\/product"}],"about":[{"href":"https:\/\/roveyayinevi.com.tr\/index.php\/wp-json\/wp\/v2\/types\/product"}],"wp:attachment":[{"href":"https:\/\/roveyayinevi.com.tr\/index.php\/wp-json\/wp\/v2\/media?parent=706054"}],"wp:term":[{"taxonomy":"product_brand","embeddable":true,"href":"https:\/\/roveyayinevi.com.tr\/index.php\/wp-json\/wp\/v2\/product_brand?post=706054"},{"taxonomy":"product_cat","embeddable":true,"href":"https:\/\/roveyayinevi.com.tr\/index.php\/wp-json\/wp\/v2\/product_cat?post=706054"},{"taxonomy":"product_tag","embeddable":true,"href":"https:\/\/roveyayinevi.com.tr\/index.php\/wp-json\/wp\/v2\/product_tag?post=706054"}],"curies":[{"name":"wp","href":"https:\/\/api.w.org\/{rel}","templated":true}]}}