{"id":706050,"date":"2025-08-27T15:52:22","date_gmt":"2025-08-27T12:52:22","guid":{"rendered":"https:\/\/roveyayinevi.com.tr\/index.php\/urun\/okyanuslar-ve-denizler\/"},"modified":"2026-04-16T02:14:36","modified_gmt":"2026-04-15T23:14:36","slug":"okyanuslar-ve-denizler","status":"publish","type":"product","link":"https:\/\/roveyayinevi.com.tr\/index.php\/urun\/okyanuslar-ve-denizler\/","title":{"rendered":"Okyanuslar ve Denizler"},"content":{"rendered":"<p>Denizin alt\u0131nda da\u011flar var m\u0131d\u0131r?K\u00f6pek bal\u0131klar\u0131 \u00e7eki\u00e7 kullan\u0131r m\u0131?Hangi bal\u0131k palya\u00e7oya benzer?Kaplumba\u011falar ne kadar derine dalabilir?Hey sen! Merakl\u0131 \u00e7ocuk\u2026Biliyorum, akl\u0131nda okyanus ve denizlerle ilgili pek \u00e7ok soru dolan\u0131p duruyor.Hi\u00e7 \u015f\u00fcphem yok ki sen de \u00e7ok merak ediyorsun ka\u00e7 tane okyanus oldu\u011funu, denizde ya\u015fayan ilgin\u00e7 canl\u0131lar\u0131, bal\u0131klar\u0131n g\u00fcne\u015f banyosu yap\u0131p yapmad\u0131\u011f\u0131n\u0131\u2026B\u00fct\u00fcn bu sorular\u0131n yan\u0131tlar\u0131n\u0131 sayfalar\u0131mda bulacak, ba\u015fka pek \u00e7ok \u015fey \u00f6\u011frenecek ve hatta en sonunda da ne kadar \u00f6\u011frendi\u011fini g\u00f6rebileceksin.Merak etmek g\u00fczeldir\u2026 Merak \u00f6\u011fretir\u2026 Merakt\u0131r insanl\u0131\u011f\u0131n ilerlemesini, her g\u00fcn yeni ad\u0131mlar atmas\u0131n\u0131 sa\u011flayan\u2026O h\u00e2lde merak etmeye, \u00f6\u011frenmeye devam! <\/p>\n","protected":false},"excerpt":{"rendered":"<p>Denizin alt\u0131nda da\u011flar var m\u0131d\u0131r?K\u00f6pek bal\u0131klar\u0131 \u00e7eki\u00e7 kullan\u0131r m\u0131?Hangi bal\u0131k palya\u00e7oya benzer?Kaplumba\u011falar ne kadar derine dalabilir?Hey sen! Merakl\u0131 \u00e7ocuk\u2026Biliyorum, akl\u0131nda okyanus ve denizlerle ilgili pek \u00e7ok<span class=\"excerpt-hellip\"> [\u2026]<\/span><\/p>\n","protected":false},"featured_media":0,"template":"","meta":{"_monsterinsights_skip_tracking":false,"_monsterinsights_sitenote_active":false,"_monsterinsights_sitenote_note":"","_monsterinsights_sitenote_category":0},"product_brand":[],"product_cat":[13829,12274],"product_tag":[],"class_list":{"0":"post-706050","1":"product","2":"type-product","3":"status-publish","5":"product_cat-bilimsel-kitaplar","6":"product_cat-cocuk-ve-genclik-kitaplari","7":"pa_cilt-ciltsiz","8":"pa_tur-kitap","9":"pa_yayinevi-almidilli","10":"pa_yazar-belinda-gallagher","12":"first","13":"instock","14":"sale","15":"shipping-taxable","16":"purchasable","17":"product-type-simple"},"_links":{"self":[{"href":"https:\/\/roveyayinevi.com.tr\/index.php\/wp-json\/wp\/v2\/product\/706050","targetHints":{"allow":["GET"]}}],"collection":[{"href":"https:\/\/roveyayinevi.com.tr\/index.php\/wp-json\/wp\/v2\/product"}],"about":[{"href":"https:\/\/roveyayinevi.com.tr\/index.php\/wp-json\/wp\/v2\/types\/product"}],"wp:attachment":[{"href":"https:\/\/roveyayinevi.com.tr\/index.php\/wp-json\/wp\/v2\/media?parent=706050"}],"wp:term":[{"taxonomy":"product_brand","embeddable":true,"href":"https:\/\/roveyayinevi.com.tr\/index.php\/wp-json\/wp\/v2\/product_brand?post=706050"},{"taxonomy":"product_cat","embeddable":true,"href":"https:\/\/roveyayinevi.com.tr\/index.php\/wp-json\/wp\/v2\/product_cat?post=706050"},{"taxonomy":"product_tag","embeddable":true,"href":"https:\/\/roveyayinevi.com.tr\/index.php\/wp-json\/wp\/v2\/product_tag?post=706050"}],"curies":[{"name":"wp","href":"https:\/\/api.w.org\/{rel}","templated":true}]}}