{"id":706045,"date":"2025-08-27T15:52:20","date_gmt":"2025-08-27T12:52:20","guid":{"rendered":"https:\/\/roveyayinevi.com.tr\/index.php\/urun\/101-atasozu-101-oyku\/"},"modified":"2026-04-16T02:14:36","modified_gmt":"2026-04-15T23:14:36","slug":"101-atasozu-101-oyku","status":"publish","type":"product","link":"https:\/\/roveyayinevi.com.tr\/index.php\/urun\/101-atasozu-101-oyku\/","title":{"rendered":"101 Atas\u00f6z\u00fc 101 \u00d6yk\u00fc"},"content":{"rendered":"<p>Atas\u00f6zleri nas\u0131l ortaya \u00e7\u0131km\u0131\u015ft\u0131, merak ettiniz mi hi\u00e7? Biliyoruz ki her atas\u00f6z\u00fc, mutlaka bir olay s\u0131ras\u0131nda, olay\u0131n kahramanlar\u0131ndan biri taraf\u0131ndan kullan\u0131ld\u0131. Bug\u00fcnk\u00fc de\u011fi\u015fmez, de\u011fi\u015ftirilemez hallerini ise y\u0131llar i\u00e7inde, kullan\u0131la kullan\u0131la ald\u0131. Yazar\u0131m\u0131z S\u00fcleyman Bulut, atas\u00f6zlerinin ortaya \u00e7\u0131kmas\u0131n\u0131 sa\u011flayan olaylar\u0131 ara\u015ft\u0131rd\u0131, derledi, toplad\u0131 ve \u00e7ocuklar i\u00e7in yeniden kaleme ald\u0131. 101 atas\u00f6z\u00fcn\u00fcn birbirinden e\u011flenceli ve birbirinden ilgin\u00e7 101 \u00f6yk\u00fcs\u00fc, bu kitapta! <\/p>\n","protected":false},"excerpt":{"rendered":"<p>Atas\u00f6zleri nas\u0131l ortaya \u00e7\u0131km\u0131\u015ft\u0131, merak ettiniz mi hi\u00e7? Biliyoruz ki her atas\u00f6z\u00fc, mutlaka bir olay s\u0131ras\u0131nda, olay\u0131n kahramanlar\u0131ndan biri taraf\u0131ndan kullan\u0131ld\u0131. Bug\u00fcnk\u00fc de\u011fi\u015fmez, de\u011fi\u015ftirilemez hallerini ise<span class=\"excerpt-hellip\"> [\u2026]<\/span><\/p>\n","protected":false},"featured_media":0,"template":"","meta":{"_monsterinsights_skip_tracking":false,"_monsterinsights_sitenote_active":false,"_monsterinsights_sitenote_note":"","_monsterinsights_sitenote_category":0},"product_brand":[],"product_cat":[12312,12304],"product_tag":[],"class_list":{"0":"post-706045","1":"product","2":"type-product","3":"status-publish","5":"product_cat-diger","6":"product_cat-tarih","7":"pa_cilt-ciltsiz","8":"pa_tur-kitap","9":"pa_yayinevi-can-cocuk-yayinlari","10":"pa_yazar-suleyman-bulut","12":"first","13":"instock","14":"sale","15":"shipping-taxable","16":"purchasable","17":"product-type-simple"},"_links":{"self":[{"href":"https:\/\/roveyayinevi.com.tr\/index.php\/wp-json\/wp\/v2\/product\/706045","targetHints":{"allow":["GET"]}}],"collection":[{"href":"https:\/\/roveyayinevi.com.tr\/index.php\/wp-json\/wp\/v2\/product"}],"about":[{"href":"https:\/\/roveyayinevi.com.tr\/index.php\/wp-json\/wp\/v2\/types\/product"}],"wp:attachment":[{"href":"https:\/\/roveyayinevi.com.tr\/index.php\/wp-json\/wp\/v2\/media?parent=706045"}],"wp:term":[{"taxonomy":"product_brand","embeddable":true,"href":"https:\/\/roveyayinevi.com.tr\/index.php\/wp-json\/wp\/v2\/product_brand?post=706045"},{"taxonomy":"product_cat","embeddable":true,"href":"https:\/\/roveyayinevi.com.tr\/index.php\/wp-json\/wp\/v2\/product_cat?post=706045"},{"taxonomy":"product_tag","embeddable":true,"href":"https:\/\/roveyayinevi.com.tr\/index.php\/wp-json\/wp\/v2\/product_tag?post=706045"}],"curies":[{"name":"wp","href":"https:\/\/api.w.org\/{rel}","templated":true}]}}