{"id":706043,"date":"2025-08-27T15:52:19","date_gmt":"2025-08-27T12:52:19","guid":{"rendered":"https:\/\/roveyayinevi.com.tr\/index.php\/urun\/esrarengiz-duman\/"},"modified":"2026-04-16T02:14:36","modified_gmt":"2026-04-15T23:14:36","slug":"esrarengiz-duman","status":"publish","type":"product","link":"https:\/\/roveyayinevi.com.tr\/index.php\/urun\/esrarengiz-duman\/","title":{"rendered":"Esrarengiz Duman"},"content":{"rendered":"<p>Pelin bir g\u00fcn gizemli bir isimden, sihirli bir mektup al\u0131r&#8230; \u00d6yle ki, mektubun i\u00e7inden yay\u0131lan esrarengiz duman, Pelin&#8217;i i\u00e7ine al\u0131r ve \u00fc\u00e7 ya\u015f\u0131nda ya\u015fad\u0131\u011f\u0131 s\u0131ra d\u0131\u015f\u0131 olaylara onu geri g\u00f6t\u00fcr\u00fcr. Pelin&#8217;in \u015eanghay&#8217;da yar\u0131m kalan maceras\u0131 y\u0131llar sonra, \u0130stanbul&#8217;dan tekrar \u015eanghay&#8217;a uzan\u0131r ve hayat\u0131na dair t\u00fcm d\u00fc\u011f\u00fcmleri \u00e7\u00f6z\u00fcl\u00fcr&#8230; \ufffc<\/p>\n","protected":false},"excerpt":{"rendered":"<p>Pelin bir g\u00fcn gizemli bir isimden, sihirli bir mektup al\u0131r&#8230; \u00d6yle ki, mektubun i\u00e7inden yay\u0131lan esrarengiz duman, Pelin&#8217;i i\u00e7ine al\u0131r ve \u00fc\u00e7 ya\u015f\u0131nda ya\u015fad\u0131\u011f\u0131 s\u0131ra d\u0131\u015f\u0131<span class=\"excerpt-hellip\"> [\u2026]<\/span><\/p>\n","protected":false},"featured_media":0,"template":"","meta":{"_monsterinsights_skip_tracking":false,"_monsterinsights_sitenote_active":false,"_monsterinsights_sitenote_note":"","_monsterinsights_sitenote_category":0},"product_brand":[],"product_cat":[12274,12284],"product_tag":[],"class_list":{"0":"post-706043","1":"product","2":"type-product","3":"status-publish","5":"product_cat-cocuk-ve-genclik-kitaplari","6":"product_cat-hikayeler","7":"pa_cilt-ciltsiz","8":"pa_tur-kitap","9":"pa_yayinevi-fom-kitap","10":"pa_yazar-aytul-akal","12":"first","13":"instock","14":"sale","15":"shipping-taxable","16":"purchasable","17":"product-type-simple"},"_links":{"self":[{"href":"https:\/\/roveyayinevi.com.tr\/index.php\/wp-json\/wp\/v2\/product\/706043","targetHints":{"allow":["GET"]}}],"collection":[{"href":"https:\/\/roveyayinevi.com.tr\/index.php\/wp-json\/wp\/v2\/product"}],"about":[{"href":"https:\/\/roveyayinevi.com.tr\/index.php\/wp-json\/wp\/v2\/types\/product"}],"wp:attachment":[{"href":"https:\/\/roveyayinevi.com.tr\/index.php\/wp-json\/wp\/v2\/media?parent=706043"}],"wp:term":[{"taxonomy":"product_brand","embeddable":true,"href":"https:\/\/roveyayinevi.com.tr\/index.php\/wp-json\/wp\/v2\/product_brand?post=706043"},{"taxonomy":"product_cat","embeddable":true,"href":"https:\/\/roveyayinevi.com.tr\/index.php\/wp-json\/wp\/v2\/product_cat?post=706043"},{"taxonomy":"product_tag","embeddable":true,"href":"https:\/\/roveyayinevi.com.tr\/index.php\/wp-json\/wp\/v2\/product_tag?post=706043"}],"curies":[{"name":"wp","href":"https:\/\/api.w.org\/{rel}","templated":true}]}}