{"id":706039,"date":"2025-08-27T15:52:18","date_gmt":"2025-08-27T12:52:18","guid":{"rendered":"https:\/\/roveyayinevi.com.tr\/index.php\/urun\/kibris-tarihsel-sozlugu\/"},"modified":"2026-04-16T02:14:36","modified_gmt":"2026-04-15T23:14:36","slug":"kibris-tarihsel-sozlugu","status":"publish","type":"product","link":"https:\/\/roveyayinevi.com.tr\/index.php\/urun\/kibris-tarihsel-sozlugu\/","title":{"rendered":"K\u0131br\u0131s Tarihsel S\u00f6zl\u00fc\u011f\u00fc"},"content":{"rendered":"<p>Akdeniz\u2019in \u00fc\u00e7\u00fcnc\u00fc b\u00fcy\u00fck adas\u0131 K\u0131br\u0131s, tarih boyunca ticari, askeri, turistik ve stratejik olarak ilgi oda\u011f\u0131 olmu\u015f bir co\u011frafyad\u0131r. Antik \u00e7a\u011fdan beridir, deniz ticaret yollar\u0131 \u00fczerindeki konumu nedeniyle Afrika, Asya ve Avrupa aras\u0131nda bir k\u00f6pr\u00fc g\u00f6revi g\u00f6rm\u00fc\u015f olan ada, her \u00fc\u00e7 co\u011frafyan\u0131n da olumlu-olumsuz miras\u0131n\u0131 ta\u015f\u0131maya hala devam etmektedir. <\/p>\n","protected":false},"excerpt":{"rendered":"<p>Akdeniz\u2019in \u00fc\u00e7\u00fcnc\u00fc b\u00fcy\u00fck adas\u0131 K\u0131br\u0131s, tarih boyunca ticari, askeri, turistik ve stratejik olarak ilgi oda\u011f\u0131 olmu\u015f bir co\u011frafyad\u0131r. Antik \u00e7a\u011fdan beridir, deniz ticaret yollar\u0131 \u00fczerindeki konumu<span class=\"excerpt-hellip\"> [\u2026]<\/span><\/p>\n","protected":false},"featured_media":0,"template":"","meta":{"_monsterinsights_skip_tracking":false,"_monsterinsights_sitenote_active":false,"_monsterinsights_sitenote_note":"","_monsterinsights_sitenote_category":0},"product_brand":[],"product_cat":[13772,12364],"product_tag":[],"class_list":{"0":"post-706039","1":"product","2":"type-product","3":"status-publish","5":"product_cat-basvuru-kitaplari","6":"product_cat-genel-konular","7":"pa_tur-kitap","8":"pa_yayinevi-kalkedon-yayincilik","9":"pa_yazar-farid-mirbagheri","11":"first","12":"instock","13":"sale","14":"shipping-taxable","15":"purchasable","16":"product-type-simple"},"_links":{"self":[{"href":"https:\/\/roveyayinevi.com.tr\/index.php\/wp-json\/wp\/v2\/product\/706039","targetHints":{"allow":["GET"]}}],"collection":[{"href":"https:\/\/roveyayinevi.com.tr\/index.php\/wp-json\/wp\/v2\/product"}],"about":[{"href":"https:\/\/roveyayinevi.com.tr\/index.php\/wp-json\/wp\/v2\/types\/product"}],"wp:attachment":[{"href":"https:\/\/roveyayinevi.com.tr\/index.php\/wp-json\/wp\/v2\/media?parent=706039"}],"wp:term":[{"taxonomy":"product_brand","embeddable":true,"href":"https:\/\/roveyayinevi.com.tr\/index.php\/wp-json\/wp\/v2\/product_brand?post=706039"},{"taxonomy":"product_cat","embeddable":true,"href":"https:\/\/roveyayinevi.com.tr\/index.php\/wp-json\/wp\/v2\/product_cat?post=706039"},{"taxonomy":"product_tag","embeddable":true,"href":"https:\/\/roveyayinevi.com.tr\/index.php\/wp-json\/wp\/v2\/product_tag?post=706039"}],"curies":[{"name":"wp","href":"https:\/\/api.w.org\/{rel}","templated":true}]}}