{"id":706038,"date":"2025-08-27T15:52:17","date_gmt":"2025-08-27T12:52:17","guid":{"rendered":"https:\/\/roveyayinevi.com.tr\/index.php\/urun\/meridyen-terapisi\/"},"modified":"2026-04-16T02:14:36","modified_gmt":"2026-04-15T23:14:36","slug":"meridyen-terapisi","status":"publish","type":"product","link":"https:\/\/roveyayinevi.com.tr\/index.php\/urun\/meridyen-terapisi\/","title":{"rendered":"Meridyen Terapisi"},"content":{"rendered":"<p>Meridyenler, fiziksel bedenimizin enerji plan\u0131d\u0131r. Meridyen enerji sisteminde ak\u0131\u015f dengesi bozuldu\u011funda, duygusal ve fiziksel sorunlar bir s\u00fcre sonra hayat\u0131m\u0131zda kendisini g\u00f6sterir. Son y\u0131llarda meridyen enerjisinin varl\u0131\u011f\u0131 \u00e7ok duyarl\u0131 elektriksel, termal ve radyoaktif \u00f6l\u00e7\u00fcmlerle kan\u0131tlanm\u0131\u015f ve haritas\u0131 \u00e7\u0131kar\u0131lm\u0131\u015ft\u0131r. \ufffcTan\u0131t\u0131m Metni<\/p>\n","protected":false},"excerpt":{"rendered":"<p>Meridyenler, fiziksel bedenimizin enerji plan\u0131d\u0131r. Meridyen enerji sisteminde ak\u0131\u015f dengesi bozuldu\u011funda, duygusal ve fiziksel sorunlar bir s\u00fcre sonra hayat\u0131m\u0131zda kendisini g\u00f6sterir. Son y\u0131llarda meridyen enerjisinin varl\u0131\u011f\u0131<span class=\"excerpt-hellip\"> [\u2026]<\/span><\/p>\n","protected":false},"featured_media":0,"template":"","meta":{"_monsterinsights_skip_tracking":false,"_monsterinsights_sitenote_active":false,"_monsterinsights_sitenote_note":"","_monsterinsights_sitenote_category":0},"product_brand":[],"product_cat":[12358,12357],"product_tag":[],"class_list":{"0":"post-706038","1":"product","2":"type-product","3":"status-publish","5":"product_cat-genel-psikoloji","6":"product_cat-psikoloji","7":"pa_cilt-ciltsiz","8":"pa_tur-kitap","9":"pa_yayinevi-kuraldisi-yayinevi","10":"pa_yazar-nil-gun","12":"first","13":"instock","14":"sale","15":"shipping-taxable","16":"purchasable","17":"product-type-simple"},"_links":{"self":[{"href":"https:\/\/roveyayinevi.com.tr\/index.php\/wp-json\/wp\/v2\/product\/706038","targetHints":{"allow":["GET"]}}],"collection":[{"href":"https:\/\/roveyayinevi.com.tr\/index.php\/wp-json\/wp\/v2\/product"}],"about":[{"href":"https:\/\/roveyayinevi.com.tr\/index.php\/wp-json\/wp\/v2\/types\/product"}],"wp:attachment":[{"href":"https:\/\/roveyayinevi.com.tr\/index.php\/wp-json\/wp\/v2\/media?parent=706038"}],"wp:term":[{"taxonomy":"product_brand","embeddable":true,"href":"https:\/\/roveyayinevi.com.tr\/index.php\/wp-json\/wp\/v2\/product_brand?post=706038"},{"taxonomy":"product_cat","embeddable":true,"href":"https:\/\/roveyayinevi.com.tr\/index.php\/wp-json\/wp\/v2\/product_cat?post=706038"},{"taxonomy":"product_tag","embeddable":true,"href":"https:\/\/roveyayinevi.com.tr\/index.php\/wp-json\/wp\/v2\/product_tag?post=706038"}],"curies":[{"name":"wp","href":"https:\/\/api.w.org\/{rel}","templated":true}]}}