{"id":706036,"date":"2025-08-27T15:51:38","date_gmt":"2025-08-27T12:51:38","guid":{"rendered":"https:\/\/roveyayinevi.com.tr\/index.php\/urun\/bekle-bizi-istanbul\/"},"modified":"2026-04-12T02:17:30","modified_gmt":"2026-04-11T23:17:30","slug":"bekle-bizi-istanbul","status":"publish","type":"product","link":"https:\/\/roveyayinevi.com.tr\/index.php\/urun\/bekle-bizi-istanbul\/","title":{"rendered":"Bekle Bizi \u0130stanbul"},"content":{"rendered":"<p>\u201cSalk\u0131m salk\u0131m tan yelleri esti\u011finde\u201d diye ba\u015flayan, \u201cBo\u015funa \u00e7ekilmedi bunca ac\u0131lar\u201d diye devam eden \u015fiirlerin yarat\u0131c\u0131s\u0131 Vedat T\u00fcrkali\u2019nin b\u00fct\u00fcn \u015fiirleri bu kitapta yer al\u0131yor. Romanlar\u0131, senaryolar\u0131 ve \u00e7alkant\u0131l\u0131 hayat\u0131yla \u00fclkemizin tarihi bir d\u00f6nemine tan\u0131kl\u0131k eden Vedat T\u00fcrkali, bize umutla seslenmeye devam ediyor: \u201cBekle o g\u00fcnler gelsin \u0130stanbul bekle.\u201d <\/p>\n","protected":false},"excerpt":{"rendered":"<p>\u201cSalk\u0131m salk\u0131m tan yelleri esti\u011finde\u201d diye ba\u015flayan, \u201cBo\u015funa \u00e7ekilmedi bunca ac\u0131lar\u201d diye devam eden \u015fiirlerin yarat\u0131c\u0131s\u0131 Vedat T\u00fcrkali\u2019nin b\u00fct\u00fcn \u015fiirleri bu kitapta yer al\u0131yor. Romanlar\u0131, senaryolar\u0131<span class=\"excerpt-hellip\"> [\u2026]<\/span><\/p>\n","protected":false},"featured_media":0,"template":"","meta":{"_monsterinsights_skip_tracking":false,"_monsterinsights_sitenote_active":false,"_monsterinsights_sitenote_note":"","_monsterinsights_sitenote_category":0},"product_brand":[],"product_cat":[12291,12509],"product_tag":[],"class_list":{"0":"post-706036","1":"product","2":"type-product","3":"status-publish","5":"product_cat-edebiyat","6":"product_cat-siir","7":"pa_cilt-ciltsiz","8":"pa_tur-kitap","9":"pa_yayinevi-ayrinti-yayinlari","10":"pa_yazar-vedat-turkali","12":"first","13":"instock","14":"sale","15":"shipping-taxable","16":"purchasable","17":"product-type-simple"},"_links":{"self":[{"href":"https:\/\/roveyayinevi.com.tr\/index.php\/wp-json\/wp\/v2\/product\/706036","targetHints":{"allow":["GET"]}}],"collection":[{"href":"https:\/\/roveyayinevi.com.tr\/index.php\/wp-json\/wp\/v2\/product"}],"about":[{"href":"https:\/\/roveyayinevi.com.tr\/index.php\/wp-json\/wp\/v2\/types\/product"}],"wp:attachment":[{"href":"https:\/\/roveyayinevi.com.tr\/index.php\/wp-json\/wp\/v2\/media?parent=706036"}],"wp:term":[{"taxonomy":"product_brand","embeddable":true,"href":"https:\/\/roveyayinevi.com.tr\/index.php\/wp-json\/wp\/v2\/product_brand?post=706036"},{"taxonomy":"product_cat","embeddable":true,"href":"https:\/\/roveyayinevi.com.tr\/index.php\/wp-json\/wp\/v2\/product_cat?post=706036"},{"taxonomy":"product_tag","embeddable":true,"href":"https:\/\/roveyayinevi.com.tr\/index.php\/wp-json\/wp\/v2\/product_tag?post=706036"}],"curies":[{"name":"wp","href":"https:\/\/api.w.org\/{rel}","templated":true}]}}