{"id":706031,"date":"2025-08-27T15:51:36","date_gmt":"2025-08-27T12:51:36","guid":{"rendered":"https:\/\/roveyayinevi.com.tr\/index.php\/urun\/yesilcam-dedikleri-turkiye\/"},"modified":"2026-04-16T02:14:35","modified_gmt":"2026-04-15T23:14:35","slug":"yesilcam-dedikleri-turkiye","status":"publish","type":"product","link":"https:\/\/roveyayinevi.com.tr\/index.php\/urun\/yesilcam-dedikleri-turkiye\/","title":{"rendered":"Ye\u015fil\u00e7am Dedikleri T\u00fcrkiye"},"content":{"rendered":"<p>En g\u00fczel \u015fiir de birlikte olman\u0131n \u015fiiri. Onu yaz yazacaksan! Sevi\u015fmek de dayan\u0131\u015fma de\u011fil mi? Pervin\u2019le d\u00fcn gece b\u00f6l\u00fc\u015ft\u00fcklerimizin s\u00fcr\u00fcp gitmesi, b\u00fct\u00fcn bu g\u00f6r\u00fcnenler. Grev \u00e7ad\u0131r\u0131nda&#8217;da onu anlatmak istiyorum. Nas\u0131l? Bulamad\u0131m daha; kolay m\u0131?.. Yaln\u0131z onu da anlatmak istemiyorum. O \u00e7ad\u0131ra kapat\u0131lmaya ba\u015fkald\u0131rmak gerek. Sevi\u015fmek varsa niye kat\u0131 s\u0131n\u0131rlar \u00e7izilsin? Birka\u00e7 \u00e7irkinin yol kesmesiyle yitecek mutluluk, yalan\u0131n bir par\u00e7as\u0131 demek&#8230; Hem de en k\u00f6t\u00fc par\u00e7as\u0131&#8230; Faizi bile vard\u0131r!.. Koy \u00e7elik kasaya, sakla!.. \u0130nsana, yak\u0131\u015fan verilmeli. Bir de, \u015funlar\u0131n anlamayaca\u011f\u0131 dizeler s\u00f6yleme sak\u0131n. Benim anlad\u0131\u011f\u0131m\u0131 onlar niye anlamas\u0131n? \u00d6yle de\u011fil biliyorsun&#8230; G\u00fc\u00e7l\u00fck de orada&#8230; Bakma sen bu \u015famataya, onlar\u0131n her \u015feyi anlayacaklar\u0131 g\u00fcn epeyi ilerlerde daha. Anlatamay\u0131nca b\u00f6yle s\u00f6ylersiniz. \u00d6yle iyi anlar ki onlar&#8230; Bunca toplanmas\u0131n\u0131 bilecekler de do\u011frular\u0131 s\u00f6yleyeceksin, anlamayacaklar!.. G\u00fcl\u00fc\u015f\u00fcp konu\u015fmalar\u0131na bak \u015funlar\u0131n, birbirlerine yemek uzat\u0131\u015flar\u0131na&#8230; Ellerini \u00e7ektiler, kald\u0131r\u0131m ta\u015f\u0131na d\u00f6nd\u00fc \u015fu duvarlar\u0131n \u00f6tesindeki makineler&#8230; K\u00f6s k\u00f6s bekliyor hepsi&#8230; Salt onlar\u0131n do\u011frular\u0131 yeterli olsa. \ufffc<\/p>\n","protected":false},"excerpt":{"rendered":"<p>En g\u00fczel \u015fiir de birlikte olman\u0131n \u015fiiri. Onu yaz yazacaksan! Sevi\u015fmek de dayan\u0131\u015fma de\u011fil mi? Pervin\u2019le d\u00fcn gece b\u00f6l\u00fc\u015ft\u00fcklerimizin s\u00fcr\u00fcp gitmesi, b\u00fct\u00fcn bu g\u00f6r\u00fcnenler. Grev \u00e7ad\u0131r\u0131nda&#8217;da<span class=\"excerpt-hellip\"> [\u2026]<\/span><\/p>\n","protected":false},"featured_media":0,"template":"","meta":{"_monsterinsights_skip_tracking":false,"_monsterinsights_sitenote_active":false,"_monsterinsights_sitenote_note":"","_monsterinsights_sitenote_category":0},"product_brand":[],"product_cat":[12777,12291],"product_tag":[],"class_list":{"0":"post-706031","1":"product","2":"type-product","3":"status-publish","5":"product_cat-deneme","6":"product_cat-edebiyat","7":"pa_cilt-ciltsiz","8":"pa_tur-kitap","9":"pa_yayinevi-ayrinti-yayinlari","10":"pa_yazar-vedat-turkali","12":"first","13":"instock","14":"sale","15":"shipping-taxable","16":"purchasable","17":"product-type-simple"},"_links":{"self":[{"href":"https:\/\/roveyayinevi.com.tr\/index.php\/wp-json\/wp\/v2\/product\/706031","targetHints":{"allow":["GET"]}}],"collection":[{"href":"https:\/\/roveyayinevi.com.tr\/index.php\/wp-json\/wp\/v2\/product"}],"about":[{"href":"https:\/\/roveyayinevi.com.tr\/index.php\/wp-json\/wp\/v2\/types\/product"}],"wp:attachment":[{"href":"https:\/\/roveyayinevi.com.tr\/index.php\/wp-json\/wp\/v2\/media?parent=706031"}],"wp:term":[{"taxonomy":"product_brand","embeddable":true,"href":"https:\/\/roveyayinevi.com.tr\/index.php\/wp-json\/wp\/v2\/product_brand?post=706031"},{"taxonomy":"product_cat","embeddable":true,"href":"https:\/\/roveyayinevi.com.tr\/index.php\/wp-json\/wp\/v2\/product_cat?post=706031"},{"taxonomy":"product_tag","embeddable":true,"href":"https:\/\/roveyayinevi.com.tr\/index.php\/wp-json\/wp\/v2\/product_tag?post=706031"}],"curies":[{"name":"wp","href":"https:\/\/api.w.org\/{rel}","templated":true}]}}