{"id":706030,"date":"2025-08-27T15:51:35","date_gmt":"2025-08-27T12:51:35","guid":{"rendered":"https:\/\/roveyayinevi.com.tr\/index.php\/urun\/disney-anna-ve-elsa-sicak-bir-karsilama\/"},"modified":"2026-04-16T02:14:35","modified_gmt":"2026-04-15T23:14:35","slug":"disney-anna-ve-elsa-sicak-bir-karsilama","status":"publish","type":"product","link":"https:\/\/roveyayinevi.com.tr\/index.php\/urun\/disney-anna-ve-elsa-sicak-bir-karsilama\/","title":{"rendered":"Disney Anna ve Elsa &#8211; S\u0131cak Bir Kar\u015f\u0131lama"},"content":{"rendered":"<p>\u0130yi yolculuklar, Anna ve Elsa!   Elsa\u2019yla benzer g\u00fc\u00e7lere sahip bir ba\u015fka krali\u00e7e daha olabilir mi? Olabilir! Olaf, Yaz Diyar\u0131\u2019nda ya\u015fayan ve sihirli g\u00fc\u00e7lerle donanm\u0131\u015f Yaz Krali\u00e7esi hakk\u0131nda duydu\u011fu her \u015feyi hemen Elsa\u2019ya anlat\u0131yor. Ama Yaz Krali\u00e7esi\u2019nin sihirli g\u00fc\u00e7leri Elsa\u2019n\u0131nkilerden farkl\u0131ym\u0131\u015f: Kar ve buz yerine, ate\u015f ve \u0131s\u0131ya h\u00fckmedebiliyormu\u015f! Ve krali\u00e7enin \u00fclkesi, sonsuz bir yaz mevsiminin esiri olmu\u015f&#8230; Olaf, sonsuz yaz\u0131n muhte\u015fem oldu\u011funu d\u00fc\u015f\u00fcnse de, Elsa ile Anna, krali\u00e7enin yard\u0131ma ihtiyac\u0131 olabilece\u011fini fark ediyor. Ve iki k\u0131z karde\u015f, dostlar\u0131yla birlikte, onlar\u0131 bekleyen bilinmeze do\u011fru macera dolu bir yolculu\u011fa \u00e7\u0131k\u0131yor! <\/p>\n","protected":false},"excerpt":{"rendered":"<p>\u0130yi yolculuklar, Anna ve Elsa! Elsa\u2019yla benzer g\u00fc\u00e7lere sahip bir ba\u015fka krali\u00e7e daha olabilir mi? Olabilir! Olaf, Yaz Diyar\u0131\u2019nda ya\u015fayan ve sihirli g\u00fc\u00e7lerle donanm\u0131\u015f Yaz Krali\u00e7esi<span class=\"excerpt-hellip\"> [\u2026]<\/span><\/p>\n","protected":false},"featured_media":0,"template":"","meta":{"_monsterinsights_skip_tracking":false,"_monsterinsights_sitenote_active":false,"_monsterinsights_sitenote_note":"","_monsterinsights_sitenote_category":0},"product_brand":[],"product_cat":[12274,12631],"product_tag":[],"class_list":{"0":"post-706030","1":"product","2":"type-product","3":"status-publish","5":"product_cat-cocuk-ve-genclik-kitaplari","6":"product_cat-diger-cocuk-ve-genclik-kitaplari","7":"pa_cilt-ciltsiz","8":"pa_tur-kitap","9":"pa_yayinevi-dogan-cocuk","10":"pa_yazar-kolektif","12":"first","13":"instock","14":"sale","15":"shipping-taxable","16":"purchasable","17":"product-type-simple"},"_links":{"self":[{"href":"https:\/\/roveyayinevi.com.tr\/index.php\/wp-json\/wp\/v2\/product\/706030","targetHints":{"allow":["GET"]}}],"collection":[{"href":"https:\/\/roveyayinevi.com.tr\/index.php\/wp-json\/wp\/v2\/product"}],"about":[{"href":"https:\/\/roveyayinevi.com.tr\/index.php\/wp-json\/wp\/v2\/types\/product"}],"wp:attachment":[{"href":"https:\/\/roveyayinevi.com.tr\/index.php\/wp-json\/wp\/v2\/media?parent=706030"}],"wp:term":[{"taxonomy":"product_brand","embeddable":true,"href":"https:\/\/roveyayinevi.com.tr\/index.php\/wp-json\/wp\/v2\/product_brand?post=706030"},{"taxonomy":"product_cat","embeddable":true,"href":"https:\/\/roveyayinevi.com.tr\/index.php\/wp-json\/wp\/v2\/product_cat?post=706030"},{"taxonomy":"product_tag","embeddable":true,"href":"https:\/\/roveyayinevi.com.tr\/index.php\/wp-json\/wp\/v2\/product_tag?post=706030"}],"curies":[{"name":"wp","href":"https:\/\/api.w.org\/{rel}","templated":true}]}}