{"id":706029,"date":"2025-08-27T15:51:35","date_gmt":"2025-08-27T12:51:35","guid":{"rendered":"https:\/\/roveyayinevi.com.tr\/index.php\/urun\/ah-su-uzaylilar\/"},"modified":"2026-04-16T02:14:35","modified_gmt":"2026-04-15T23:14:35","slug":"ah-su-uzaylilar","status":"publish","type":"product","link":"https:\/\/roveyayinevi.com.tr\/index.php\/urun\/ah-su-uzaylilar\/","title":{"rendered":"Ah \u015eu Uzayl\u0131lar"},"content":{"rendered":"<p>Siz de heyecan dolu bu maceraya e\u015flik ederken Ah \u015eu Uzayl\u0131lar! demeden duramayacaks\u0131n\u0131z.\u00d6zg\u00fcr, Cansu, G\u00f6khan, Sibel ve \u00c7etin\u2026\u015eirinler grubunun ba\u015f kahramanlar\u0131\u2026Tatil yapmak i\u00e7in gittikleri kampta hayal bile edemeyecekleri bir ser\u00fcven ya\u015fayacaklar\u0131ndan habersizler! Ormanda y\u00fcr\u00fcy\u00fc\u015f yapt\u0131klar\u0131 bir g\u00fcn uzayl\u0131larla kar\u015f\u0131la\u015f\u0131yor ve isterlerse onlar\u0131n gezegenlerine gidebileceklerini \u00f6\u011freniyorlar. Hi\u00e7 dururlar m\u0131? Cesur kahramanlar, uzay gemisiyle \u00e7\u0131kt\u0131klar\u0131 yolculuk boyunca neler ya\u015f\u0131yorlar neler\u2026<\/p>\n","protected":false},"excerpt":{"rendered":"<p>Siz de heyecan dolu bu maceraya e\u015flik ederken Ah \u015eu Uzayl\u0131lar! demeden duramayacaks\u0131n\u0131z.\u00d6zg\u00fcr, Cansu, G\u00f6khan, Sibel ve \u00c7etin\u2026\u015eirinler grubunun ba\u015f kahramanlar\u0131\u2026Tatil yapmak i\u00e7in gittikleri kampta hayal<span class=\"excerpt-hellip\"> [\u2026]<\/span><\/p>\n","protected":false},"featured_media":0,"template":"","meta":{"_monsterinsights_skip_tracking":false,"_monsterinsights_sitenote_active":false,"_monsterinsights_sitenote_note":"","_monsterinsights_sitenote_category":0},"product_brand":[],"product_cat":[12274,12284],"product_tag":[],"class_list":{"0":"post-706029","1":"product","2":"type-product","3":"status-publish","5":"product_cat-cocuk-ve-genclik-kitaplari","6":"product_cat-hikayeler","7":"pa_cilt-ciltsiz","8":"pa_tur-kitap","9":"pa_yayinevi-dogan-egmont-yayincilik","10":"pa_yazar-canan-tan","12":"first","13":"instock","14":"sale","15":"shipping-taxable","16":"purchasable","17":"product-type-simple"},"_links":{"self":[{"href":"https:\/\/roveyayinevi.com.tr\/index.php\/wp-json\/wp\/v2\/product\/706029","targetHints":{"allow":["GET"]}}],"collection":[{"href":"https:\/\/roveyayinevi.com.tr\/index.php\/wp-json\/wp\/v2\/product"}],"about":[{"href":"https:\/\/roveyayinevi.com.tr\/index.php\/wp-json\/wp\/v2\/types\/product"}],"wp:attachment":[{"href":"https:\/\/roveyayinevi.com.tr\/index.php\/wp-json\/wp\/v2\/media?parent=706029"}],"wp:term":[{"taxonomy":"product_brand","embeddable":true,"href":"https:\/\/roveyayinevi.com.tr\/index.php\/wp-json\/wp\/v2\/product_brand?post=706029"},{"taxonomy":"product_cat","embeddable":true,"href":"https:\/\/roveyayinevi.com.tr\/index.php\/wp-json\/wp\/v2\/product_cat?post=706029"},{"taxonomy":"product_tag","embeddable":true,"href":"https:\/\/roveyayinevi.com.tr\/index.php\/wp-json\/wp\/v2\/product_tag?post=706029"}],"curies":[{"name":"wp","href":"https:\/\/api.w.org\/{rel}","templated":true}]}}