{"id":706027,"date":"2025-08-27T15:51:34","date_gmt":"2025-08-27T12:51:34","guid":{"rendered":"https:\/\/roveyayinevi.com.tr\/index.php\/urun\/sosyoloji-tarihi-3\/"},"modified":"2026-04-16T02:14:35","modified_gmt":"2026-04-15T23:14:35","slug":"sosyoloji-tarihi-3","status":"publish","type":"product","link":"https:\/\/roveyayinevi.com.tr\/index.php\/urun\/sosyoloji-tarihi-3\/","title":{"rendered":"Sosyoloji Tarihi 3"},"content":{"rendered":"<p>Bu eserde, sosyolojinin kurucu babalar\u0131, sosyolojik d\u00fc\u015f\u00fcncenin b\u00fcy\u00fck ustalar\u0131, \u00e7a\u011fda\u015f sosyologlar\u0131n \u00f6nc\u00fcleri olan Saint-Simon, Comte, Spencer, Le Play ve Tocqueville, sosyoloji tarihi \u00e7er\u00e7evesinde T\u00fcrkiye&#8217;de ilk kez bir araya geliyor. 19. y\u00fczy\u0131l sosyolojisinin mimarlar\u0131 konumundaki Saint-Simon, Comte, Spencer, Le Play ve Tocqueville&#8217;in fikirleri dikkate al\u0131nd\u0131\u011f\u0131nda klasik ve \u00e7a\u011fda\u015f sosyolojinin metodolojik ve teorik g\u00f6vdesi daha iyi anla\u015f\u0131labilir. Bunun yan\u0131 s\u0131ra, g\u00fcn\u00fcm\u00fcz d\u00fcnyas\u0131n\u0131n baz\u0131 temel meseleleri de belirli \u00f6l\u00e7\u00fcde s\u00f6z konusu be\u015f anahtar sosyologun sosyolojileri g\u00f6z \u00f6n\u00fcnde tutuldu\u011funda \u00e7\u00f6z\u00fclebilir. \u00c7\u00fcnk\u00fc onlar sadece kendi ya\u015fad\u0131klar\u0131 d\u00f6neme de\u011fil, bug\u00fcne de \u0131\u015f\u0131k tutmu\u015f b\u00fcy\u00fck sosyologlard\u0131r. Sosyoloji tarihinin dev isimlerinden Saint-Simon, Comte, Spencer, Le Play ve Tocqueville&#8217;in entelekt\u00fcel portrelerini, metodolojilerini, sosyal teorilerini, g\u00fcncelliklerini ve sosyolojik d\u00fc\u015f\u00fcnceye etkilerini merak edenlere. Onlar\u0131n sosyolojilerini b\u00fct\u00fcn y\u00f6nleriyle do\u011fru \u00f6\u011frenmek ve anlamak isteyenlere. \u0130\u00e7indekiler Birinci B\u00f6l\u00fcm: Sosyoloji Tarihinin Sosyalisti: Claude-Henr\u0131 De Sa\u0131nt-S\u0131mon \u0130kinci B\u00f6l\u00fcm: Sosyoloji Tarihinin Pozitivisti: Auguste Comte\u00dc\u00e7\u00fcnc\u00fc B\u00f6l\u00fcm: Sosyoloji Tarihinin Evrimcisi: Herbert Spencer D\u00f6rd\u00fcnc\u00fc B\u00f6l\u00fcm: Sosyoloji Tarihinin Seyyah\u0131: Fr\u00e9d\u00e9r\u0131c Le Play Be\u015finci B\u00f6l\u00fcm: Sosyoloji Tarihinin Demokrat\u0131: Alex\u0131s De Tocquev\u0131lle <\/p>\n","protected":false},"excerpt":{"rendered":"<p>Bu eserde, sosyolojinin kurucu babalar\u0131, sosyolojik d\u00fc\u015f\u00fcncenin b\u00fcy\u00fck ustalar\u0131, \u00e7a\u011fda\u015f sosyologlar\u0131n \u00f6nc\u00fcleri olan Saint-Simon, Comte, Spencer, Le Play ve Tocqueville, sosyoloji tarihi \u00e7er\u00e7evesinde T\u00fcrkiye&#8217;de ilk kez<span class=\"excerpt-hellip\"> [\u2026]<\/span><\/p>\n","protected":false},"featured_media":0,"template":"","meta":{"_monsterinsights_skip_tracking":false,"_monsterinsights_sitenote_active":false,"_monsterinsights_sitenote_note":"","_monsterinsights_sitenote_category":0},"product_brand":[],"product_cat":[12835,12324],"product_tag":[],"class_list":{"0":"post-706027","1":"product","2":"type-product","3":"status-publish","5":"product_cat-genel-sosyoloji","6":"product_cat-sosyoloji","7":"pa_cilt-ciltsiz","8":"pa_tur-kitap","9":"pa_yayinevi-ani-yayincilik","10":"pa_yazar-sezgin-kizilcelik","12":"first","13":"instock","14":"sale","15":"shipping-taxable","16":"purchasable","17":"product-type-simple"},"_links":{"self":[{"href":"https:\/\/roveyayinevi.com.tr\/index.php\/wp-json\/wp\/v2\/product\/706027","targetHints":{"allow":["GET"]}}],"collection":[{"href":"https:\/\/roveyayinevi.com.tr\/index.php\/wp-json\/wp\/v2\/product"}],"about":[{"href":"https:\/\/roveyayinevi.com.tr\/index.php\/wp-json\/wp\/v2\/types\/product"}],"wp:attachment":[{"href":"https:\/\/roveyayinevi.com.tr\/index.php\/wp-json\/wp\/v2\/media?parent=706027"}],"wp:term":[{"taxonomy":"product_brand","embeddable":true,"href":"https:\/\/roveyayinevi.com.tr\/index.php\/wp-json\/wp\/v2\/product_brand?post=706027"},{"taxonomy":"product_cat","embeddable":true,"href":"https:\/\/roveyayinevi.com.tr\/index.php\/wp-json\/wp\/v2\/product_cat?post=706027"},{"taxonomy":"product_tag","embeddable":true,"href":"https:\/\/roveyayinevi.com.tr\/index.php\/wp-json\/wp\/v2\/product_tag?post=706027"}],"curies":[{"name":"wp","href":"https:\/\/api.w.org\/{rel}","templated":true}]}}