{"id":706025,"date":"2025-08-27T15:51:33","date_gmt":"2025-08-27T12:51:33","guid":{"rendered":"https:\/\/roveyayinevi.com.tr\/index.php\/urun\/okullarda-acil-durum-yonetimi\/"},"modified":"2026-04-16T02:14:35","modified_gmt":"2026-04-15T23:14:35","slug":"okullarda-acil-durum-yonetimi","status":"publish","type":"product","link":"https:\/\/roveyayinevi.com.tr\/index.php\/urun\/okullarda-acil-durum-yonetimi\/","title":{"rendered":"Okullarda Acil Durum Y\u00f6netimi"},"content":{"rendered":"<p>Acil durum, can ve\/veya mal\u0131 tehlikeye sokan ve hemen tepki verilmesi gereken, beklenmedik olaylard\u0131r. Acil durum y\u00f6netiminin amac\u0131; bir acil durum meydana geldi\u011finde hayatlar\u0131 kurtarmak, yaralanmalar\u0131 \u00f6nlemek, m\u00fclk\u00fc ve \u00e7evreyi korumakt\u0131r. Bu \u00e7al\u0131\u015fma bir okulda meydana gelebilecek acil durumun \u00f6nlenmesi, planlanmas\u0131 ve acil durum meydana geldi\u011finde en hasars\u0131z \u015fekilde atlat\u0131lmas\u0131n\u0131 sa\u011flamak \u00fczere yap\u0131lm\u0131\u015ft\u0131r. Okul acil durum y\u00f6netiminin amac\u0131; il\/il\u00e7e e\u011fitim y\u00f6neticileri, okul y\u00f6neticileri. \u00f6\u011fretmenler, okul \u00e7al\u0131\u015fanlar\u0131, \u00f6\u011frenciler, veleiler ve di\u011fer ilgililere, okullarda ve \u00e7evresinde meydana gelen acil durumlarda nas\u0131l davranacaklar\u0131 konusunda yok g\u00f6stermektir. Ayr\u0131ca okul ve \u00e7evresinde meydana gelebilecek her t\u00fcr acil durum \u00f6ncesi, s\u0131ras\u0131 ve sonras\u0131nda al\u0131nmas\u0131 gereken \u00f6nelemleri koordine etmek i\u00e7in haz\u0131rlanan planlara rehberlik etmektir. Okullarda \u015fiddet, intihar, zehirlenme, salg\u0131n hastala\u0131k, deprem, yang\u0131n, k\u00f6t\u00fc hava ko\u015fullar\u0131 (sel,f\u0131rt\u0131na gibi) vb. acil durumlar olabilir.Okullar, bu acil durumlar\u0131n gerektirdi\u011fi y\u00f6netimi sunmaya haz\u0131r olmal\u0131d\u0131r.Okullarda Acil Durum Y\u00f6netimi <\/p>\n","protected":false},"excerpt":{"rendered":"<p>Acil durum, can ve\/veya mal\u0131 tehlikeye sokan ve hemen tepki verilmesi gereken, beklenmedik olaylard\u0131r. Acil durum y\u00f6netiminin amac\u0131; bir acil durum meydana geldi\u011finde hayatlar\u0131 kurtarmak, yaralanmalar\u0131<span class=\"excerpt-hellip\"> [\u2026]<\/span><\/p>\n","protected":false},"featured_media":0,"template":"","meta":{"_monsterinsights_skip_tracking":false,"_monsterinsights_sitenote_active":false,"_monsterinsights_sitenote_note":"","_monsterinsights_sitenote_category":0},"product_brand":[],"product_cat":[12312,12304],"product_tag":[],"class_list":{"0":"post-706025","1":"product","2":"type-product","3":"status-publish","5":"product_cat-diger","6":"product_cat-tarih","7":"pa_cilt-ciltsiz","8":"pa_tur-kitap","9":"pa_yayinevi-ani-yayincilik","10":"pa_yazar-kazim-celik","12":"first","13":"instock","14":"sale","15":"shipping-taxable","16":"purchasable","17":"product-type-simple"},"_links":{"self":[{"href":"https:\/\/roveyayinevi.com.tr\/index.php\/wp-json\/wp\/v2\/product\/706025","targetHints":{"allow":["GET"]}}],"collection":[{"href":"https:\/\/roveyayinevi.com.tr\/index.php\/wp-json\/wp\/v2\/product"}],"about":[{"href":"https:\/\/roveyayinevi.com.tr\/index.php\/wp-json\/wp\/v2\/types\/product"}],"wp:attachment":[{"href":"https:\/\/roveyayinevi.com.tr\/index.php\/wp-json\/wp\/v2\/media?parent=706025"}],"wp:term":[{"taxonomy":"product_brand","embeddable":true,"href":"https:\/\/roveyayinevi.com.tr\/index.php\/wp-json\/wp\/v2\/product_brand?post=706025"},{"taxonomy":"product_cat","embeddable":true,"href":"https:\/\/roveyayinevi.com.tr\/index.php\/wp-json\/wp\/v2\/product_cat?post=706025"},{"taxonomy":"product_tag","embeddable":true,"href":"https:\/\/roveyayinevi.com.tr\/index.php\/wp-json\/wp\/v2\/product_tag?post=706025"}],"curies":[{"name":"wp","href":"https:\/\/api.w.org\/{rel}","templated":true}]}}