{"id":706024,"date":"2025-08-27T15:51:33","date_gmt":"2025-08-27T12:51:33","guid":{"rendered":"https:\/\/roveyayinevi.com.tr\/index.php\/urun\/echonun-kemikleri\/"},"modified":"2026-04-16T02:14:35","modified_gmt":"2026-04-15T23:14:35","slug":"echonun-kemikleri","status":"publish","type":"product","link":"https:\/\/roveyayinevi.com.tr\/index.php\/urun\/echonun-kemikleri\/","title":{"rendered":"Echo&#8217;nun Kemikleri"},"content":{"rendered":"<p>\u0130nsan tekinin y\u00fcre\u011findeki ve zihnindeki kimi karanl\u0131k yerlere dokunuyor Samuel Beckett bu eserinde: \u00d6l\u00fcm, hayat, do\u011fa, varl\u0131k, eylem, zaman, anlam\u2026 Bu eski fakat h\u00e2l\u00e2 etkisini s\u00fcrd\u00fcren puslu alanlara elindeki ne\u015fterle ince kesikler at\u0131yor Beckett; insani varo\u015fulun gelip ge\u00e7icili\u011fine, de\u011fersizli\u011fine, anlams\u0131zl\u0131\u011f\u0131na ili\u015fkin duygu ve d\u00fc\u015f\u00fcnceler de i\u015fte bu ne\u015fter kesiklerinden s\u0131z\u0131yor. S\u0131zmalara patlatmalar e\u015flik etmiyor, aksine asude bir ak\u0131\u015f s\u00f6z konusu. \u0130niltiyi and\u0131ran, k\u0131r\u0131l\u0131p da\u011f\u0131lan kelimelerse hep ayn\u0131 k\u00f6r noktaya, yani \u00f6l\u00fcm\u00fcn so\u011fuk zaferine ula\u015f\u0131yor, ama \u00f6l\u00fcm toprak alt\u0131nda dahi ruhlara huzur vermiyor: \ufffcTan\u0131t\u0131m Metni<\/p>\n","protected":false},"excerpt":{"rendered":"<p>\u0130nsan tekinin y\u00fcre\u011findeki ve zihnindeki kimi karanl\u0131k yerlere dokunuyor Samuel Beckett bu eserinde: \u00d6l\u00fcm, hayat, do\u011fa, varl\u0131k, eylem, zaman, anlam\u2026 Bu eski fakat h\u00e2l\u00e2 etkisini s\u00fcrd\u00fcren<span class=\"excerpt-hellip\"> [\u2026]<\/span><\/p>\n","protected":false},"featured_media":0,"template":"","meta":{"_monsterinsights_skip_tracking":false,"_monsterinsights_sitenote_active":false,"_monsterinsights_sitenote_note":"","_monsterinsights_sitenote_category":0},"product_brand":[],"product_cat":[12777,12291],"product_tag":[],"class_list":{"0":"post-706024","1":"product","2":"type-product","3":"status-publish","5":"product_cat-deneme","6":"product_cat-edebiyat","7":"pa_cilt-ciltsiz","8":"pa_tur-kitap","9":"pa_yayinevi-ayrinti-yayinlari","10":"pa_yazar-samuel-beckett","12":"first","13":"instock","14":"sale","15":"shipping-taxable","16":"purchasable","17":"product-type-simple"},"_links":{"self":[{"href":"https:\/\/roveyayinevi.com.tr\/index.php\/wp-json\/wp\/v2\/product\/706024","targetHints":{"allow":["GET"]}}],"collection":[{"href":"https:\/\/roveyayinevi.com.tr\/index.php\/wp-json\/wp\/v2\/product"}],"about":[{"href":"https:\/\/roveyayinevi.com.tr\/index.php\/wp-json\/wp\/v2\/types\/product"}],"wp:attachment":[{"href":"https:\/\/roveyayinevi.com.tr\/index.php\/wp-json\/wp\/v2\/media?parent=706024"}],"wp:term":[{"taxonomy":"product_brand","embeddable":true,"href":"https:\/\/roveyayinevi.com.tr\/index.php\/wp-json\/wp\/v2\/product_brand?post=706024"},{"taxonomy":"product_cat","embeddable":true,"href":"https:\/\/roveyayinevi.com.tr\/index.php\/wp-json\/wp\/v2\/product_cat?post=706024"},{"taxonomy":"product_tag","embeddable":true,"href":"https:\/\/roveyayinevi.com.tr\/index.php\/wp-json\/wp\/v2\/product_tag?post=706024"}],"curies":[{"name":"wp","href":"https:\/\/api.w.org\/{rel}","templated":true}]}}