{"id":706022,"date":"2025-08-27T15:51:32","date_gmt":"2025-08-27T12:51:32","guid":{"rendered":"https:\/\/roveyayinevi.com.tr\/index.php\/urun\/okul-deneyimi-ve-ogretmenlik-uygulamasi\/"},"modified":"2026-04-16T02:14:35","modified_gmt":"2026-04-15T23:14:35","slug":"okul-deneyimi-ve-ogretmenlik-uygulamasi","status":"publish","type":"product","link":"https:\/\/roveyayinevi.com.tr\/index.php\/urun\/okul-deneyimi-ve-ogretmenlik-uygulamasi\/","title":{"rendered":"Okul Deneyimi ve \u00d6\u011fretmenlik Uygulamas\u0131"},"content":{"rendered":"<p>Bu kitab\u0131n amac\u0131, \u00f6\u011fretmen yeti\u015ftirmede en \u00e7ok g\u00fc\u00e7l\u00fck \u00e7ekilen alanlardan biri olan Okul Deneyimi ve \u00d6\u011fretmenlik Uygulamas\u0131 dersleri s\u0131ras\u0131nda uygulama okullar\u0131nda ve e\u011fitim fak\u00fcltelerindemi derslerde \u00f6\u011fretmen adaylar\u0131na a\u015famal\u0131 ve a\u00e7\u0131k bir \u015fekilde rehberliketmeye \u00e7al\u0131\u015fmakt\u0131r. Kitapta sunulan \u00f6devler \u00f6\u011fretmen adaylar\u0131n\u0131n, birey olarak \u00f6\u011frencilerle en etkili \u015fekilde nas\u0131l \u00e7al\u0131\u015fabileceklerini anlamalar\u0131na yard\u0131m etmektir. <\/p>\n","protected":false},"excerpt":{"rendered":"<p>Bu kitab\u0131n amac\u0131, \u00f6\u011fretmen yeti\u015ftirmede en \u00e7ok g\u00fc\u00e7l\u00fck \u00e7ekilen alanlardan biri olan Okul Deneyimi ve \u00d6\u011fretmenlik Uygulamas\u0131 dersleri s\u0131ras\u0131nda uygulama okullar\u0131nda ve e\u011fitim fak\u00fcltelerindemi derslerde \u00f6\u011fretmen<span class=\"excerpt-hellip\"> [\u2026]<\/span><\/p>\n","protected":false},"featured_media":0,"template":"","meta":{"_monsterinsights_skip_tracking":false,"_monsterinsights_sitenote_active":false,"_monsterinsights_sitenote_note":"","_monsterinsights_sitenote_category":0},"product_brand":[],"product_cat":[12573,12566],"product_tag":[],"class_list":{"0":"post-706022","1":"product","2":"type-product","3":"status-publish","5":"product_cat-akademik-kitaplar","6":"product_cat-egitim","7":"pa_cilt-ciltsiz","8":"pa_tur-kitap","9":"pa_yayinevi-ani-yayincilik","10":"pa_yazar-rifat-efe","12":"first","13":"instock","14":"sale","15":"shipping-taxable","16":"purchasable","17":"product-type-simple"},"_links":{"self":[{"href":"https:\/\/roveyayinevi.com.tr\/index.php\/wp-json\/wp\/v2\/product\/706022","targetHints":{"allow":["GET"]}}],"collection":[{"href":"https:\/\/roveyayinevi.com.tr\/index.php\/wp-json\/wp\/v2\/product"}],"about":[{"href":"https:\/\/roveyayinevi.com.tr\/index.php\/wp-json\/wp\/v2\/types\/product"}],"wp:attachment":[{"href":"https:\/\/roveyayinevi.com.tr\/index.php\/wp-json\/wp\/v2\/media?parent=706022"}],"wp:term":[{"taxonomy":"product_brand","embeddable":true,"href":"https:\/\/roveyayinevi.com.tr\/index.php\/wp-json\/wp\/v2\/product_brand?post=706022"},{"taxonomy":"product_cat","embeddable":true,"href":"https:\/\/roveyayinevi.com.tr\/index.php\/wp-json\/wp\/v2\/product_cat?post=706022"},{"taxonomy":"product_tag","embeddable":true,"href":"https:\/\/roveyayinevi.com.tr\/index.php\/wp-json\/wp\/v2\/product_tag?post=706022"}],"curies":[{"name":"wp","href":"https:\/\/api.w.org\/{rel}","templated":true}]}}