{"id":706021,"date":"2025-08-27T15:51:32","date_gmt":"2025-08-27T12:51:32","guid":{"rendered":"https:\/\/roveyayinevi.com.tr\/index.php\/urun\/babaniz-ataturk\/"},"modified":"2026-04-16T02:14:35","modified_gmt":"2026-04-15T23:14:35","slug":"babaniz-ataturk","status":"publish","type":"product","link":"https:\/\/roveyayinevi.com.tr\/index.php\/urun\/babaniz-ataturk\/","title":{"rendered":"Baban\u0131z Atat\u00fcrk"},"content":{"rendered":"<p>Her birinizin bir babas\u0131 ve bir annesi var. Onlar olmasa idi d\u00fcnyaya gelemezdiniz. E\u011fer Atat\u00fcrk, milletinin ve ordular\u0131n\u0131n ba\u015f\u0131nda Anadolu sava\u015flar\u0131n\u0131 kazanmasa idi, bu d\u00fcnyada vatans\u0131z ve h\u00fcrriyetsiz kal\u0131rd\u0131n\u0131z. As\u0131l \u00f6ks\u00fczl\u00fck budur. Onun i\u00e7in kitaba Baban\u0131z Atat\u00fcrk ad\u0131n\u0131 koydum. Hayat\u0131n\u0131z\u0131 ana-baban\u0131za, h\u00fcr, \u015fanl\u0131 ve \u015ferefli T\u00fcrkl\u00fc\u011f\u00fcn\u00fcz\u00fc Atat\u00fcrk\u2019e bor\u00e7lusunuz. Size, baban\u0131z Atat\u00fcrk\u2019\u00fcn nas\u0131l yeti\u015fti\u011fini, neler yapt\u0131\u011f\u0131n\u0131, nas\u0131l bir insan oldu\u011funu anlatmak istiyorum. Onunla, ni\u00e7in \u00f6v\u00fcnd\u00fc\u011f\u00fcn\u00fcz\u00fc, nas\u0131l onun gibi olaca\u011f\u0131n\u0131z\u0131 \u00f6\u011frenmeniz umuduyla. <\/p>\n","protected":false},"excerpt":{"rendered":"<p>Her birinizin bir babas\u0131 ve bir annesi var. Onlar olmasa idi d\u00fcnyaya gelemezdiniz. E\u011fer Atat\u00fcrk, milletinin ve ordular\u0131n\u0131n ba\u015f\u0131nda Anadolu sava\u015flar\u0131n\u0131 kazanmasa idi, bu d\u00fcnyada vatans\u0131z<span class=\"excerpt-hellip\"> [\u2026]<\/span><\/p>\n","protected":false},"featured_media":0,"template":"","meta":{"_monsterinsights_skip_tracking":false,"_monsterinsights_sitenote_active":false,"_monsterinsights_sitenote_note":"","_monsterinsights_sitenote_category":0},"product_brand":[],"product_cat":[13701,12291],"product_tag":[],"class_list":{"0":"post-706021","1":"product","2":"type-product","3":"status-publish","5":"product_cat-ani-mektup-gunluk","6":"product_cat-edebiyat","7":"pa_cilt-ciltsiz","8":"pa_tur-kitap","9":"pa_yayinevi-pozitif-yayinlari","10":"pa_yazar-falih-rifki-atay","12":"first","13":"instock","14":"sale","15":"shipping-taxable","16":"purchasable","17":"product-type-simple"},"_links":{"self":[{"href":"https:\/\/roveyayinevi.com.tr\/index.php\/wp-json\/wp\/v2\/product\/706021","targetHints":{"allow":["GET"]}}],"collection":[{"href":"https:\/\/roveyayinevi.com.tr\/index.php\/wp-json\/wp\/v2\/product"}],"about":[{"href":"https:\/\/roveyayinevi.com.tr\/index.php\/wp-json\/wp\/v2\/types\/product"}],"wp:attachment":[{"href":"https:\/\/roveyayinevi.com.tr\/index.php\/wp-json\/wp\/v2\/media?parent=706021"}],"wp:term":[{"taxonomy":"product_brand","embeddable":true,"href":"https:\/\/roveyayinevi.com.tr\/index.php\/wp-json\/wp\/v2\/product_brand?post=706021"},{"taxonomy":"product_cat","embeddable":true,"href":"https:\/\/roveyayinevi.com.tr\/index.php\/wp-json\/wp\/v2\/product_cat?post=706021"},{"taxonomy":"product_tag","embeddable":true,"href":"https:\/\/roveyayinevi.com.tr\/index.php\/wp-json\/wp\/v2\/product_tag?post=706021"}],"curies":[{"name":"wp","href":"https:\/\/api.w.org\/{rel}","templated":true}]}}